{"id":91636,"date":"2026-03-30T14:44:42","date_gmt":"2026-03-30T12:44:42","guid":{"rendered":"https:\/\/archacademy.it\/?post_type=product&#038;p=91636"},"modified":"2026-03-31T17:03:26","modified_gmt":"2026-03-31T15:03:26","slug":"baukultur-fur-alle-stadtplanung-als-gesamtwerk","status":"publish","type":"product","link":"https:\/\/archacademy.it\/de\/prodotto\/baukultur-fur-alle-stadtplanung-als-gesamtwerk\/","title":{"rendered":"BAUKULTUR F\u00dcR ALLE!? Stadtplanung als Gesamtwerk"},"content":{"rendered":"","protected":false},"excerpt":{"rendered":"<h2>Interdisziplin\u00e4re Strategien f\u00fcr eine lebenswerte Baukultur<\/h2>\n<p>Die Architekturstiftung S\u00fcdtirol l\u00e4dt Sie ganz herzlich zum n\u00e4chsten Abend der digitalen Veranstaltungsreihe <span class=\"fontstyle0\">\u00bbBaukultur, Landschaft und Raumordnung\u00ab ein, welche bereits seit 3 Jahren l\u00e4uft und die Bev\u00f6lkerung, die\u00a0<\/span><span class=\"fontstyle0\">Techniker und die Politiker zu diesem Thema sensibilisieren m\u00f6chte.<\/span><\/p>\n<p>Im Referat der Stadtplanung arbeiten wir sehr interdisziplin\u00e4r und ma\u00dfstabs\u00fcbergreifend:\u00a0von der Stadtentwicklung \u00fcber die vorbereitende und verbindliche Bauleitplanung mit st\u00e4dtebaulichen Vertr\u00e4gen, dem St\u00e4dtebau mit dem Wettbewerbswesen, Arten- und Naturschutzma\u00dfnahmen, Partizipation, Orts- und Landschaftsbild bis zur Stadtsanierung ist der Blumenstrau\u00df an Aufgaben bunt geschm\u00fcckt.<\/p>\n<p><strong>Programma | Programm:<\/strong><\/p>\n<ul>\n<li>Einleitende Worte, <strong>Raumplaner Philipp Rier<\/strong><\/li>\n<li>Vortrag von <strong>Maximilian Tobisch<\/strong><span class=\"fontstyle0\">, DE<\/span><\/li>\n<li>Fragen und Diskussion<\/li>\n<\/ul>\n<p><strong>Conducono | Moderation<\/strong>:<br \/>\nArch. Margot Wittig | Arch. Marlene Roner | Raumplaner Philipp Rier<\/p>\n<p>Tedesco (senza traduzione) | Deutsch (ohne \u00dcbersetzung)<\/p>\n<p><a href=\"https:\/\/stiftung.arch.bz.it\/de\/\" target=\"_blank\" rel=\"noopener noreferrer\">Architekturstiftung S\u00fcdtirol<\/a><br \/>\n<a href=\"mailto:stiftung@arch.bz.it\">stiftung@arch.bz.it<\/a><br \/>\n0471 301751<\/p>\n<p>In collaborazione con | In Zusammenarbeit mit<\/p>\n<p><img decoding=\"async\" class=\"\" src=\"https:\/\/archacademy.it\/wp-content\/uploads\/2025\/11\/Heimatpflegeverband-1.jpg\" width=\"434\" height=\"175\" \/><\/p>\n<p>Con il gentile sostegno di | Mit freundlicher Unterst\u00fctzung von<\/p>\n<p><img decoding=\"async\" class=\"\" src=\"https:\/\/archacademy.it\/wp-content\/uploads\/2025\/10\/AutonomeProvinz.png\" width=\"475\" height=\"119\" \/><\/p>\n","protected":false},"author":92727,"featured_media":85022,"comment_status":"closed","ping_status":"closed","template":"","meta":{"_expiration-date-status":"","_expiration-date":0,"_expiration-date-type":"","_expiration-date-categories":[],"_expiration-date-options":[]},"product_cat":[297,30],"product_tag":[],"class_list":{"0":"post-91636","1":"product","2":"type-product","3":"status-publish","4":"has-post-thumbnail","6":"product_cat-architettura","7":"product_cat-webinars","8":"myxclima-home","9":"tm-has-options","11":"first","12":"outofstock","13":"virtual","14":"sold-individually","15":"taxable","16":"purchasable","17":"product-type-simple"},"_links":{"self":[{"href":"https:\/\/archacademy.it\/de\/wp-json\/wp\/v2\/product\/91636"}],"collection":[{"href":"https:\/\/archacademy.it\/de\/wp-json\/wp\/v2\/product"}],"about":[{"href":"https:\/\/archacademy.it\/de\/wp-json\/wp\/v2\/types\/product"}],"author":[{"embeddable":true,"href":"https:\/\/archacademy.it\/de\/wp-json\/wp\/v2\/users\/92727"}],"replies":[{"embeddable":true,"href":"https:\/\/archacademy.it\/de\/wp-json\/wp\/v2\/comments?post=91636"}],"wp:featuredmedia":[{"embeddable":true,"href":"https:\/\/archacademy.it\/de\/wp-json\/wp\/v2\/media\/85022"}],"wp:attachment":[{"href":"https:\/\/archacademy.it\/de\/wp-json\/wp\/v2\/media?parent=91636"}],"wp:term":[{"taxonomy":"product_cat","embeddable":true,"href":"https:\/\/archacademy.it\/de\/wp-json\/wp\/v2\/product_cat?post=91636"},{"taxonomy":"product_tag","embeddable":true,"href":"https:\/\/archacademy.it\/de\/wp-json\/wp\/v2\/product_tag?post=91636"}],"curies":[{"name":"wp","href":"https:\/\/api.w.org\/{rel}","templated":true}]}}