{"id":89629,"date":"2025-10-02T10:26:34","date_gmt":"2025-10-02T08:26:34","guid":{"rendered":"https:\/\/archacademy.it\/?post_type=product&#038;p=89629"},"modified":"2025-11-13T12:15:57","modified_gmt":"2025-11-13T11:15:57","slug":"architektur-mit-system-headquarter-bsv","status":"publish","type":"product","link":"https:\/\/archacademy.it\/de\/prodotto\/architektur-mit-system-headquarter-bsv\/","title":{"rendered":"Architektur mit System &#8211; Headquarter BSV"},"content":{"rendered":"","protected":false},"excerpt":{"rendered":"<p>Im Rahmen des Vortrags pr\u00e4sentiert der <strong>Architekt Stephan Marx<\/strong> das Planungskonzept f\u00fcr das neue Headquarter der Firma BSV in Schlanders und gibt Einblicke in den gesamten Planungsprozess \u00fcber die Entwicklung spezifischer Designl\u00f6sungen bis hin zur finalen Umsetzung.<br \/>\nBesondere Schwerpunkte liegen auf der Integration \u00e4sthetischer und funktionaler Anforderungen, dem Datenaustausch in 3D sowie der nachhaltigen Bauweise, welche die Nutzung innovativer Betonfertigteile umfasst.<\/p>\n<p><strong>Programma | Programm<\/strong><\/p>\n<p>&#8211; Kurze Vorstellung und Einblick in die T\u00e4tigkeitsbereiche der Firma BSV und der Firma PROGRESS; \u2013 Stefan Rechenmacher &#8211; Gesch\u00e4ftsf\u00fchrer BSV, Piero Bernab\u00e9 Gesch\u00e4ftsf\u00fchrer Progress<br \/>\n<strong>Vortrag Arch. Stephan Marx<br \/>\n<\/strong>&#8211; Konzeptentwicklung: Einf\u00fchrung in die Grundidee und Designphilosophie, die die \u00e4sthetische und funktionale Gestaltung des Geb\u00e4udes leiten.<br \/>\n&#8211; Einsatz von Betonfertigteilen:<br \/>\n&#8212; Erkl\u00e4rung der Betonfertigteil-Technologien, die eingesetzt wurden.<br \/>\n&#8212; Vorteile wie Zeit- und Kosteneffizienz, Pr\u00e4zision und Nachhaltigkeit<br \/>\n&#8211; Technische Spezifikationen:<br \/>\n&#8212; Beschreibung der Materialeigenschaften<br \/>\n&#8212; Darstellung der Anpassungsf\u00e4higkeit der Teile an das architektonische Design<br \/>\n&#8211; Planungsintegration:<br \/>\n&#8212; Wie die Fertigteile nahtlos in die gesamte Bauplanung integriert wurden.<br \/>\n&#8212; Koordinierung zwischen Architektur-, Ingenieur- und Montageteams.<br \/>\n&#8211; Nachhaltigkeit:<br \/>\n&#8212; Ma\u00dfnahmen zur Reduktion des \u00f6kologischen Fu\u00dfabdrucks<br \/>\n&#8212; Einsatz von energieeffizienten Materialien und Techniken<br \/>\n&#8211; Herausforderungen und L\u00f6sungen:<br \/>\n&#8212; Diskussion der technischen und logistischen Herausforderungen w\u00e4hrend der Planung und Bauphase.<\/p>\n<p><strong>Anschlie\u00dfend F\u00fchrungen durch das Geb\u00e4ude und Aperitif<br \/>\n<\/strong><\/p>\n<p>&nbsp;<\/p>\n<div class=\"messaggio\"><strong>Da es direkt am Veranstaltungsort keine Parkm\u00f6glichkeit gibt, bitte wir euch <a class=\"link\" href=\"https:\/\/www.google.com\/maps\/place\/46%C2%B037'40.1%22N+10%C2%B046'51.4%22E\/@46.6278056,10.7809444,746m\/data=!3m2!1e3!4b1!4m4!3m3!8m2!3d46.6278056!4d10.7809444?entry=ttu&amp;g_ep=EgoyMDI1MTAyMC4wIKXMDSoASAFQAw%3D%3D\" target=\"_blank\" rel=\"noopener\">HIER<\/a> (Sportzone Schlanders) zu parken.<br \/>\n<\/strong><br \/>\n<strong>Zudem kommt es wegen Bauarbeiten in diesem Stra\u00dfenabschnitt zu Behinderungen. Alle Angaben dazu findet ihr <a class=\"link\"http:\/\/archacademy.it\/wp-content\/uploads\/2025\/11\/Umfahrung-Sportzone.pdf \" target=\"_blank\" rel=\"noopener\">HIER<\/a><\/strong><\/div>\n<p>&nbsp;<\/p>\n<p><strong>Lingua | Sprache:<\/strong><br \/>\nTedesco (senza traduzione) | Deutsch (ohne \u00dcbersetzung)<\/p>\n<p><strong>Crediti formativi professionali previsti per | Berufliche Fortbildungs-Credits f\u00fcr:<\/strong><\/p>\n<ul>\n<li>Architetti BZ | Architekten BZ: 2 CFP |\u00a0 BFC<\/li>\n<li>Ingegneri BZ | Ingenieure BZ:\u00a0 CFP |\u00a0 BFC (richiesti | angefragt)<\/li>\n<li>Geometri BZ | Geometer BZ: CFP |\u00a0 BFC (richiesti | angefragt)<\/li>\n<li>Periti Industriali BZ: CFP |\u00a0 BFC (richiesti | angefragt)<\/li>\n<\/ul>\n<p>Zum Erhalt der Fortbildungs-Credits ist eine Anmeldung \u00fcber diese Anmeldeplattform zwingend notwendig.<\/p>\n<p><strong>Anmeldeschluss<\/strong>: 12\/11\/2025 12:00 Uhr<\/p>\n","protected":false},"author":92727,"featured_media":89633,"comment_status":"closed","ping_status":"closed","template":"","meta":{"_expiration-date-status":"","_expiration-date":0,"_expiration-date-type":"","_expiration-date-categories":[],"_expiration-date-options":[]},"product_cat":[298,267],"product_tag":[],"class_list":{"0":"post-89629","1":"product","2":"type-product","3":"status-publish","4":"has-post-thumbnail","6":"product_cat-architettura-2","7":"product_cat-onsite","8":"myxclima-home","9":"tm-has-options","11":"first","12":"outofstock","13":"downloadable","14":"virtual","15":"sold-individually","16":"taxable","17":"purchasable","18":"product-type-simple"},"_links":{"self":[{"href":"https:\/\/archacademy.it\/de\/wp-json\/wp\/v2\/product\/89629"}],"collection":[{"href":"https:\/\/archacademy.it\/de\/wp-json\/wp\/v2\/product"}],"about":[{"href":"https:\/\/archacademy.it\/de\/wp-json\/wp\/v2\/types\/product"}],"author":[{"embeddable":true,"href":"https:\/\/archacademy.it\/de\/wp-json\/wp\/v2\/users\/92727"}],"replies":[{"embeddable":true,"href":"https:\/\/archacademy.it\/de\/wp-json\/wp\/v2\/comments?post=89629"}],"wp:featuredmedia":[{"embeddable":true,"href":"https:\/\/archacademy.it\/de\/wp-json\/wp\/v2\/media\/89633"}],"wp:attachment":[{"href":"https:\/\/archacademy.it\/de\/wp-json\/wp\/v2\/media?parent=89629"}],"wp:term":[{"taxonomy":"product_cat","embeddable":true,"href":"https:\/\/archacademy.it\/de\/wp-json\/wp\/v2\/product_cat?post=89629"},{"taxonomy":"product_tag","embeddable":true,"href":"https:\/\/archacademy.it\/de\/wp-json\/wp\/v2\/product_tag?post=89629"}],"curies":[{"name":"wp","href":"https:\/\/api.w.org\/{rel}","templated":true}]}}