{"id":89303,"date":"2025-09-12T13:23:49","date_gmt":"2025-09-12T11:23:49","guid":{"rendered":"https:\/\/archacademy.it\/?post_type=product&#038;p=89303"},"modified":"2025-10-28T13:20:00","modified_gmt":"2025-10-28T12:20:00","slug":"vivius-jahresfachtagung-2025","status":"publish","type":"product","link":"https:\/\/archacademy.it\/de\/prodotto\/vivius-jahresfachtagung-2025\/","title":{"rendered":"VIVIUS JAHRESFACHTAGUNG 2025"},"content":{"rendered":"","protected":false},"excerpt":{"rendered":"<p class=\"p60 f340\">Wie k\u00f6nnen wir\u00a0<strong>einfacher, gerechter und leistbarer bauen<\/strong>\u00a0\u2013 ohne an Qualit\u00e4t, Gemeinschaft oder Zukunftsf\u00e4higkeit zu verlieren? Diese Tagung bringt Vordenker:innen aus Architektur, Forschung und innovativer Praxis zusammen, die sich mit einer klaren Haltung f\u00fcr \u201eEinfaches Bauen\u201c im umfassenden Sinn einsetzen:\u00a0<strong>radikal menschlich, \u00f6kologisch vern\u00fcnftig und suffizient wirksam<\/strong>.<\/p>\n<p class=\"p60 f341\">Ob mit lokalen Rohstoffen, w\u00fcrdevoller Ressourceninanspruchnahme oder zirkul\u00e4ren Bauteilen \u2013 alle Beitr\u00e4ge der Tagung eint der Wunsch,\u00a0<strong>Komplexit\u00e4t nicht k\u00fcnstlich zu steigern<\/strong>, sondern\u00a0<strong>intelligent zu reduzieren<\/strong>: auf das, was Menschen wirklich brauchen, um gut leben und leistbar wohnen zu k\u00f6nnen.<\/p>\n<p class=\"p60 f340\">Die Tagung versteht sich als B\u00fchne f\u00fcr zukunftsf\u00e4higes Bauen und als Pl\u00e4doyer f\u00fcr differenziertes Denken, gegen simple Reduktion:\u00a0<strong>Wie k\u00f6nnen wir gemeinsam an einer Kultur des Einfachen bauen \u2013 jenseits von Vereinfachung?<\/strong><\/p>\n<p><strong>F\u00fcr die komplette Information siehe &lt;&lt;<a href=\"https:\/\/archacademy.it\/vivius-jahresfachtagung-2025\/\" target=\"_blank\" rel=\"noopener\">HIER<\/a>&gt;&gt;<\/strong><\/p>\n","protected":false},"author":94,"featured_media":89406,"comment_status":"closed","ping_status":"closed","template":"","meta":{"_expiration-date-status":"","_expiration-date":0,"_expiration-date-type":"","_expiration-date-categories":[],"_expiration-date-options":[]},"product_cat":[298,267],"product_tag":[],"class_list":{"0":"post-89303","1":"product","2":"type-product","3":"status-publish","4":"has-post-thumbnail","6":"product_cat-architettura-2","7":"product_cat-onsite","8":"myxclima-home","9":"tm-has-options","11":"first","12":"outofstock","13":"downloadable","14":"virtual","15":"sold-individually","16":"taxable","17":"purchasable","18":"product-type-simple"},"_links":{"self":[{"href":"https:\/\/archacademy.it\/de\/wp-json\/wp\/v2\/product\/89303"}],"collection":[{"href":"https:\/\/archacademy.it\/de\/wp-json\/wp\/v2\/product"}],"about":[{"href":"https:\/\/archacademy.it\/de\/wp-json\/wp\/v2\/types\/product"}],"author":[{"embeddable":true,"href":"https:\/\/archacademy.it\/de\/wp-json\/wp\/v2\/users\/94"}],"replies":[{"embeddable":true,"href":"https:\/\/archacademy.it\/de\/wp-json\/wp\/v2\/comments?post=89303"}],"wp:featuredmedia":[{"embeddable":true,"href":"https:\/\/archacademy.it\/de\/wp-json\/wp\/v2\/media\/89406"}],"wp:attachment":[{"href":"https:\/\/archacademy.it\/de\/wp-json\/wp\/v2\/media?parent=89303"}],"wp:term":[{"taxonomy":"product_cat","embeddable":true,"href":"https:\/\/archacademy.it\/de\/wp-json\/wp\/v2\/product_cat?post=89303"},{"taxonomy":"product_tag","embeddable":true,"href":"https:\/\/archacademy.it\/de\/wp-json\/wp\/v2\/product_tag?post=89303"}],"curies":[{"name":"wp","href":"https:\/\/api.w.org\/{rel}","templated":true}]}}