{"id":89172,"date":"2025-09-10T15:52:14","date_gmt":"2025-09-10T13:52:14","guid":{"rendered":"https:\/\/archacademy.it\/?post_type=product&#038;p=89172"},"modified":"2025-10-21T15:23:30","modified_gmt":"2025-10-21T13:23:30","slug":"rinnovare-gli-edifici-esistenti-le-patologie-edilizie-piu-comuni","status":"publish","type":"product","link":"https:\/\/archacademy.it\/de\/prodotto\/rinnovare-gli-edifici-esistenti-le-patologie-edilizie-piu-comuni\/","title":{"rendered":"Rinnovare gli edifici esistenti &#8211; Le patologie edilizie pi\u00f9 comuni"},"content":{"rendered":"","protected":false},"excerpt":{"rendered":"<h2><span class=\"fontstyle0\">Cause e possibili soluzioni<br \/>\ntecniche per la riqualificazione termo-acustica del nodo finestra e sistemi per la qualit\u00e0 dell\u2019aria indoor.<\/span><\/h2>\n<p>Il patrimonio edilizio esistente rappresenta una risorsa preziosa, ma spesso porta con s\u00e9 criticit\u00e0 legate a difetti costruttivi o al naturale degrado dei materiali. Analizzare le patologie edilizie pi\u00f9 comuni consente di comprenderne le cause e individuare soluzioni mirate, migliorando efficienza e comfort. Interventi mirati sul nodo finestra e sistemi innovativi per la qualit\u00e0 dell\u2019aria indoor aprono la strada a una riqualificazione termo-acustica pi\u00f9 sostenibile e duratura.<\/p>\n<p><strong style=\"font-size: 14px;\">Programma<br \/>\n<\/strong><\/p>\n<p>&#8211; Saluti introduttivi<br \/>\n&#8211; <strong>Le\u00a0 <\/strong><span class=\"fontstyle0\"><strong>patologie edilizie (outdoor\/indoor) pi\u00f9 frequenti negli edifici &#8211; Mosconi Giuseppe<\/strong>, Esperto in patologie edili<br \/>\nVerranno descritte alcune delle patologie edilizie (outdoor\/indoor) pi\u00f9 frequenti negli edifici, con focus particolare su casistiche post-interventi di riqualificazione energetica. Il relatore descriver\u00e0 non solo il degrado edile e la riduzione del comfort indoor, ma riporter\u00e0 anche le soluzioni adottate per limitare o eliminare completamente le problematiche. Una parte di questo intervento sar\u00e0 focalizzata sulle patologie legate a carenze progettuali\/realizzative del foro finestra e ad un inadeguato comfort aria indoor.<\/span><\/p>\n<p>&#8211; <strong>Il quadro normativo legato alla gestione foro finestra &#8211; Alessandro Benedetti<\/strong>, Technical Advisor Alpac<br \/>\n<span class=\"fontstyle0\">Verr\u00e0 descritto il quadro normativo legato alla gestione foro finestra (UNI 11673\/1, UNI 10818) e verranno descritte le possibili applicazioni nel campo della riqualificazione edilizia. Sar\u00e0 data importanza alle prestazioni termo-acustiche e di tenuta aria-acqua e dei relativi test reports. Saranno riportati vari esempi di progettazione dei nodi, con riferimento anche a casi studio reali. Infine verr\u00e0 contestualizzato il foro finestra nell\u2019ambito della progettazione al fuoco di facciata (le nuove RTV nel Codice di Prevenzioni Incendi)<\/span><\/p>\n<p>&#8211; <strong><span class=\"fontstyle0\">Il degrado della qualit\u00e0 aria indoor<\/span> &#8211; Nicola Pavan<\/strong>, Product manager Helty<br \/>\n<span class=\"fontstyle0\">Verr\u00e0 dato risalto al degrado della qualit\u00e0 aria indoor, in particolare legata agli interventi di efficientamento energetico ed alla presenza di gas radon negli edifici esistenti. Saranno confrontate le varie tecnologie disponibili per il miglioramento dell\u2019aria e le conseguenze benefiche per gli individui. Verranno presentati casi studio in ambito di riqualificazione.<\/span><\/p>\n<p>Al termine di ogni parte verr\u00e0 dato spazio alle domande dei partecipanti.<\/p>\n<p>&nbsp;<\/p>\n<p><strong>Lingua | Sprache:<\/strong><br \/>\n<b>Italiano <\/b>(senza traduzione) | <b>Italienisch <\/b>(ohne \u00dcbersetzung)<\/p>\n<p><strong>Termine Iscrizione | Anmeldeschluss:<\/strong><br \/>\n06\/10\/2025<\/p>\n<p><strong>Si prega di notare: con l\u2019iscrizione si occupa uno dei posti disponibili. Pertanto l\u2019iscrizione \u00e8 richiesta solo in caso di effettiva partecipazione. Qualora, inaspettatamente, non fosse pi\u00f9 possibile partecipare, si prega di inviare una disdetta scritta a <a class=\"decorated-link cursor-pointer\" rel=\"noopener\" data-start=\"348\" data-end=\"367\">info@archacademy.it<\/a> almeno 48 ore prima. Grazie.<\/strong><\/p>\n<p><strong>Crediti formativi professionali previsti per:<\/strong><br \/>\nArchitetti: 4 CFB | BFC<span style=\"color: #ff0000;\"><strong>\u00a0<\/strong><\/span><br \/>\nGeometri BZ:\u00a0 4 CFP | BFC (richiesti)<br \/>\nPeriti Industriali:\u00a0 4 CFP | BFC (richiesti)<br \/>\nIngegneri BZ:\u00a0 \u00a0CFP | BFC (richiesti)<\/p>\n<p>&nbsp;<\/p>\n<p>Le aziende che supportano l\u2019iniziativa presenteranno anche delle loro soluzioni, offrendo spunti pratici a complemento degli interventi tecnici.<\/p>\n<p><img decoding=\"async\" class=\"alignnone\" src=\"https:\/\/archacademy.it\/wp-content\/uploads\/2025\/09\/alpac-logo.png\" width=\"363\" height=\"87\" \/>\u00a0 \u00a0 \u00a0 \u00a0 \u00a0 \u00a0 <img decoding=\"async\" class=\"alignnone\" src=\"https:\/\/archacademy.it\/wp-content\/uploads\/2025\/09\/Helty_logo_payoff.png\" width=\"349\" height=\"144\" \/><\/p>\n","protected":false},"author":92727,"featured_media":89174,"comment_status":"closed","ping_status":"closed","template":"","meta":{"_expiration-date-status":"","_expiration-date":0,"_expiration-date-type":"","_expiration-date-categories":[],"_expiration-date-options":[]},"product_cat":[298,267],"product_tag":[],"class_list":{"0":"post-89172","1":"product","2":"type-product","3":"status-publish","4":"has-post-thumbnail","6":"product_cat-architettura-2","7":"product_cat-onsite","8":"myxclima-home","9":"tm-has-options","11":"first","12":"outofstock","13":"downloadable","14":"virtual","15":"sold-individually","16":"taxable","17":"purchasable","18":"product-type-simple"},"_links":{"self":[{"href":"https:\/\/archacademy.it\/de\/wp-json\/wp\/v2\/product\/89172"}],"collection":[{"href":"https:\/\/archacademy.it\/de\/wp-json\/wp\/v2\/product"}],"about":[{"href":"https:\/\/archacademy.it\/de\/wp-json\/wp\/v2\/types\/product"}],"author":[{"embeddable":true,"href":"https:\/\/archacademy.it\/de\/wp-json\/wp\/v2\/users\/92727"}],"replies":[{"embeddable":true,"href":"https:\/\/archacademy.it\/de\/wp-json\/wp\/v2\/comments?post=89172"}],"wp:featuredmedia":[{"embeddable":true,"href":"https:\/\/archacademy.it\/de\/wp-json\/wp\/v2\/media\/89174"}],"wp:attachment":[{"href":"https:\/\/archacademy.it\/de\/wp-json\/wp\/v2\/media?parent=89172"}],"wp:term":[{"taxonomy":"product_cat","embeddable":true,"href":"https:\/\/archacademy.it\/de\/wp-json\/wp\/v2\/product_cat?post=89172"},{"taxonomy":"product_tag","embeddable":true,"href":"https:\/\/archacademy.it\/de\/wp-json\/wp\/v2\/product_tag?post=89172"}],"curies":[{"name":"wp","href":"https:\/\/api.w.org\/{rel}","templated":true}]}}