{"id":89113,"date":"2025-09-08T13:18:27","date_gmt":"2025-09-08T11:18:27","guid":{"rendered":"https:\/\/archacademy.it\/?post_type=product&#038;p=89113"},"modified":"2025-10-14T17:45:07","modified_gmt":"2025-10-14T15:45:07","slug":"baukongress-2025","status":"publish","type":"product","link":"https:\/\/archacademy.it\/de\/prodotto\/baukongress-2025\/","title":{"rendered":"Baukongress 2025"},"content":{"rendered":"","protected":false},"excerpt":{"rendered":"<h2><span style=\"font-size: 14px;\">HANDWERK TRIFFT PLANUNG<\/span><\/h2>\n<p>Gemeinsam mit dem Landesverband der Handwerker organisieren wir den Baukongress 2025, der eine Plattform f\u00fcr Branchenexperten bietet, um sich \u00fcber aktuelle Entwicklungen, innovative Technologien und zuk\u00fcnftige Herausforderungen im Bauwesen auszutauschen. Neben Fachvortr\u00e4gen und Podiumsdiskussionen gibt es Networking-M\u00f6glichkeiten, bei denen Teilnehmer wertvolle Kontakte kn\u00fcpfen k\u00f6nnen. Renommierte Referenten pr\u00e4sentieren wegweisende Projekte und L\u00f6sungen, die den Bau von morgen pr\u00e4gen werden.<\/p>\n<p>Das Thema des Kongresses am Vormittag bildet Beton. Ein Baustoff, welcher weltweit verwendet und seit Jahrzehnten die Architektur pr\u00e4gt. Seine Vielseitigkeit reicht von filigranen Bauteilen bis hin zu massiven Tragwerken und er\u00f6ffnet immer neue gestalterische wie technische M\u00f6glichkeiten. Zugleich fordert der verantwortungsvolle Umgang mit Ressourcen dazu auf, Beton zukunftsf\u00e4hig und nachhaltig weiterzudenken.<\/p>\n<p>Am Nachmittag werden Vertreter des Handwerks und Planer \u00fcber die Zusammenarbeit diskutieren. Dabei wird auch die rechtliche Seite beleuchtet.<\/p>\n<p>&nbsp;<\/p>\n<p><strong style=\"font-size: 14px;\">Programma | Programm<br \/>\n<\/strong><\/p>\n<p><strong>09:00<\/strong> &#8211; Registrierung, Empfang mit Sponsorenausstellung<br \/>\n<strong>09:30<\/strong> &#8211; Einleitende Worte &#8211; <strong>Verena Unterberger<\/strong>, Freiberufliche Architektin und Pr\u00e4sidentin archacademy<br \/>\nBegr\u00fc\u00dfung &#8211; <strong>Fritz Ploner<\/strong>, Pr\u00e4sident der Baugruppe LVH<br \/>\n<strong>09:40<\/strong> &#8211; <strong>Beton \u2013 Die Kraft der Fl\u00e4che<br \/>\n<\/strong>Sichtbeton &#8211; Hinweise zur Planung &#8211; <strong>Martin Peck<\/strong>, Ingenieur<br \/>\nJede Aufgabe ist neu zu denken, <strong>Reiner K\u00f6berl<\/strong>, Architekt<br \/>\n<strong>12:00<\/strong> &#8211; Buffet mit Sponsorenaustellung<br \/>\n<strong>13:00<\/strong> &#8211; Begr\u00fc\u00dfung, <strong>Fritz Ploner,<\/strong> Obmann Baugruppe LVH<br \/>\nBegr\u00fc\u00dfung, <strong>Martin Haller<\/strong>, Pr\u00e4sident im LVH<br \/>\nBegr\u00fc\u00dfung, <strong>Wolfgang Thaler<\/strong>, Pr\u00e4sident der Architektenkammer<br \/>\n<strong>14:00<\/strong> &#8211; Gemeinsam Bauen &#8211; Handwerker trifft Planer: Einblicke in die Zusammenarbeit, Vertreter im LVH<br \/>\nDrehpunkt Baustelle &#8211; Rechte und Pflichten von Bauherren, Planern und Bauwirtschaft, Paul Lintner, RA &#8211; Anwaltskanzlei Advocat<br \/>\n<strong>17:00<\/strong> &#8211; Gru\u00df- und Abschlussworte mit anschlie\u00dfendem Fachaustausch bei Buffet<\/p>\n<p><strong>Lingua | Sprache:<br \/>\n<\/strong><b>Tedesco <\/b>(senza traduzione in italiano) | <b>Deutsch <\/b>(ohne \u00dcbersetzung)<\/p>\n<p><strong>Anmeldeschluss (Begrenzte Pl\u00e4tze):<\/strong><br \/>\n24\/09\/2025<br \/>\n<strong>Bitte beachten Sie: Mit Ihrer Anmeldung belegen Sie einen der begrenzten Pl\u00e4tze. Melden Sie sich daher nur an, wenn Ihre Teilnahme wirklich beabsichtigt ist. Sollte trotzdem, unerwartet eine Teilnahme nicht mehr m\u00f6glich sein, bitte wir um eine schriftliche Absage an info@archacademy.it mind. 48 Stunden vorher. Vielen Dank.<\/strong><\/p>\n<p>&nbsp;<\/p>\n<p><strong>Berufliche Fortbildungscredits vorgesehen f\u00fcr:<\/strong><br \/>\n&#8211; Architetti | Architekten : 7 CFP | BFC &#8211; <span style=\"color: #ff0000;\"><strong>davon 4 CFP zur Deontologie<\/strong><\/span><br \/>\n&#8211; Geometri BZ | Geometer BZ: 6 CFP | BFC<br \/>\n&#8211; Periti Industriali BZ:\u00a0 6 CFP |\u00a0 BFC (richiesti | angefragt)<br \/>\n&#8211; Ingegneri BZ | Ingenieure BZ:\u00a0 CFP |\u00a0 BFC (richiesti | angefragt)<\/p>\n<p>&nbsp;<\/p>\n<p>&nbsp;<\/p>\n<p>archacademy bedankt sich f\u00fcr die Unterst\u00fctzung bei:<\/p>\n<p><a href=\"https:\/\/www.caadix.com\/de\" target=\"_blank\" rel=\"noopener\"><img decoding=\"async\" class=\"alignnone\" src=\"https:\/\/archacademy.it\/wp-content\/uploads\/2025\/09\/CAADiX_logo.png\" alt=\"\" width=\"599\" height=\"129\" \/><\/a><\/p>\n<p>&nbsp;<\/p>\n<p>IHR PARTNER F\u00dcR ALLE AUTODESK PRODUKTE.<\/p>\n<p>Wo Planung auf Handwerk trifft, bringt Caadix die L\u00f6sungen.<\/p>\n","protected":false},"author":92727,"featured_media":89123,"comment_status":"closed","ping_status":"closed","template":"","meta":{"_expiration-date-status":"","_expiration-date":0,"_expiration-date-type":"","_expiration-date-categories":[],"_expiration-date-options":[]},"product_cat":[298,285,267],"product_tag":[],"class_list":{"0":"post-89113","1":"product","2":"type-product","3":"status-publish","4":"has-post-thumbnail","6":"product_cat-architettura-2","7":"product_cat-deontologia-2","8":"product_cat-onsite","9":"myxclima-home","10":"tm-has-options","12":"first","13":"outofstock","14":"downloadable","15":"virtual","16":"sold-individually","17":"taxable","18":"purchasable","19":"product-type-simple"},"_links":{"self":[{"href":"https:\/\/archacademy.it\/de\/wp-json\/wp\/v2\/product\/89113"}],"collection":[{"href":"https:\/\/archacademy.it\/de\/wp-json\/wp\/v2\/product"}],"about":[{"href":"https:\/\/archacademy.it\/de\/wp-json\/wp\/v2\/types\/product"}],"author":[{"embeddable":true,"href":"https:\/\/archacademy.it\/de\/wp-json\/wp\/v2\/users\/92727"}],"replies":[{"embeddable":true,"href":"https:\/\/archacademy.it\/de\/wp-json\/wp\/v2\/comments?post=89113"}],"wp:featuredmedia":[{"embeddable":true,"href":"https:\/\/archacademy.it\/de\/wp-json\/wp\/v2\/media\/89123"}],"wp:attachment":[{"href":"https:\/\/archacademy.it\/de\/wp-json\/wp\/v2\/media?parent=89113"}],"wp:term":[{"taxonomy":"product_cat","embeddable":true,"href":"https:\/\/archacademy.it\/de\/wp-json\/wp\/v2\/product_cat?post=89113"},{"taxonomy":"product_tag","embeddable":true,"href":"https:\/\/archacademy.it\/de\/wp-json\/wp\/v2\/product_tag?post=89113"}],"curies":[{"name":"wp","href":"https:\/\/api.w.org\/{rel}","templated":true}]}}