{"id":86925,"date":"2025-04-18T14:24:07","date_gmt":"2025-04-18T12:24:07","guid":{"rendered":"https:\/\/archacademy.it\/?post_type=product&#038;p=86925"},"modified":"2025-05-30T12:49:52","modified_gmt":"2025-05-30T10:49:52","slug":"der-estrich-im-bauwesen-ausgabe-2025-3","status":"publish","type":"product","link":"https:\/\/archacademy.it\/de\/prodotto\/der-estrich-im-bauwesen-ausgabe-2025-3\/","title":{"rendered":"Der Estrich im Bauwesen (Ausgabe 2025 #3)"},"content":{"rendered":"","protected":false},"excerpt":{"rendered":"<p>Eine zielgerechte und korrekte Planung und Dimensionierung des Estrich -Gewerkes nach neuestem Stand der Technik erm\u00f6glicht eine h\u00f6here Effizienz in Ihrem Bauvorhaben und macht das Gewerk zu einer sicheren, zuverl\u00e4ssig planbaren Gr\u00f6\u00dfe.<br \/>\nDie Anforderungen hinsichtlich des Lastfalls, des Oberbelags, der Belegreife, der Fu\u00dfbodenheizung und weitere, unter Ber\u00fccksichtigung der einschl\u00e4gigen Normen, sind dabei ausschlaggebend.<\/p>\n<p><strong>Progamminhalt:<\/strong><\/p>\n<ul>\n<li>Allgemeine Normen<\/li>\n<li>Festlegung der Estrich-Nenndicke und Mindestfestigkeit in Abh\u00e4ngigkeit von der Nutzlast und vom Belag<\/li>\n<li>Dampfbremse<\/li>\n<li>Fugen<\/li>\n<li>Estrich richtig ausschreiben UNI EN 13813<\/li>\n<li>Estrich richtig pr\u00fcfen<\/li>\n<li>Mehr Sicherheit durch zertifizierte Estriche<\/li>\n<\/ul>\n<p><strong>Referenten:<br \/>\nDaniel Rogen<\/strong>, Direktion PCT Italia, Gargazon<\/p>\n<p><strong>Sprache:<br \/>\n<\/strong>Deutsch (ohne \u00dcbersetzungen)<\/p>\n<p style=\"color: orange;\"><strong><br \/>\nDiese Fortbildung ist eine Wiederholung der Fortbildungen vom 13. und 20\/05\/2025. Fortbildungscredits sind nur f\u00fcr eine Teilnahme vorgesehen.<br \/>\nDiese Fortbildung wird auch in italienischer Sprache angeboten. Einschreibungen &lt;&lt;<a style=\"color: orange; text-decoration: none; font-weight: bold;\" href=\"https:\/\/archacademy.it\/prodotto\/il-massetto-nelledilizia-edizione-2025\/\" target=\"_blank\" rel=\"noopener\">HIER<\/a>&gt;&gt;<br \/>\n<\/strong><\/p>\n<p>Es ist ein Mittagessen mit dem Referenten und den Teilnehmern <strong>vor der Fortbildung vorgesehen, Treffpunkt: 12.30 Uhr<\/strong> &#8211; Raffeiner Orchideenwelt, Reichstra\u00dfe 26 &#8211; 39010 Gargazon (BZ). Wir bitten Sie Ihre Anwesenheit am Mittagessen, welcher in der Teilnahmegeb\u00fchr inbegriffen ist, im Zuge der Anmeldung zu best\u00e4tigen.<\/p>\n<p>Parkm\u00f6glichkeiten gibt es an der Orchidenwelt gegen\u00fcber dem Veranstaltungsort. Bitte nutzen Sie die M\u00f6glichkeit der Bildung von Fahrgemeinschaften, welche das Anmeldesystem zur Verf\u00fcgung stellt.<\/p>\n<p>In Zusammenarbeit mit:<\/p>\n<p><a href=\"https:\/\/www.retanol.it\/\"><img decoding=\"async\" class=\"\" src=\"https:\/\/archacademy.it\/wp-content\/uploads\/2021\/01\/RETANOL-SCHRIFTZUG-e1611213006144.jpg\" width=\"235\" height=\"65\" \/><\/a><\/p>\n<p><strong>Berufliche Fortbildungscredits vorgesehen f\u00fcr:<\/strong><br \/>\nArchitekten: 4 CFP | BFC<br \/>\nIngenieure BZ:\u00a0 CFP |\u00a0 BFC<br \/>\nGeometer BZ: 4 CFP |\u00a0 BFC<br \/>\nPeriti Industriali BZ:\u00a0 4 CFP |\u00a0 BFC<br \/>\nDipl. Agrartechniker:\u00a0 CFP |\u00a0 BFC (angefragt)<br \/>\nAgronomen und Forstwirte: CFP |\u00a0 BFC (angefragt)<br \/>\nGeologen:\u00a0 CFP |\u00a0 BFC (angefragt)<\/p>\n","protected":false},"author":92727,"featured_media":61331,"comment_status":"closed","ping_status":"closed","template":"","meta":{"_expiration-date-status":"","_expiration-date":0,"_expiration-date-type":"","_expiration-date-categories":[],"_expiration-date-options":[]},"product_cat":[298,267],"product_tag":[],"class_list":{"0":"post-86925","1":"product","2":"type-product","3":"status-publish","4":"has-post-thumbnail","6":"product_cat-architettura-2","7":"product_cat-onsite","8":"myxclima-home","9":"tm-has-options","11":"first","12":"outofstock","13":"downloadable","14":"virtual","15":"sold-individually","16":"taxable","17":"purchasable","18":"product-type-simple"},"_links":{"self":[{"href":"https:\/\/archacademy.it\/de\/wp-json\/wp\/v2\/product\/86925"}],"collection":[{"href":"https:\/\/archacademy.it\/de\/wp-json\/wp\/v2\/product"}],"about":[{"href":"https:\/\/archacademy.it\/de\/wp-json\/wp\/v2\/types\/product"}],"author":[{"embeddable":true,"href":"https:\/\/archacademy.it\/de\/wp-json\/wp\/v2\/users\/92727"}],"replies":[{"embeddable":true,"href":"https:\/\/archacademy.it\/de\/wp-json\/wp\/v2\/comments?post=86925"}],"wp:featuredmedia":[{"embeddable":true,"href":"https:\/\/archacademy.it\/de\/wp-json\/wp\/v2\/media\/61331"}],"wp:attachment":[{"href":"https:\/\/archacademy.it\/de\/wp-json\/wp\/v2\/media?parent=86925"}],"wp:term":[{"taxonomy":"product_cat","embeddable":true,"href":"https:\/\/archacademy.it\/de\/wp-json\/wp\/v2\/product_cat?post=86925"},{"taxonomy":"product_tag","embeddable":true,"href":"https:\/\/archacademy.it\/de\/wp-json\/wp\/v2\/product_tag?post=86925"}],"curies":[{"name":"wp","href":"https:\/\/api.w.org\/{rel}","templated":true}]}}