{"id":86917,"date":"2025-04-18T12:21:57","date_gmt":"2025-04-18T10:21:57","guid":{"rendered":"https:\/\/archacademy.it\/?post_type=product&#038;p=86917"},"modified":"2025-06-24T09:22:11","modified_gmt":"2025-06-24T07:22:11","slug":"abstandsregelung-bei-gelandeveranderungen-und-mauerwerken-im-grenzbereich-regolamentazione-delle-distanze-per-le-modifiche-del-terreno-e-le-murature-nella-zona-di-confine","status":"publish","type":"product","link":"https:\/\/archacademy.it\/de\/prodotto\/abstandsregelung-bei-gelandeveranderungen-und-mauerwerken-im-grenzbereich-regolamentazione-delle-distanze-per-le-modifiche-del-terreno-e-le-murature-nella-zona-di-confine\/","title":{"rendered":"Abstandsregelung bei Gel\u00e4ndever\u00e4nderungen und Mauerwerken im Grenzbereich || Regolamentazione delle distanze per le modifiche del terreno e le murature nella zona di confine"},"content":{"rendered":"","protected":false},"excerpt":{"rendered":"<p>In seguito all\u2019elevata richiesta, l\u2019evento tenutosi per la prima volta il 20\/03\/2025 viene riproposto.<\/p>\n<p>La presente formazione \u00e8 dedicata alla spiegazione e illustrazione delle normative generali e specifiche che devono essere rispettate in ALTO ADIGE in caso di modifiche al profilo del terreno naturale\/autorizzato lungo la linea di confine. Un&#8217;attenzione particolare sar\u00e0 dedicata alla tematica del riempimento e asportazione artificiale del terreno, nonch\u00e9 alla costruzione di muri di contenimento nelle vicinanze del confine. Inoltre, verr\u00e0 trattata l&#8217;interpretazione differenziata delle disposizioni applicabili in relazione all&#8217;uso del territorio, facendo una distinzione specifica tra le modifiche del terreno nelle zone edificabili e quelle in aree naturali e agricole.<\/p>\n<p><strong>PROGRAMMA<\/strong><\/p>\n<p>Saluti e Introduzione<br \/>\n<strong>Arch. Wolfgang Thaler<\/strong>, Presidente Ordine Architetti PPC Bolzano<\/p>\n<p>Relazione sul tema Regolamentazione delle distanze<br \/>\n<strong>Avv Dr. Hartmann Reichhalter<\/strong>, Studio Legale Associato Reichhaler | Rudolph-Ramirez<\/p>\n<p>Discussione<br \/>\n<strong>Geom. Mag.iur. <\/strong><strong>Gert Fischnaller<\/strong>, Presidente Collegio dei Geometri<br \/>\n<strong>Mag.iur. dott.ric. <em>PhD <\/em>\u00a0Armin Math\u00e1<\/strong>, Segretario Comunale Tirolo<\/p>\n<p>Domande e Discussione<\/p>\n<p>&nbsp;<\/p>\n<p><strong>Lingua:<\/strong><br \/>\n<b>Alternato Italiano e Tedesco <\/b>(senza traduzioni)<\/p>\n<p><strong>Termine Iscrizione:<br \/>\n<\/strong>14\/05\/2025<\/p>\n<p><strong>Crediti formativi professionali previsti per:<\/strong><br \/>\n<span style=\"color: #ff0000;\"><strong>Architetti: 3 CFP |\u00a0 BFC Ordinistici \/ Deontologia<\/strong><\/span><br \/>\nIngegneri BZ: 3 CFP | BFC<br \/>\nGeometri BZ: 3 CFP | BFC<br \/>\nPeriti Industriali: 3 CFP | BFC<br \/>\nPeriti Agrari e dei Periti Agrari Laureati: CFP | BFC (richiesti)<br \/>\nDottori Agronomi e Dottori Forestali: 0,375 CFP | BFC<br \/>\nGeologi: CFP | BFC (richiesti)<\/p>\n<p><span style=\"color: #ff0000;\"><strong>ATTENZIONE: La partecipazione ripetuta non d\u00e0 nuovamente diritto ai crediti formativi!!!<\/strong><\/span><\/p>\n","protected":false},"author":92727,"featured_media":53036,"comment_status":"closed","ping_status":"closed","template":"","meta":{"_expiration-date-status":"","_expiration-date":0,"_expiration-date-type":"","_expiration-date-categories":[],"_expiration-date-options":[]},"product_cat":[285,267],"product_tag":[],"class_list":{"0":"post-86917","1":"product","2":"type-product","3":"status-publish","4":"has-post-thumbnail","6":"product_cat-deontologia-2","7":"product_cat-onsite","8":"myxclima-home","9":"tm-has-options","11":"first","12":"outofstock","13":"downloadable","14":"virtual","15":"sold-individually","16":"taxable","17":"purchasable","18":"product-type-simple"},"_links":{"self":[{"href":"https:\/\/archacademy.it\/de\/wp-json\/wp\/v2\/product\/86917"}],"collection":[{"href":"https:\/\/archacademy.it\/de\/wp-json\/wp\/v2\/product"}],"about":[{"href":"https:\/\/archacademy.it\/de\/wp-json\/wp\/v2\/types\/product"}],"author":[{"embeddable":true,"href":"https:\/\/archacademy.it\/de\/wp-json\/wp\/v2\/users\/92727"}],"replies":[{"embeddable":true,"href":"https:\/\/archacademy.it\/de\/wp-json\/wp\/v2\/comments?post=86917"}],"wp:featuredmedia":[{"embeddable":true,"href":"https:\/\/archacademy.it\/de\/wp-json\/wp\/v2\/media\/53036"}],"wp:attachment":[{"href":"https:\/\/archacademy.it\/de\/wp-json\/wp\/v2\/media?parent=86917"}],"wp:term":[{"taxonomy":"product_cat","embeddable":true,"href":"https:\/\/archacademy.it\/de\/wp-json\/wp\/v2\/product_cat?post=86917"},{"taxonomy":"product_tag","embeddable":true,"href":"https:\/\/archacademy.it\/de\/wp-json\/wp\/v2\/product_tag?post=86917"}],"curies":[{"name":"wp","href":"https:\/\/api.w.org\/{rel}","templated":true}]}}