{"id":82132,"date":"2024-11-19T11:51:17","date_gmt":"2024-11-19T10:51:17","guid":{"rendered":"https:\/\/archacademy.it\/?post_type=product&#038;p=82132"},"modified":"2024-12-06T14:52:42","modified_gmt":"2024-12-06T13:52:42","slug":"der-neue-kodex-fur-offentliche-vertrage-il-nuovo-codice-dei-contratti-pubblici","status":"publish","type":"product","link":"https:\/\/archacademy.it\/de\/prodotto\/der-neue-kodex-fur-offentliche-vertrage-il-nuovo-codice-dei-contratti-pubblici\/","title":{"rendered":"Der neue Kodex f\u00fcr \u00f6ffentliche Vertr\u00e4ge | Il nuovo Codice dei contratti pubblici"},"content":{"rendered":"","protected":false},"excerpt":{"rendered":"<p><span class=\"fontstyle0\"><strong>NUOVE REGOLE DEGLI APPALTI<\/strong><br \/>\n<\/span><span class=\"fontstyle0\"><strong>Il nuovo Codice<\/strong> dei contratti pubblici (D.Lgs. 31 marzo 2023, n. 36) sostituisce integralmente il previgente Codice (D.Lgs. 18 aprile 2016, n. 50). Il Legislatore ha attuato una riforma ambiziosa, ridefinendo in profondit\u00e0 la disciplina della contrattualistica pubblica con un testo rinnovato sul piano non solo dei contenuti e della loro formulazione ma anche dell\u2019impostazione e della redazione formale. Per la prima volta, anche gli allegati al codice hanno ricevuto una nuova qualit\u00e0 giuridica e sono importanti per l&#8217;applicazione pratica, motivo per cui anche questa traduzione \u00e8 di grande utilit\u00e0.<br \/>\n<\/span><strong>EDIZIONE BILINGUE<\/strong><br \/>\n<span class=\"fontstyle0\"><strong>Il nuovo Codice<\/strong> raccoglie in un&#8217;unica edizione bilingue volume la normativa statale e provinciale applicabile ai contratti pubblici nella Provincia autonoma di Bolzano. La traduzione \u00e8 curata da esperti del settore di madrelingua tedesca, revisionata da referenti accademici, delle Istituzioni e del mondo delle imprese. La qualit\u00e0 della traduzione \u00e8 un tratto distintivo di quest\u2019opera.<br \/>\n<strong>STRUMENTO DI FACILE CONSULTAZIONE<\/strong><br \/>\nLa consultazione <strong>del nuovo Codice<\/strong> \u00e8 facilitata dal formato testuale, dalla grafica intuitiva, dai rimandi tra normativa statale e provinciale, dalla segnalazione degli atti attuativi, dagli indici analitico-alfabetici. Ci\u00f2 consente all&#8217;utente di risparmiare molto tempo e di avere certezza.<br \/>\n<\/span><\/p>\n<p>PROGRAMMA<\/p>\n<ul>\n<li>Presentazione libro uscito \u201cIl nuovo Codice dei contratti pubblici\u00a0 in Italia e Alto Adige\u201d<\/li>\n<li>Breve escursione nelle parti piu importanti del codice, specialmente in riguardo agli allegati, che riguardano i tecnici liberi professionisti<\/li>\n<li>Tavola rotonda con esperti: Tematiche attuali degli appalti pubblici con particolare attenzione alle prestazioni di architettura e ingegneria<\/li>\n<li>Domande e Dibattito<\/li>\n<li>Alla fine dell\u2019evento sar\u00e0 offerto un piccolo rinfresco.<\/li>\n<\/ul>\n<p>Esperti:<br \/>\nProf. Michele Cozzio, Universtit\u00e0 Trento<br \/>\nRA Dr. Jakob B. Brugger, Avvocato<br \/>\nDr. Thomas Math\u00e0, Consigliere di Stato<\/p>\n<p><strong>Moderazione:<\/strong><br \/>\nLArch. Marco Molon<\/p>\n<p><strong>Lingua:<\/strong><br \/>\n<b>Italiano o Tedesco <\/b>(senza traduzioni)<\/p>\n<p><strong>Termine iscrizione:<br \/>\n<\/strong>03\/12\/2024<\/p>\n<p><span style=\"color: #ff6600;\"><strong>AVVISO: \u00c9 POSSIBILE PARTECIPARE A QUESTO EVENTO ANCHE IN FORMATO ONLINE. PER UNA PARTECIPAZIONE ONLINE SI PUO ISCRIVERE <a href=\"https:\/\/archacademy.it\/prodotto\/der-neue-kodex-fur-offentliche-vertrage-il-nuovo-codice-dei-contratti-pubblici-2\/\" target=\"_blank\" rel=\"noopener\">QUI<\/a><\/strong><\/span><\/p>\n<p>Crediti formativi professionali previsti per:<br \/>\nArchitetti: <span style=\"color: #ff0000;\"><strong>2 CFP ordinistici\u00a0<\/strong><\/span><br \/>\nIngegneri BZ: <span style=\"color: #ff0000;\"><strong>2 CFP ordinistici\u00a0<\/strong><\/span><br \/>\nGeometri BZ:\u00a0 2 CFP |\u00a0 BFC<br \/>\nPeriti Industriali:\u00a0 2 CFP |\u00a0 BFC<br \/>\nPeriti Agrari e dei Periti Agrari Laureati: CFP | BFC (richiesti)<br \/>\nDottori Agronomi e Dottori Forestali: 0,25 CFP | BFC (richiesti)<br \/>\nChimici Alto Adige: CFP | BFC (richiesti)<br \/>\nGeologi: CFP | BFC (richiesti)<\/p>\n<p>&nbsp;<\/p>\n<p>Evento organizzato da:<br \/>\n<img decoding=\"async\" src=\"https:\/\/archacademy.it\/wp-content\/uploads\/2024\/11\/arch.png\" \/><\/p>\n","protected":false},"author":92727,"featured_media":82191,"comment_status":"closed","ping_status":"closed","template":"","meta":{"_expiration-date-status":"","_expiration-date":0,"_expiration-date-type":"","_expiration-date-categories":[],"_expiration-date-options":[]},"product_cat":[285,267],"product_tag":[],"class_list":{"0":"post-82132","1":"product","2":"type-product","3":"status-publish","4":"has-post-thumbnail","6":"product_cat-deontologia-2","7":"product_cat-onsite","8":"myxclima-home","9":"tm-has-options","11":"first","12":"outofstock","13":"downloadable","14":"virtual","15":"sold-individually","16":"taxable","17":"purchasable","18":"product-type-simple"},"_links":{"self":[{"href":"https:\/\/archacademy.it\/de\/wp-json\/wp\/v2\/product\/82132"}],"collection":[{"href":"https:\/\/archacademy.it\/de\/wp-json\/wp\/v2\/product"}],"about":[{"href":"https:\/\/archacademy.it\/de\/wp-json\/wp\/v2\/types\/product"}],"author":[{"embeddable":true,"href":"https:\/\/archacademy.it\/de\/wp-json\/wp\/v2\/users\/92727"}],"replies":[{"embeddable":true,"href":"https:\/\/archacademy.it\/de\/wp-json\/wp\/v2\/comments?post=82132"}],"wp:featuredmedia":[{"embeddable":true,"href":"https:\/\/archacademy.it\/de\/wp-json\/wp\/v2\/media\/82191"}],"wp:attachment":[{"href":"https:\/\/archacademy.it\/de\/wp-json\/wp\/v2\/media?parent=82132"}],"wp:term":[{"taxonomy":"product_cat","embeddable":true,"href":"https:\/\/archacademy.it\/de\/wp-json\/wp\/v2\/product_cat?post=82132"},{"taxonomy":"product_tag","embeddable":true,"href":"https:\/\/archacademy.it\/de\/wp-json\/wp\/v2\/product_tag?post=82132"}],"curies":[{"name":"wp","href":"https:\/\/api.w.org\/{rel}","templated":true}]}}