{"id":81511,"date":"2024-10-20T12:30:46","date_gmt":"2024-10-20T10:30:46","guid":{"rendered":"https:\/\/archacademy.it\/?post_type=product&#038;p=81511"},"modified":"2024-12-05T13:30:16","modified_gmt":"2024-12-05T12:30:16","slug":"rohstoff-oder-abfall-gold-oder-dreck","status":"publish","type":"product","link":"https:\/\/archacademy.it\/de\/prodotto\/rohstoff-oder-abfall-gold-oder-dreck\/","title":{"rendered":"ROHSTOFF ODER ABFALL? GOLD ODER DRECK?"},"content":{"rendered":"","protected":false},"excerpt":{"rendered":"<h3><span class=\"fontstyle0\">KREISLAUFWIRTSCHAFT AM BAU<\/span><\/h3>\n<p><span class=\"fontstyle0\">Die Fachtagung bringt Fachleute zusammen, die sich \u00fcber moderne Kreislaufwirtschaft sowie \u00fcber Nachhaltigkeit und Ressourceneinsparung in der Baubranche austauschen m\u00f6chten und pr\u00e4sentiert neue Entwicklungen in der Bauindustrie. In diesem Austausch entstehen neue Partnerschaften und die n\u00e4chsten Ideen und L\u00f6sungen.<\/span><\/p>\n<p><strong>Programma | Programm<\/strong><\/p>\n<p><span class=\"fontstyle2\">&#8211; <strong>Begr\u00fc\u00dfung &amp; einleitende Worte.<br \/>\n<\/strong><span class=\"fontstyle0\">\u00a0 \u00a0Heiner Oberrauch, <\/span><\/span><span class=\"fontstyle2\"><span class=\"fontstyle0\">Hausherr und Pr\u00e4sident Unternehmerverband<br \/>\n<\/span><\/span><span class=\"fontstyle2\"><span class=\"fontstyle0\">\u00a0 \u00a0Arno Kompatscher Landeshauptmann Autonome Provinz Bozen<br \/>\n<\/span><\/span><span class=\"fontstyle2\"><span class=\"fontstyle0\">\u00a0 \u00a0Josef Oberhofer Pr\u00e4sident <\/span><\/span><span class=\"fontstyle2\"><span class=\"fontstyle0\">Dachverband f\u00fcr Natur- und Umweltschutz<br \/>\n<\/span><\/span><span class=\"fontstyle2\"><span class=\"fontstyle0\">\u00a0 \u00a0Claudia Plaikner <\/span><\/span><span class=\"fontstyle2\"><span class=\"fontstyle0\">Vorsitzende Heimatpflegeverband S\u00fcdtirol<\/span><br \/>\n<\/span><span class=\"fontstyle2\">&#8211; <strong>Impulsvortrag, <\/strong><\/span><span class=\"fontstyle2\"><strong>Der Weg der Sparsamkeit im Umgang mit Dingen. Was Religionen und das Christentum dazu sagen<\/strong>;<br \/>\n<\/span><span class=\"fontstyle0\">\u00a0 \u00a0Don Paolo Renner; Theologe und Direktor des Instituts DE PACE FIDEI<\/span><\/p>\n<p><span class=\"fontstyle2\"><strong>Pause<br \/>\n<\/strong><br \/>\n<\/span><span class=\"fontstyle2\"><strong>&#8211; Block 1 KREISLAUFWIRTSCHAFT &#8211; WO STEHEN WIR?<\/strong><br \/>\n<\/span><span class=\"fontstyle2\">\u00a0 \u00a0&#8211; <strong>Was kann das Recycling beitragen? &#8211; upcycling statt downcycling<\/strong>.<br \/>\n<span class=\"fontstyle0\">\u00a0 \u00a0 \u00a0 \u00a0<\/span>G<\/span><span class=\"fontstyle0\">iulio Angelucci;\u00a0<\/span><span class=\"fontstyle0\">Amtsdirektor f\u00fcr Abfallwirtschaft Autonome Provinz Bozen<br \/>\nAndreas Auer; Pr\u00e4sident <\/span><span class=\"fontstyle0\">Konsortium bau.recycle<br \/>\n<\/span><span class=\"fontstyle2\">\u00a0 \u00a0 &#8211; <strong>Neue Werte f\u00fcr den Bestand<\/strong>.<br \/>\n<\/span><span class=\"fontstyle0\">\u00a0 \u00a0 \u00a0 \u00a0Olaf Grawert; Architekt, Forscher <\/span><span class=\"fontstyle0\">Mitbegr\u00fcnder der Initiative HouseEurope!<br \/>\n<\/span><span class=\"fontstyle2\">\u00a0 \u00a0 &#8211; <strong>Kreislaufwirtschaft: zwischen Hype und Realit\u00e4<\/strong><\/span><span class=\"fontstyle0\"><strong>t<\/strong>,<br \/>\nDavid Plaseller; <\/span><span class=\"fontstyle0\">Co-Founder revitalyze<br \/>\n<\/span><span class=\"fontstyle2\">\u00a0 \u00a0 &#8211; <strong>Materialstr\u00f6me und Mengenbedarf in S\u00fcdtirol<\/strong><br \/>\n<\/span><span class=\"fontstyle2\">\u00a0 \u00a0 \u00a0 \u00a0&#8211;<strong> Woher kommen unsere Ressourcen?<\/strong><br \/>\n<\/span><span class=\"fontstyle0\">\u00a0 \u00a0 \u00a0 \u00a0 \u00a0 Christian Gr\u00fcnfelder; Gruppe Bergbau und Gruben<br \/>\n<\/span><span class=\"fontstyle2\">\u00a0 \u00a0 \u00a0 \u00a0&#8211; <strong>Ressourcenbedarf bis 2035 <\/strong><\/span><span class=\"fontstyle3\"><strong>Aus Sicht des Betonproduzenten<\/strong>.<br \/>\n<\/span><span class=\"fontstyle0\">\u00a0 \u00a0 \u00a0 \u00a0 \u00a0 Werner Kusstatscher, Pr\u00e4sident <\/span><span class=\"fontstyle0\">Concrete Beton Vereinigung S\u00fcdtirol<br \/>\n<\/span><span class=\"fontstyle3\">\u00a0 \u00a0 \u00a0 \u00a0&#8211; <strong>Aus Sicht des Asphaltproduzenten<\/strong>.<br \/>\n<\/span><span class=\"fontstyle0\">\u00a0 \u00a0 \u00a0 \u00a0 \u00a0 Markus Kofler; <\/span><span class=\"fontstyle0\">Kollegium der Bauunternehmer<br \/>\n<\/span><span class=\"fontstyle2\">\u00a0 \u00a0&#8211; <strong>Diskussion und Fragen<br \/>\n<\/strong><br \/>\n<\/span><span class=\"fontstyle2\"><strong>Mittagspause<br \/>\n<\/strong><br \/>\n<span class=\"fontstyle0\">&#8211; <strong>Block 2 KREISLAUFWIRTSCHAFT &#8211; WO M\u00dcSSEN WIR HIN?<\/strong><\/span><br \/>\n&#8211; <\/span><strong>Die Wiederverwendung von strukturellen Bauteilen. <span class=\"fontstyle2\">Case Stu<\/span><\/strong><span class=\"fontstyle2\"><strong>dies aus der Schweiz<\/strong>.<br \/>\n<\/span><span class=\"fontstyle2\"><span class=\"fontstyle0\">\u00a0 \u00a0 \u00a0 Guido Brandi; <\/span><\/span><span class=\"fontstyle2\"><span class=\"fontstyle0\">Architekt, Wissenschaftler\u00a0<\/span><\/span><span class=\"fontstyle2\"><span class=\"fontstyle0\">Institut Konstruktives Entwerfen IKE<br \/>\n<\/span><\/span><span class=\"fontstyle2\">\u00a0 \u00a0&#8211; <strong>Die Kreislaufwirtschaft funktioniert &#8211; Best Practice Beispiele<\/strong>.<br \/>\n<\/span><span class=\"fontstyle2\"><span class=\"fontstyle0\">\u00a0 \u00a0 \u00a0Walter Fee\u00df; Gesch\u00e4ftsf\u00fchrer <\/span><\/span><span class=\"fontstyle2\"><span class=\"fontstyle0\">Heinrich Feess GmbH &amp; Co. KG<br \/>\n<\/span><\/span><span class=\"fontstyle2\"><span class=\"fontstyle0\">\u00a0 \u00a0 \u00a0Roland Ploner; Vizeobmann Baugruppe lvh.apa<br \/>\n<\/span><\/span><span class=\"fontstyle2\">\u00a0 \u00a0&#8211; <strong>Recyclingbaustoffe &#8211; besser als ihr Ruf!<br \/>\n<\/strong><\/span><span class=\"fontstyle2\"><span class=\"fontstyle0\">\u00a0 \u00a0 \u00a0 Volkmar Mair; Amtsdirektor <\/span><\/span><span class=\"fontstyle2\"><span class=\"fontstyle0\">Amt f\u00fcr Geologie und Baustoffpr\u00fcfung Autonome Provinz Bozen<br \/>\n<\/span><\/span><span class=\"fontstyle2\"><span class=\"fontstyle0\">\u00a0 \u00a0&#8211; <strong>Diskussion und <\/strong><\/span><strong>Fragen<br \/>\n<\/strong><br \/>\n<\/span><span class=\"fontstyle2\"><strong>Pause<br \/>\n<\/strong><br \/>\n<span class=\"fontstyle0\">&#8211; <strong>Block 3 PODIUMSDISKUSSION<\/strong><\/span><br \/>\n&#8211; <strong>Gelebte Kreislaufwirtschaft &#8211; <\/strong><\/span><span class=\"fontstyle2\"><strong>wie kann sie in der Praxis konkret umgesetzt und gelebt werden?<\/strong><br \/>\n<span class=\"fontstyle0\">\u00a0 \u00a0 \u00a0 Andreas Auer; Pr\u00e4sident <\/span><\/span><span class=\"fontstyle2\"><span class=\"fontstyle0\">Konsortium bau.recycle<br \/>\n<\/span><\/span><span class=\"fontstyle2\"><span class=\"fontstyle0\">\u00a0 \u00a0 \u00a0 Volkmar Mair; Amtsdirektor <\/span><\/span><span class=\"fontstyle2\"><span class=\"fontstyle0\">Amt f\u00fcr Geologie und Baustoffpr\u00fcfung Autonome Provinz Bozen<br \/>\n<\/span><\/span><span class=\"fontstyle2\"><span class=\"fontstyle0\">\u00a0 \u00a0 \u00a0 Michael Pichler; <\/span><\/span><span class=\"fontstyle2\"><span class=\"fontstyle0\">Leiter des Bereiches Baumanagement HGV-Unternehmensberatung<br \/>\n<\/span><\/span><span class=\"fontstyle2\"><span class=\"fontstyle0\">\u00a0 \u00a0 \u00a0 Marlene Roner; <\/span><\/span><span class=\"fontstyle2\"><span class=\"fontstyle0\">Architektin, Heimatpflegeverband Tramin<br \/>\n<\/span><\/span><span class=\"fontstyle2\"><span class=\"fontstyle0\">\u00a0 \u00a0 \u00a0 Martin Sch\u00f6pf; <\/span><\/span><span class=\"fontstyle2\"><span class=\"fontstyle0\">Dachverband f\u00fcr Natur- und Umweltschutz<br \/>\n<\/span><\/span><span class=\"fontstyle2\"><span class=\"fontstyle0\">\u00a0 \u00a0 \u00a0 Wolfgang Thaler; Pr\u00e4sident Kammer der Architekten RLD<\/span><br \/>\n<\/span><\/p>\n<p>&nbsp;<\/p>\n<p><strong>Lingua | Sprache:<\/strong><br \/>\n<b>Tedesco<\/b> (senza traduzione) | <b>Deutsch <\/b>(ohne \u00dcbersetzung)<\/p>\n<p>Download Flyer &lt;&lt;<a href=\"http:\/\/archacademy.it\/wp-content\/uploads\/2024\/10\/Programm-Kreislaufwirtschaft-am-Bau.pdf\" target=\"_blank\" rel=\"noopener\">HIER<\/a>&gt;&gt;<\/p>\n<p>&nbsp;<\/p>\n<p>Es freuen sich auf Ihr Kommen<\/p>\n<p><img decoding=\"async\" src=\"https:\/\/archacademy.it\/wp-content\/uploads\/2024\/10\/Logoleiste.jpg\" \/><\/p>\n","protected":false},"author":92727,"featured_media":81514,"comment_status":"closed","ping_status":"closed","template":"","meta":{"_expiration-date-status":"","_expiration-date":0,"_expiration-date-type":"","_expiration-date-categories":[],"_expiration-date-options":[]},"product_cat":[298,267],"product_tag":[],"class_list":{"0":"post-81511","1":"product","2":"type-product","3":"status-publish","4":"has-post-thumbnail","6":"product_cat-architettura-2","7":"product_cat-onsite","8":"myxclima-home","9":"tm-has-options","11":"first","12":"outofstock","13":"downloadable","14":"virtual","15":"sold-individually","16":"taxable","17":"purchasable","18":"product-type-simple"},"_links":{"self":[{"href":"https:\/\/archacademy.it\/de\/wp-json\/wp\/v2\/product\/81511"}],"collection":[{"href":"https:\/\/archacademy.it\/de\/wp-json\/wp\/v2\/product"}],"about":[{"href":"https:\/\/archacademy.it\/de\/wp-json\/wp\/v2\/types\/product"}],"author":[{"embeddable":true,"href":"https:\/\/archacademy.it\/de\/wp-json\/wp\/v2\/users\/92727"}],"replies":[{"embeddable":true,"href":"https:\/\/archacademy.it\/de\/wp-json\/wp\/v2\/comments?post=81511"}],"wp:featuredmedia":[{"embeddable":true,"href":"https:\/\/archacademy.it\/de\/wp-json\/wp\/v2\/media\/81514"}],"wp:attachment":[{"href":"https:\/\/archacademy.it\/de\/wp-json\/wp\/v2\/media?parent=81511"}],"wp:term":[{"taxonomy":"product_cat","embeddable":true,"href":"https:\/\/archacademy.it\/de\/wp-json\/wp\/v2\/product_cat?post=81511"},{"taxonomy":"product_tag","embeddable":true,"href":"https:\/\/archacademy.it\/de\/wp-json\/wp\/v2\/product_tag?post=81511"}],"curies":[{"name":"wp","href":"https:\/\/api.w.org\/{rel}","templated":true}]}}