{"id":81247,"date":"2024-09-30T12:36:03","date_gmt":"2024-09-30T10:36:03","guid":{"rendered":"https:\/\/archacademy.it\/?post_type=product&#038;p=81247"},"modified":"2024-12-05T08:45:04","modified_gmt":"2024-12-05T07:45:04","slug":"architekten-oder-algorithmen-wer-gestaltet-die-zukunft","status":"publish","type":"product","link":"https:\/\/archacademy.it\/de\/prodotto\/architekten-oder-algorithmen-wer-gestaltet-die-zukunft\/","title":{"rendered":"Architekten oder Algorithmen, Wer gestaltet die Zukunft?"},"content":{"rendered":"","protected":false},"excerpt":{"rendered":"<p><strong>KI &#8211; Werkzeug oder Entscheidungstr\u00e4ger in der Architektur<\/strong><\/p>\n<p>&nbsp;<\/p>\n<p>In den letzten Jahren haben technologische Fortschritte viele Branchen revolutioniert, und die Architektur bildet dabei keine Ausnahme. Besonders die Integration von k\u00fcnstlicher Intelligenz (KI) sorgt aktuell f\u00fcr Diskussionen \u00fcber die Zukunft der Bauplanung und Gestaltung. Doch eine Frage steht im Mittelpunkt:<br \/>\nWird die KI eines Tages die Architektur vollst\u00e4ndig bestimmen, oder bleibt sie lediglich ein unterst\u00fctzendes Hilfsmittel in den H\u00e4nden von Architekten?<br \/>\nDieser Frage versuchen wir in dieser Tagung auf den Grund zu gehen und den aktuellen Stand zu beleuchten.<\/p>\n<p>Crediti Formativi Architetti | Fortbildungscredits Architekten<br \/>\n8\u00a0<strong>CFP<\/strong>\u00a0dei quali\u00a0<span style=\"color: #ff0000;\"><strong>4 ordinistici<\/strong><\/span><span style=\"color: #ff0000;\">\u00a0<\/span>| 8\u00a0<strong>BFC<\/strong>\u00a0davon\u00a0<span style=\"color: #ff0000;\"><strong>4 zur Berufsethik\/-ordnung<\/strong><\/span><\/p>\n<p>&nbsp;<\/p>\n<p><strong>P r o g r a m m a\u00a0 |\u00a0 P r o g r a m m:<\/strong><\/p>\n<p><strong>&#8211; Begr\u00fc\u00dfung und Einleitung<br \/>\n<\/strong><strong>&#8211; K\u00fcnstliche Intelligenz: Eine Blase oder eine Hilfe f\u00fcr uns Menschen?<br \/>\n<\/strong>\u00a0 \u00a0Christoph Moar, Dipl.-Inform. Univ., Alpin GmbH<br \/>\n<strong>&#8211; Praktische Anwendung, Erfahrungen und Beispiele<br \/>\n<\/strong>\u00a0 \u00a0Martin Gruber Arch. (Brixen) und Martin Mutschlechner Arch. (Innsbruck), Freiberufliche Architekten<br \/>\n<strong>&#8211; Software und K\u00fcnstliche Intelligenz<\/strong><\/p>\n<p><strong>Kaffeepause\u00a0 mit Austausch<\/strong><\/p>\n<p><strong>&#8211; Integration von K\u00fcnstlicher Intelligenz in die berufliche Praxis der Architektur und Innenarchitektur<br \/>\n<\/strong>\u00a0 \u00a0Simon Hirtz, A.I.gency \u2013 pioneering AI workflows, Lecturer NDU St. P\u00f6lten &amp; TU Wien<br \/>\n<strong>&#8211; Maschinelles Lernen in der fr\u00fchen Phase des architektonischen Entwurf Prozesses<br \/>\n<\/strong>\u00a0 \u00a0Johannes Schlusche, Senior Scientist \u2013 Phd. Uni Innsbruck<br \/>\n<strong><br \/>\nMittagessen mit Austausch<br \/>\n<\/strong><strong><br \/>\n&#8211; K\u00fcnstliche Intelligenz im Bauprozess<br \/>\n<\/strong>\u00a0 \u00a0Dietmar Siegele, Dr. techn., Fraunhofer Institut<br \/>\n&#8211;\u00a0<strong>K\u00fcnstliche Intelligenz und Ethik<br \/>\n<\/strong>\u00a0 \u00a0Valerie Messini, Sen.Sc. Mag.arch., Peter Weibel Forschungsinstitut f\u00fcr digitale Kulturen Wien<\/p>\n<p><strong>Kaffeepause\u00a0 mit Austausch<\/strong><\/p>\n<p><strong>&#8211; Rechtliche Grundlagen im Zusammenhang mit K\u00fcnstlicher Intelligenz<br \/>\n<\/strong><strong>&#8211; Podiumsdiskussion<br \/>\n<\/strong>\u00a0 \u00a0Moderation: Gudrun Esser, Redakteurin von Rai S\u00fcdtirol<br \/>\n<strong><br \/>\nLingua | Sprache:<br \/>\nTedesco<\/strong> (senza traduzione) | <strong>Deutsch<\/strong> (ohne \u00dcbersetzung)<\/p>\n<p><strong>Die Teilnahmegeb\u00fchr schlie\u00dft die Kaffeepausen und das Mittagessen ein!<\/strong><\/p>\n<p><img decoding=\"async\" src=\"https:\/\/archacademy.it\/wp-content\/uploads\/2024\/09\/Mittagessen-1.jpg\" \/><\/p>\n<p>&nbsp;<\/p>\n<p><strong>Termine Iscrizione | Anmeldeschluss<br \/>\n<\/strong>27\/10\/2024<\/p>\n<p>Crediti formativi professionali previsti per | Berufliche Fortbildungscredits vorgesehen f\u00fcr:<br \/>\nArchitetti | Architekten: 8 <span style=\"color: #ff0000;\"><strong>CFP<\/strong> <\/span>dei quali <strong><span style=\"color: #ff0000;\">4 ordinistici<\/span><\/strong> | 8 <span style=\"color: #ff0000;\"><strong>BFC<\/strong> <\/span>davon <span style=\"color: #ff0000;\"><strong>4 zur Berufsethik\/-ordnung<\/strong><\/span><br \/>\nIngegneri BZ | Ingenieure BZ: 6 CFP | 6 BFC (confermati | best\u00e4tigt)<br \/>\nGeometri BZ | Geometer BZ:\u00a0 8 CFP |\u00a0 8 BFC (confermati | best\u00e4tigt)<br \/>\nPeriti Industriali BZ | Periti Industriali BZ:\u00a0 8 CFP |\u00a0 8 BFC (confermati | best\u00e4tigt)<\/p>\n<p>&nbsp;<\/p>\n<p>Wir freuen uns auf Euer zahlreiches Kommen!!<\/p>\n<p><img decoding=\"async\" src=\"https:\/\/archacademy.it\/wp-content\/uploads\/2024\/10\/20241031-Logoleiste_r1.jpg\" \/><\/p>\n<p>&nbsp;<\/p>\n<p>&nbsp;<\/p>\n<p>&nbsp;<\/p>\n","protected":false},"author":92727,"featured_media":81264,"comment_status":"closed","ping_status":"closed","template":"","meta":{"_expiration-date-status":"","_expiration-date":0,"_expiration-date-type":"","_expiration-date-categories":[],"_expiration-date-options":[]},"product_cat":[298,285,267],"product_tag":[],"class_list":{"0":"post-81247","1":"product","2":"type-product","3":"status-publish","4":"has-post-thumbnail","6":"product_cat-architettura-2","7":"product_cat-deontologia-2","8":"product_cat-onsite","9":"myxclima-home","10":"tm-has-options","12":"first","13":"outofstock","14":"downloadable","15":"virtual","16":"sold-individually","17":"taxable","18":"purchasable","19":"product-type-simple"},"_links":{"self":[{"href":"https:\/\/archacademy.it\/de\/wp-json\/wp\/v2\/product\/81247"}],"collection":[{"href":"https:\/\/archacademy.it\/de\/wp-json\/wp\/v2\/product"}],"about":[{"href":"https:\/\/archacademy.it\/de\/wp-json\/wp\/v2\/types\/product"}],"author":[{"embeddable":true,"href":"https:\/\/archacademy.it\/de\/wp-json\/wp\/v2\/users\/92727"}],"replies":[{"embeddable":true,"href":"https:\/\/archacademy.it\/de\/wp-json\/wp\/v2\/comments?post=81247"}],"wp:featuredmedia":[{"embeddable":true,"href":"https:\/\/archacademy.it\/de\/wp-json\/wp\/v2\/media\/81264"}],"wp:attachment":[{"href":"https:\/\/archacademy.it\/de\/wp-json\/wp\/v2\/media?parent=81247"}],"wp:term":[{"taxonomy":"product_cat","embeddable":true,"href":"https:\/\/archacademy.it\/de\/wp-json\/wp\/v2\/product_cat?post=81247"},{"taxonomy":"product_tag","embeddable":true,"href":"https:\/\/archacademy.it\/de\/wp-json\/wp\/v2\/product_tag?post=81247"}],"curies":[{"name":"wp","href":"https:\/\/api.w.org\/{rel}","templated":true}]}}