{"id":80998,"date":"2024-09-12T08:16:31","date_gmt":"2024-09-12T06:16:31","guid":{"rendered":"https:\/\/archacademy.it\/?post_type=product&#038;p=80998"},"modified":"2024-10-24T13:05:52","modified_gmt":"2024-10-24T11:05:52","slug":"dachbegrunung-keine-frage-der-hohe","status":"publish","type":"product","link":"https:\/\/archacademy.it\/de\/prodotto\/dachbegrunung-keine-frage-der-hohe\/","title":{"rendered":"Dachbegr\u00fcnung (k)eine Frage der H\u00f6he!?"},"content":{"rendered":"","protected":false},"excerpt":{"rendered":"<p>Die Fortbildung zum Thema Dachbegr\u00fcnung vermittelt praxisnahes Wissen \u00fcber die unterschiedlichen Systeme von Dachbegr\u00fcnungen, sowohl extensiv als auch intensiv. Dabei werden die \u00f6kologischen, \u00e4sthetischen aber auch technischen Gesichtspunkte beleuchtet, die diese Form der nachhaltigen Bauweise mit sich bringt. Ziel ist es, Projektanten ein Basiswissen f\u00fcr ihre Planung und Umsetzung zu vermitteln.<\/p>\n<p><strong>Programma | Programm:<\/strong><\/p>\n<ul>\n<li><strong>Begr\u00fc\u00dfung und Einleitung<\/strong>, <strong>Christian S\u00f6lva, <\/strong>Pr\u00e4sident LAS Landschaftsarchitektur in S\u00fcdtirol<\/li>\n<li><strong>Gr\u00fcne Systeme am Dach<\/strong> (Flach-, Steil-, Retentions- und Solargr\u00fcndach), extensiv und intensiv mit Normhinweisen, <b>Gerhard Herbst<\/b>, Technischer Leiter TopHaus<\/li>\n<li><strong>Ent-Spannende Dachbegr\u00fcnung<\/strong>, <strong>Christian S\u00f6lva, <\/strong>Freiberuflicher Landschaftsplaner<\/li>\n<li><strong>18 Jahre im Sinne der Biodiversit\u00e4t: <\/strong>Ergebnisse der Versuchsreihen und Ausblick, <strong>Helga Salchegger<\/strong>, Leiterin Fachbereich Gartenbau, Versuchszentrum Laimburg<\/li>\n<li><strong>Begehung der Versuchsfl\u00e4chen Dachbegr\u00fcnung<\/strong><\/li>\n<li><strong>Fragen und Diskussion<\/strong><\/li>\n<\/ul>\n<p><strong>Conduce | Moderation<\/strong>:<br \/>\n<strong>Christian S\u00f6lva, <\/strong>Freiberuflicher Landschaftsplaner<\/p>\n<p><strong>Lingua | Sprache:<br \/>\nTedesco<\/strong> (senza traduzione) | <strong>Deutsch<\/strong> (ohne \u00dcbersetzung)<\/p>\n<p><strong>Termine Iscrizione (posti limitati) | Anmeldeschluss (begrenzte Teilnehmer)<br \/>\n<\/strong>13\/10\/2024<\/p>\n<p>&nbsp;<\/p>\n<p>Allgemeine Informationen wie Sie die Laimburg, alternativ zum Auto erreichen, finden Sie &lt;&lt;<strong><span style=\"color: #ff6600;\"><a style=\"color: #ff6600;\" href=\"http:\/\/archacademy.it\/wp-content\/uploads\/2024\/09\/Anfahrt-_-Laimburg.pdf\" target=\"_blank\" rel=\"noopener\">HIER<\/a><\/span><\/strong>&gt;&gt;<br \/>\nWie Sie die<strong> Parkpl\u00e4tze<\/strong> und wie Sie den <strong>Veranstaltungsort<\/strong> erreichen finden Sie &lt;&lt;<strong><span style=\"color: #ff6600;\"><a style=\"color: #ff6600;\" href=\"http:\/\/archacademy.it\/wp-content\/uploads\/2024\/09\/Parkplatz-Veranstaltungsort.pdf\" target=\"_blank\" rel=\"noopener\">HIER<\/a><\/span><\/strong>&gt;&gt;<\/p>\n<p>&nbsp;<\/p>\n<p>Wir bitten alle Teilnehmer zu ber\u00fccksichtigen, dass sich zum Zeitpunkt der Dachbegehung, dort noch diverse Insekten, wie Bienen und Wespen befinden k\u00f6nnten. Zudem raten wir entsprechend dem Wetterbedingungen, sich mit geeigneter Kleidung\/Materialien auszustatten (Jacke, Regenschirm).<\/p>\n<p><strong>Crediti formativi professionali previsti anche per | Berufliche Fortbildungscredits vorgesehen auch f\u00fcr:<\/strong><br \/>\nIngegneri BZ | Ingenieure BZ: CFP | BFC (richiesti | angefragt)<br \/>\nGeometri BZ | Geometer BZ: 4 CFP | 4 BFC (confermati | best\u00e4tigt)<\/p>\n<p>&nbsp;<\/p>\n<p>Wir freuen uns auf Euer Kommen<\/p>\n<p><img decoding=\"async\" src=\"https:\/\/archacademy.it\/wp-content\/uploads\/2024\/10\/Logoleiste-Anmeldeseite_r1.jpg\" \/><\/p>\n","protected":false},"author":92727,"featured_media":81002,"comment_status":"closed","ping_status":"closed","template":"","meta":{"_expiration-date-status":"","_expiration-date":0,"_expiration-date-type":"","_expiration-date-categories":[],"_expiration-date-options":[]},"product_cat":[298,267],"product_tag":[],"class_list":{"0":"post-80998","1":"product","2":"type-product","3":"status-publish","4":"has-post-thumbnail","6":"product_cat-architettura-2","7":"product_cat-onsite","8":"myxclima-home","9":"tm-has-options","11":"first","12":"outofstock","13":"downloadable","14":"virtual","15":"sold-individually","16":"taxable","17":"purchasable","18":"product-type-simple"},"_links":{"self":[{"href":"https:\/\/archacademy.it\/de\/wp-json\/wp\/v2\/product\/80998"}],"collection":[{"href":"https:\/\/archacademy.it\/de\/wp-json\/wp\/v2\/product"}],"about":[{"href":"https:\/\/archacademy.it\/de\/wp-json\/wp\/v2\/types\/product"}],"author":[{"embeddable":true,"href":"https:\/\/archacademy.it\/de\/wp-json\/wp\/v2\/users\/92727"}],"replies":[{"embeddable":true,"href":"https:\/\/archacademy.it\/de\/wp-json\/wp\/v2\/comments?post=80998"}],"wp:featuredmedia":[{"embeddable":true,"href":"https:\/\/archacademy.it\/de\/wp-json\/wp\/v2\/media\/81002"}],"wp:attachment":[{"href":"https:\/\/archacademy.it\/de\/wp-json\/wp\/v2\/media?parent=80998"}],"wp:term":[{"taxonomy":"product_cat","embeddable":true,"href":"https:\/\/archacademy.it\/de\/wp-json\/wp\/v2\/product_cat?post=80998"},{"taxonomy":"product_tag","embeddable":true,"href":"https:\/\/archacademy.it\/de\/wp-json\/wp\/v2\/product_tag?post=80998"}],"curies":[{"name":"wp","href":"https:\/\/api.w.org\/{rel}","templated":true}]}}