{"id":80146,"date":"2024-05-10T14:20:33","date_gmt":"2024-05-10T14:45:00","guid":{"rendered":"https:\/\/archacademy.it\/?post_type=product&#038;p=80146"},"modified":"2024-05-23T16:21:31","modified_gmt":"2024-05-23T14:21:31","slug":"mehr-aus-holz-more-from-wood","status":"publish","type":"product","link":"https:\/\/archacademy.it\/de\/produkt\/mehr-aus-holz-more-from-wood\/","title":{"rendered":"MEHR AUS HOLZ | MORE FROM WOOD"},"content":{"rendered":"","protected":false},"excerpt":{"rendered":"<p><strong>Exkursion und Fachvortr\u00e4ge<br \/>\n\u201eZirkul\u00e4res Bauen\u201c, Fachvortag Entwicklung von Dekoren, Besichtigung Werk, uvm.<\/strong><\/p>\n<p>&nbsp;<\/p>\n<p>Holz ist der wichtigste nachwachsende Rohstoff und birgt ein enormes Potential f\u00fcr kaskadische Nutzung im Innenausbau und als konstruktiver Werkstoff. Die Karl Pichler AG aus Algund l\u00e4dt Sie zu einer Fahrt<strong> zu EGGER,<\/strong> einem Familienunternehmen mit \u00fcber 60 Jahren Pioniergeist,<strong> ins EGGER Stammhaus nach <\/strong>St. Johann in Tirol ein. Entdecken und erleben Sie die M\u00f6glichkeiten f\u00fcr eine gelebte Nachhaltigkeit in Bauprojekten, den Entwicklungsweg vom Trend bis zur fertigen Dekoroberfl\u00e4che, die Neuheiten der Egger Dekorativ 24+ Kollektion und vor allem eine der modernsten Produktionsst\u00e4tten f\u00fcr kreislauff\u00e4hige Holzwerkstoffe in Europa.<\/p>\n<p>Es wartet ein abwechslungsreiches Programm mit spannenden Vortr\u00e4gen und Werksbesichtigung auf Sie:<\/p>\n<ul>\n<li>Fachvortrag \u201eZirkul\u00e4res Bauen \u2013 Planen und Bauen mit dem, was existiert\u201c | Arch. <strong>Christoph M\u00fcller &#8211; Baub\u00fcro in situ \/ ZIRKULAR (CH)<\/strong><\/li>\n<li>Fachvortrag \u201eProzess der Dekorentwicklung und Drucktechnik im Interior-Design\u201c | <strong>Dominik K\u00e4stner \u2013 EGGER<\/strong><\/li>\n<li>Trendpr\u00e4sentation und Vorstellung der neuen Egger-Dekorkollektion (Holzwerkstoffe mit bis zu 60% Altholzanteil)<\/li>\n<li>Besichtigung der Produktionsst\u00e4tte in Sankt Johann mit neuer Altholzaufbereitung \/Recyclinganlage<\/li>\n<\/ul>\n<p>&nbsp;<\/p>\n<p><strong>Sprache:<br \/>\n<\/strong>Vortr\u00e4ge Deutsch (ohne \u00dcbersetzung), Werksf\u00fchrung Deutsch und Italienisch. Zudem sind ganzt\u00e4gig zweisprachige Begleitpersonen anwesend.<\/p>\n<p>&nbsp;<\/p>\n<p>In Zusammenarbeit mit:<\/p>\n<p><img decoding=\"async\" src=\"https:\/\/archacademy.it\/wp-content\/uploads\/2024\/05\/karlpichler.png\" \/><\/p>\n<p>&nbsp;<\/p>\n<p>&nbsp;<\/p>\n<p><strong>Der Bustransfer ist in der Teilnahmegeb\u00fchr enthalten. Im Zuge der Veranstaltung findet auf dem R\u00fcckweg ein gemeinsames Abendessen statt, welches ebenfalls in der Teilnahmegeb\u00fchr inbegriffen ist.<br \/>\nWir bitten, jeweils die entsprechende Auswahl zum Bustransfer zu treffen (Pflichtfeld).<\/strong><\/p>\n","protected":false},"author":92727,"featured_media":80141,"comment_status":"closed","ping_status":"closed","template":"","meta":{"_expiration-date-status":"","_expiration-date":0,"_expiration-date-type":"","_expiration-date-categories":[],"_expiration-date-options":[]},"product_cat":[232],"product_tag":[],"class_list":{"0":"post-80146","1":"product","2":"type-product","3":"status-publish","4":"has-post-thumbnail","6":"product_cat-xlearning-pro-de","7":"tm-has-options","9":"first","10":"outofstock","11":"downloadable","12":"virtual","13":"sold-individually","14":"taxable","15":"purchasable","16":"product-type-simple"},"_links":{"self":[{"href":"https:\/\/archacademy.it\/de\/wp-json\/wp\/v2\/product\/80146"}],"collection":[{"href":"https:\/\/archacademy.it\/de\/wp-json\/wp\/v2\/product"}],"about":[{"href":"https:\/\/archacademy.it\/de\/wp-json\/wp\/v2\/types\/product"}],"author":[{"embeddable":true,"href":"https:\/\/archacademy.it\/de\/wp-json\/wp\/v2\/users\/92727"}],"replies":[{"embeddable":true,"href":"https:\/\/archacademy.it\/de\/wp-json\/wp\/v2\/comments?post=80146"}],"wp:featuredmedia":[{"embeddable":true,"href":"https:\/\/archacademy.it\/de\/wp-json\/wp\/v2\/media\/80141"}],"wp:attachment":[{"href":"https:\/\/archacademy.it\/de\/wp-json\/wp\/v2\/media?parent=80146"}],"wp:term":[{"taxonomy":"product_cat","embeddable":true,"href":"https:\/\/archacademy.it\/de\/wp-json\/wp\/v2\/product_cat?post=80146"},{"taxonomy":"product_tag","embeddable":true,"href":"https:\/\/archacademy.it\/de\/wp-json\/wp\/v2\/product_tag?post=80146"}],"curies":[{"name":"wp","href":"https:\/\/api.w.org\/{rel}","templated":true}]}}