{"id":79920,"date":"2024-04-23T15:38:17","date_gmt":"2024-04-23T13:38:17","guid":{"rendered":"https:\/\/archacademy.it\/?post_type=product&#038;p=79920"},"modified":"2024-05-24T15:15:54","modified_gmt":"2024-05-24T13:15:54","slug":"so-baut-man-zukunft","status":"publish","type":"product","link":"https:\/\/archacademy.it\/de\/prodotto\/so-baut-man-zukunft\/","title":{"rendered":"So baut man Zukunft!"},"content":{"rendered":"","protected":false},"excerpt":{"rendered":"<h3><strong>Haus 2226 von Baumschlager Eberle &#8211; Gr\u00fcndach und Bauwerksbegr\u00fcnung &#8211; Heiz- und K\u00fchldecken &#8211; monolithische Ziegelbauweise<\/strong><\/h3>\n<p>Diese Tagung besch\u00e4ftigt sich mit zukunftsorientierten Bautechniken und die Teilnehmer erwarten 4 spannende Referate, die neue Einblicke und komplett verschiedene Herangehensweisen bieten werden. Es geht um die Geb\u00e4udeh\u00fclle, die effiziente Energieverteilung, aber auch um die Bauwerksbegr\u00fcnung im Zusammenspiel mit anderen Gr\u00fcnfl\u00e4chen im urbanen Bereich.<br \/>\nEs freut uns Sie zu dieser Veranstaltung mit unserem Partner TOPHAUS einzuladen.<\/p>\n<p><strong>Programm<\/strong><\/p>\n<p>08:30 Registrierung<\/p>\n<p><strong>Begr\u00fc\u00dfung und Einf\u00fchrung<\/strong><\/p>\n<p><strong>Impulsreferat<\/strong><br \/>\n&#8211; \u201eZiegel \u2013 der Langstreckenl\u00e4ufer unter den Baustoffen\u201c <strong>Bernd Thalmayer<\/strong>, Bauberater Schlagmann Poroton<br \/>\n<strong>Impulsreferat<\/strong><br \/>\n&#8211; \u201eAlles Gute kommt von oben: Heizen und K\u00fchlen \u00fcber die Decke\u201c, <strong>Elmar Tapfer<\/strong>, techn. Leiter TopHaus AG<\/p>\n<p>Pause<\/p>\n<p><strong>Das \u201eNatur-Trittsteinprinzip\u201c<\/strong>, <strong>Conrad Amber<\/strong> \u201eDie Stimme der B\u00e4ume\u201c, Dornbirn<br \/>\n&#8211; Gr\u00fcndach, Gr\u00fcnfassade und Stra\u00dfenbaum: Wie Gr\u00fcnfl\u00e4chen miteinander in Kontakt sind und auf Sichtweite wirken.<br \/>\n&#8211; Lebensqualit\u00e4t erh\u00f6hen, gesund leben und das St\u00e4dteklima verbessern? \u2013 mit Hilfe der Natur und einem durchdachten Begr\u00fcnungskonzept ist das m\u00f6glich!<br \/>\n&#8211; Viele Beispiele aus der Praxis aus den DACH-L\u00e4ndern<br \/>\n<strong>Haus 2226 von Baumschlager Eberle Architekten<\/strong> &#8211; Ing. <strong>Sebastian N\u00f6dl<\/strong>, 2226 GmbH, Lustenau<br \/>\n&#8211; Wie funktioniert das Prinzip 2226<br \/>\n&#8211; Geometrie und Kubaturen von Geb\u00e4uden<br \/>\n&#8211; Einblick in das einfache Bauen<br \/>\n&#8211; Balance aus Materialisierung, Kompaktheit, Glasfl\u00e4chen und Synergie von Verzicht von konventioneller Haustechnik und moderner Geb\u00e4udeautomatisierung<br \/>\n&#8211; Nutzungsneutralit\u00e4t von 2226 Geb\u00e4uden<br \/>\n&#8211; Projektbeispiele<\/p>\n<p>13:00 Ende der Veranstaltung<br \/>\n<strong><br \/>\nSprache:<br \/>\n<\/strong>Deutsch (ohne \u00dcbersetzungen)<\/p>\n<p>Crediti formativi professionali previsti per | Berufliche Fortbildungscredits f\u00fcr:<\/p>\n<ul>\n<li>Architetti BZ | Architekten BZ: 4 CFP | 4 BFC<\/li>\n<li>Ingegneri BZ | Ingenieure BZ:\u00a0 CFP |\u00a0 BFC (richiesti | angefragt)<\/li>\n<li>Periti Industriali BZ:\u00a0 4 CFP |\u00a0 4 BFC<\/li>\n<li>Geometri BZ | Geometer BZ: 4 CFP | 4 BFC<\/li>\n<\/ul>\n<p>In Zusammenarbeit mit:<\/p>\n<p><img decoding=\"async\" class=\"\" src=\"https:\/\/archacademy.it\/wp-content\/uploads\/2023\/12\/tophaus_slide1.png\" width=\"257\" height=\"120\" \/><\/p>\n","protected":false},"author":92727,"featured_media":79972,"comment_status":"closed","ping_status":"closed","template":"","meta":{"_expiration-date-status":"","_expiration-date":0,"_expiration-date-type":"","_expiration-date-categories":[],"_expiration-date-options":[]},"product_cat":[298,267],"product_tag":[],"class_list":{"0":"post-79920","1":"product","2":"type-product","3":"status-publish","4":"has-post-thumbnail","6":"product_cat-architettura-2","7":"product_cat-onsite","8":"myxclima-home","9":"tm-has-options","11":"first","12":"outofstock","13":"virtual","14":"sold-individually","15":"taxable","16":"purchasable","17":"product-type-simple"},"_links":{"self":[{"href":"https:\/\/archacademy.it\/de\/wp-json\/wp\/v2\/product\/79920"}],"collection":[{"href":"https:\/\/archacademy.it\/de\/wp-json\/wp\/v2\/product"}],"about":[{"href":"https:\/\/archacademy.it\/de\/wp-json\/wp\/v2\/types\/product"}],"author":[{"embeddable":true,"href":"https:\/\/archacademy.it\/de\/wp-json\/wp\/v2\/users\/92727"}],"replies":[{"embeddable":true,"href":"https:\/\/archacademy.it\/de\/wp-json\/wp\/v2\/comments?post=79920"}],"wp:featuredmedia":[{"embeddable":true,"href":"https:\/\/archacademy.it\/de\/wp-json\/wp\/v2\/media\/79972"}],"wp:attachment":[{"href":"https:\/\/archacademy.it\/de\/wp-json\/wp\/v2\/media?parent=79920"}],"wp:term":[{"taxonomy":"product_cat","embeddable":true,"href":"https:\/\/archacademy.it\/de\/wp-json\/wp\/v2\/product_cat?post=79920"},{"taxonomy":"product_tag","embeddable":true,"href":"https:\/\/archacademy.it\/de\/wp-json\/wp\/v2\/product_tag?post=79920"}],"curies":[{"name":"wp","href":"https:\/\/api.w.org\/{rel}","templated":true}]}}