{"id":79197,"date":"2024-03-23T16:57:12","date_gmt":"2024-03-23T15:57:12","guid":{"rendered":"https:\/\/archacademy.it\/?post_type=product&#038;p=79197"},"modified":"2024-06-21T12:47:12","modified_gmt":"2024-06-21T10:47:12","slug":"der-estrich-im-bauwesen-4","status":"publish","type":"product","link":"https:\/\/archacademy.it\/de\/prodotto\/der-estrich-im-bauwesen-4\/","title":{"rendered":"Der Estrich im Bauwesen"},"content":{"rendered":"","protected":false},"excerpt":{"rendered":"<p>Eine zielgerechte und korrekte Planung und Dimensionierung des Estrich -Gewerkes nach neuestem Stand der Technik erm\u00f6glicht eine h\u00f6here Effizienz in Ihrem Bauvorhaben und macht das Gewerk zu einer sicheren, zuverl\u00e4ssig planbaren Gr\u00f6\u00dfe.<br \/>\nDie Anforderungen hinsichtlich des Lastfalls, des Oberbelags, der Belegreife, der Fu\u00dfbodenheizung und weitere, unter Ber\u00fccksichtigung der einschl\u00e4gigen Normen, sind dabei ausschlaggebend.<\/p>\n<p><strong>Progamminhalt:<\/strong><\/p>\n<ul>\n<li>Allgemeine Normen<\/li>\n<li>Festlegung der Estrich-Nenndicke und Mindestfestigkeit in Abh\u00e4ngigkeit von der Nutzlast und vom Belag<\/li>\n<li>Dampfbremse<\/li>\n<li>Fugen<\/li>\n<li>Estrich richtig ausschreiben UNI EN 13813<\/li>\n<li>Estrich richtig pr\u00fcfen<\/li>\n<li>Mehr Sicherheit durch zertifizierte Estriche<\/li>\n<\/ul>\n<p><strong>Referenten:<br \/>\nDaniel Rogen<\/strong>, Direktion PCT Italia, Gargazon<\/p>\n<p><strong>Sprache:<br \/>\n<\/strong>Deutsch (ohne \u00dcbersetzungen)<\/p>\n<p style=\"color: orange;\"><strong>Diese Fortbildung ist eine Wiederholung der Fortbildungen vom 07., 14. und 21\/05\/2024. Fortbildungscredits sind nur f\u00fcr eine Teilnahme vorgesehen.<\/strong><\/p>\n<p>Es ist ein Mittagessen mit dem Referenten und den Teilnehmern <strong>vor der Fortbildung vorgesehen, Treffpunkt: 12.30 Uhr<\/strong> &#8211; Raffeiner Orchideenwelt, Reichstra\u00dfe 26 &#8211; 39010 Gargazon (BZ). Wir bitten Sie Ihre Anwesenheit am Mittagessen, welcher in der Teilnahmegeb\u00fchr inbegriffen ist, im Zuge der Anmeldung zu best\u00e4tigen.<\/p>\n<p>Parkm\u00f6glichkeiten gibt es an der Orchidenwelt gegen\u00fcber dem Veranstaltungsort. Bitte nutzen Sie die M\u00f6glichkeit der Bildung von Fahrgemeinschaften, welche das Anmeldesystem zur Verf\u00fcgung stellt.<\/p>\n<p>In Zusammenarbeit mit:<\/p>\n<p><a href=\"https:\/\/www.retanol.it\/\"><img decoding=\"async\" class=\"\" src=\"https:\/\/archacademy.it\/wp-content\/uploads\/2021\/01\/RETANOL-SCHRIFTZUG-e1611213006144.jpg\" width=\"235\" height=\"65\" \/><\/a><\/p>\n","protected":false},"author":92727,"featured_media":61331,"comment_status":"closed","ping_status":"closed","template":"","meta":{"_expiration-date-status":"","_expiration-date":0,"_expiration-date-type":"","_expiration-date-categories":[],"_expiration-date-options":[]},"product_cat":[267],"product_tag":[],"class_list":{"0":"post-79197","1":"product","2":"type-product","3":"status-publish","4":"has-post-thumbnail","6":"product_cat-onsite","7":"myxclima-home","8":"tm-has-options","10":"first","11":"onbackorder","12":"downloadable","13":"virtual","14":"sold-individually","15":"taxable","16":"purchasable","17":"product-type-simple"},"_links":{"self":[{"href":"https:\/\/archacademy.it\/de\/wp-json\/wp\/v2\/product\/79197"}],"collection":[{"href":"https:\/\/archacademy.it\/de\/wp-json\/wp\/v2\/product"}],"about":[{"href":"https:\/\/archacademy.it\/de\/wp-json\/wp\/v2\/types\/product"}],"author":[{"embeddable":true,"href":"https:\/\/archacademy.it\/de\/wp-json\/wp\/v2\/users\/92727"}],"replies":[{"embeddable":true,"href":"https:\/\/archacademy.it\/de\/wp-json\/wp\/v2\/comments?post=79197"}],"wp:featuredmedia":[{"embeddable":true,"href":"https:\/\/archacademy.it\/de\/wp-json\/wp\/v2\/media\/61331"}],"wp:attachment":[{"href":"https:\/\/archacademy.it\/de\/wp-json\/wp\/v2\/media?parent=79197"}],"wp:term":[{"taxonomy":"product_cat","embeddable":true,"href":"https:\/\/archacademy.it\/de\/wp-json\/wp\/v2\/product_cat?post=79197"},{"taxonomy":"product_tag","embeddable":true,"href":"https:\/\/archacademy.it\/de\/wp-json\/wp\/v2\/product_tag?post=79197"}],"curies":[{"name":"wp","href":"https:\/\/api.w.org\/{rel}","templated":true}]}}