{"id":77614,"date":"2023-12-18T15:32:19","date_gmt":"2023-12-18T14:32:19","guid":{"rendered":"https:\/\/archacademy.it\/?post_type=product&#038;p=77614"},"modified":"2024-01-31T10:52:26","modified_gmt":"2024-01-31T09:52:26","slug":"holzbaukongress-2024","status":"publish","type":"product","link":"https:\/\/archacademy.it\/de\/prodotto\/holzbaukongress-2024\/","title":{"rendered":"Holzbaukongress 2024"},"content":{"rendered":"","protected":false},"excerpt":{"rendered":"<p>Wir freuen uns, Sie zu unserem bevorstehenden Holzbaukongress \u201c<strong>BAUEN MIT HOLZ \u2013 VON DER PLANUNG BIS ZUR MONTAGE<\/strong>\u201d einzuladen. Die Tagung bietet Einblicke von renommierten Referenten aus verschiedenen Bereichen der Forst- und Holzwirtschaft.<\/p>\n<p><strong>Programm:<\/strong><\/p>\n<ul>\n<li><strong>08.00<\/strong> Registrierung Teilnehmer<\/li>\n<li><strong>09.00<\/strong> Gru\u00dfworte lvh.apa Wirtschaftsverband, Architektenkammer, Ingenieurkammer, Pro Ramus, IDM<\/li>\n<li><strong>09.15<\/strong> <strong>Dipl. -Ing. Michael Stauder (IDM)<\/strong> \u2013 Kurzreferat \u00fcber Wertsch\u00f6pfung in der S\u00fcdtiroler Wald- und Holzwirtschaft<\/li>\n<li><strong>0<\/strong><b>9.45 <\/b><strong>Univ.-Prof. Tom Kaden<\/strong> (Professor Universit\u00e4t Graz) &#8211; Urbaner Holzbau<\/li>\n<li><strong>10.15<\/strong> <strong>Dipl. -Ing. Konrad Merz<\/strong> (Holzbaustatiker Vorarlberg) &#8211; Holzbau Status Quo<\/li>\n<li><strong>11.00<\/strong> Kaffeepause &#8211; Unterst\u00fctzt von Rothoblaas<\/li>\n<li><strong>11.30<\/strong> <strong>Arch. Stefan Gamper<\/strong> Master of Engineering (Architekt Klausen) &#8211; Werkbericht mit Architektonischen Details<\/li>\n<li><strong>12.00<\/strong> <strong>Dipl.Ing.Dr.techn. Georg Stecher<\/strong> (Prad am Stilfserjoch) &#8211; Brettsperrholz &#8211; Stand der Technik &#8211; Blick in die Zukunft<\/li>\n<li><strong>12.45<\/strong> Gemeinsamer Vortrag &#8211; <strong>Manuel Benedikter<\/strong> (Architekt), <strong>Hubert Gruber<\/strong> (Bauherr)- Sanierung und Neubau im Doppelpack &#8211; \u00f6kologisches und zeitgem\u00e4\u00dfes Wohndesign<\/li>\n<li>Diskussion und Fragerunde<\/li>\n<li><strong>13.30<\/strong> Networking lunch<\/li>\n<\/ul>\n<p><strong>MODERATOR<\/strong>: Matthias Ammann<br \/>\n<strong>SPRACHE<\/strong>: Deutsch (ohne \u00dcbersetzungen)<\/p>\n<p>Crediti formativi professionali previsti anche per | Berufliche Fortbildungscredits auch f\u00fcr:<\/p>\n<ul>\n<li>Ingegneri BZ | Ingenieure BZ: 5 CFP | BFC<\/li>\n<li>Geometri BZ | Geometer BZ: richiesto | angefragt<\/li>\n<li>Periti Industriali BZ: richiesto\u00a0|\u00a0angefragt<\/li>\n<\/ul>\n","protected":false},"author":94,"featured_media":77815,"comment_status":"closed","ping_status":"closed","template":"","meta":{"_expiration-date-status":"","_expiration-date":0,"_expiration-date-type":"","_expiration-date-categories":[],"_expiration-date-options":[]},"product_cat":[298],"product_tag":[],"class_list":{"0":"post-77614","1":"product","2":"type-product","3":"status-publish","4":"has-post-thumbnail","6":"product_cat-architettura-2","7":"myxclima-home","8":"tm-has-options","10":"first","11":"outofstock","12":"downloadable","13":"virtual","14":"sold-individually","15":"taxable","16":"purchasable","17":"product-type-simple"},"_links":{"self":[{"href":"https:\/\/archacademy.it\/de\/wp-json\/wp\/v2\/product\/77614"}],"collection":[{"href":"https:\/\/archacademy.it\/de\/wp-json\/wp\/v2\/product"}],"about":[{"href":"https:\/\/archacademy.it\/de\/wp-json\/wp\/v2\/types\/product"}],"author":[{"embeddable":true,"href":"https:\/\/archacademy.it\/de\/wp-json\/wp\/v2\/users\/94"}],"replies":[{"embeddable":true,"href":"https:\/\/archacademy.it\/de\/wp-json\/wp\/v2\/comments?post=77614"}],"wp:featuredmedia":[{"embeddable":true,"href":"https:\/\/archacademy.it\/de\/wp-json\/wp\/v2\/media\/77815"}],"wp:attachment":[{"href":"https:\/\/archacademy.it\/de\/wp-json\/wp\/v2\/media?parent=77614"}],"wp:term":[{"taxonomy":"product_cat","embeddable":true,"href":"https:\/\/archacademy.it\/de\/wp-json\/wp\/v2\/product_cat?post=77614"},{"taxonomy":"product_tag","embeddable":true,"href":"https:\/\/archacademy.it\/de\/wp-json\/wp\/v2\/product_tag?post=77614"}],"curies":[{"name":"wp","href":"https:\/\/api.w.org\/{rel}","templated":true}]}}