{"id":74831,"date":"2023-09-19T18:21:15","date_gmt":"2023-09-19T16:21:15","guid":{"rendered":"https:\/\/archacademy.it\/?post_type=product&#038;p=74831"},"modified":"2024-02-14T12:43:46","modified_gmt":"2024-02-14T11:43:46","slug":"das-gemeindeentwicklungsprogramm-zielsetzung-il-piano-di-sviluppo-comunale-finalita","status":"publish","type":"product","link":"https:\/\/archacademy.it\/de\/prodotto\/das-gemeindeentwicklungsprogramm-zielsetzung-il-piano-di-sviluppo-comunale-finalita\/","title":{"rendered":"Das Gemeindeentwicklungsprogramm: Zielsetzungen | Il Programma di sviluppo comunale: finalit\u00e0"},"content":{"rendered":"","protected":false},"excerpt":{"rendered":"<table style=\"height: 100%; width: 800px;\" border=\"0\" cellspacing=\"0\" cellpadding=\"0\">\n<tbody>\n<tr>\n<td style=\"text-align: left; vertical-align: top; width: 50%;\">Formazione ONLINE per gli esperti e le esperte delle Commissioni comunali per il territorio e il paesaggio.<\/p>\n<p>Formazione obbligatoria organizzata dall\u2019Ufficio pianificazione comunale, per<strong>\u00a0tutti coloro che sono iscritti nel registro degli esperti e delle esperte<\/strong>\u00a0in materia di urbanistica, natura, paesaggio, cultura edilizia, economia, sociale, scienze agrarie e forestali e pericoli naturali e tutti gli interessati.<\/p>\n<p>La formazione affronta le finalit\u00e0 del Programma di sviluppo comunale che sono l\u2019elevata qualit\u00e0 di vita e il risparmio delle risorse e si concentra sui temi fondamentali che si riassumono in: sviluppo degli insediamenti, paesaggio e spazi verdi, spazio abitativo, partecipazione e mobilit\u00e0.<\/p>\n<p><strong><a href=\"https:\/\/archacademy.it\/esperti-urbanistica-10112023\/\">PROGRAMMA<\/a><\/strong><\/p>\n<p>Crediti formativi professionali anche per:<\/p>\n<ul>\n<li>Ingegneri BZ: 4 CFP\u00a0(confermati)<\/li>\n<li>Periti Industriali BZ: 4 CFP (confermati)<\/li>\n<li>Geometri BZ: 4 CFP (confermati)<\/li>\n<\/ul>\n<\/td>\n<td style=\"text-align: left; vertical-align: top; width: 50%;\">ONLINE Fortbildung f\u00fcr die Sachverst\u00e4ndigen der Gemeindekommissionen f\u00fcr Raum und Landschaft<\/p>\n<p>Obligatorische\u00a0<strong>Fortbildung f\u00fcr alle in den Verzeichnissen eingetragenen Sachverst\u00e4ndigen<\/strong>\u00a0f\u00fcr Raumordnung, Natur, Landschaft, Baukultur, Wirtschaft, Soziales, Landwirtschafts- und Forstwissenschaften und Naturgefahren und alle Interessierten organisiert vom Amt f\u00fcr Gemeindeplanung.<\/p>\n<p>Die Fortbildung befasst sich mit den Zielen des Gemeindeentwicklungsprogrammes, die eine hohe Lebensqualit\u00e4t und die Schonung von Ressourcen sind und gibt Einblick in dessen Schwerpunkte: Siedlungsentwicklung, Landschaft und Gr\u00fcnr\u00e4ume, Lebensraum, Partizipation und Mobilit\u00e4t.<\/p>\n<p><strong><a href=\"https:\/\/archacademy.it\/de\/sachverstaendige-raumordnung-10112023\/\">PROGRAMM<\/a><\/strong><\/p>\n<p>Berufliche Fortbildungscredits auch f\u00fcr:<\/p>\n<ul>\n<li>Ingenieure BZ: 4\u00a0BFC (best\u00e4tigt)<\/li>\n<li>Periti Industriali BZ: 4 BFC (best\u00e4tigt)<\/li>\n<li>Geometer BZ: 4 BFC (best\u00e4tigt)<\/li>\n<\/ul>\n<\/td>\n<\/tr>\n<\/tbody>\n<\/table>\n","protected":false},"author":94,"featured_media":75430,"comment_status":"closed","ping_status":"closed","template":"","meta":{"_expiration-date-status":"","_expiration-date":0,"_expiration-date-type":"","_expiration-date-categories":[],"_expiration-date-options":[]},"product_cat":[297],"product_tag":[],"class_list":{"0":"post-74831","1":"product","2":"type-product","3":"status-publish","4":"has-post-thumbnail","6":"product_cat-architettura","7":"myxclima-home","8":"tm-has-options","10":"first","11":"outofstock","12":"virtual","13":"sold-individually","14":"taxable","15":"purchasable","16":"product-type-simple"},"_links":{"self":[{"href":"https:\/\/archacademy.it\/de\/wp-json\/wp\/v2\/product\/74831"}],"collection":[{"href":"https:\/\/archacademy.it\/de\/wp-json\/wp\/v2\/product"}],"about":[{"href":"https:\/\/archacademy.it\/de\/wp-json\/wp\/v2\/types\/product"}],"author":[{"embeddable":true,"href":"https:\/\/archacademy.it\/de\/wp-json\/wp\/v2\/users\/94"}],"replies":[{"embeddable":true,"href":"https:\/\/archacademy.it\/de\/wp-json\/wp\/v2\/comments?post=74831"}],"wp:featuredmedia":[{"embeddable":true,"href":"https:\/\/archacademy.it\/de\/wp-json\/wp\/v2\/media\/75430"}],"wp:attachment":[{"href":"https:\/\/archacademy.it\/de\/wp-json\/wp\/v2\/media?parent=74831"}],"wp:term":[{"taxonomy":"product_cat","embeddable":true,"href":"https:\/\/archacademy.it\/de\/wp-json\/wp\/v2\/product_cat?post=74831"},{"taxonomy":"product_tag","embeddable":true,"href":"https:\/\/archacademy.it\/de\/wp-json\/wp\/v2\/product_tag?post=74831"}],"curies":[{"name":"wp","href":"https:\/\/api.w.org\/{rel}","templated":true}]}}