{"id":72662,"date":"2023-05-01T17:11:01","date_gmt":"2023-05-01T15:11:01","guid":{"rendered":"https:\/\/archacademy.it\/?post_type=product&#038;p=72662"},"modified":"2023-05-31T18:52:29","modified_gmt":"2023-05-31T16:52:29","slug":"die-qualitat-in-den-durchfuhrungsplanen-la-qualita-nei-piani-dattuazione","status":"publish","type":"product","link":"https:\/\/archacademy.it\/de\/prodotto\/die-qualitat-in-den-durchfuhrungsplanen-la-qualita-nei-piani-dattuazione\/","title":{"rendered":"Die Qualit\u00e4t in den Durchf\u00fchrungspl\u00e4nen | La qualit\u00e0 nei Piani d\u2019attuazione"},"content":{"rendered":"<p>[vc_row][vc_column width=&#8221;1\/1&#8243;][vc_button border_width=&#8221;0&#8243;]INDIETRO[\/vc_button][\/vc_column][\/vc_row]<\/p>\n","protected":false},"excerpt":{"rendered":"<p>[vc_row][vc_column width=&#8221;1\/1&#8243;][vc_button border_width=&#8221;0&#8243;]INDIETRO[\/vc_button][\/vc_column][\/vc_row]<\/p>\n","protected":false},"author":94,"featured_media":72693,"comment_status":"closed","ping_status":"closed","template":"","meta":{"_expiration-date-status":"","_expiration-date":0,"_expiration-date-type":"","_expiration-date-categories":[],"_expiration-date-options":[]},"product_cat":[289],"product_tag":[],"class_list":{"0":"post-72662","1":"product","2":"type-product","3":"status-publish","4":"has-post-thumbnail","6":"product_cat-webinar-esterni","7":"tm-has-options","9":"first","10":"outofstock","11":"virtual","12":"sold-individually","13":"taxable","14":"purchasable","15":"product-type-simple"},"_links":{"self":[{"href":"https:\/\/archacademy.it\/de\/wp-json\/wp\/v2\/product\/72662"}],"collection":[{"href":"https:\/\/archacademy.it\/de\/wp-json\/wp\/v2\/product"}],"about":[{"href":"https:\/\/archacademy.it\/de\/wp-json\/wp\/v2\/types\/product"}],"author":[{"embeddable":true,"href":"https:\/\/archacademy.it\/de\/wp-json\/wp\/v2\/users\/94"}],"replies":[{"embeddable":true,"href":"https:\/\/archacademy.it\/de\/wp-json\/wp\/v2\/comments?post=72662"}],"wp:featuredmedia":[{"embeddable":true,"href":"https:\/\/archacademy.it\/de\/wp-json\/wp\/v2\/media\/72693"}],"wp:attachment":[{"href":"https:\/\/archacademy.it\/de\/wp-json\/wp\/v2\/media?parent=72662"}],"wp:term":[{"taxonomy":"product_cat","embeddable":true,"href":"https:\/\/archacademy.it\/de\/wp-json\/wp\/v2\/product_cat?post=72662"},{"taxonomy":"product_tag","embeddable":true,"href":"https:\/\/archacademy.it\/de\/wp-json\/wp\/v2\/product_tag?post=72662"}],"curies":[{"name":"wp","href":"https:\/\/api.w.org\/{rel}","templated":true}]}}