{"id":71943,"date":"2023-04-02T21:55:54","date_gmt":"2023-04-02T19:55:54","guid":{"rendered":"https:\/\/archacademy.it\/?post_type=product&#038;p=71943"},"modified":"2023-08-03T09:32:08","modified_gmt":"2023-08-03T07:32:08","slug":"architektonischer-holzbau-akustik-und-wohnkomfort","status":"publish","type":"product","link":"https:\/\/archacademy.it\/de\/prodotto\/architektonischer-holzbau-akustik-und-wohnkomfort\/","title":{"rendered":"Architektonischer Holzbau : Akustik und Wohnkomfort"},"content":{"rendered":"","protected":false},"excerpt":{"rendered":"<p>Wohnkomfort ist ein zentrales Thema bei der Planung von Geb\u00e4uden. Die Verwendung von Holz gibt bereits die Grundlage f\u00fcr ein naturverbundenes Wohnen und Arbeiten. Jedoch sind auch viele andere Aspekte zu beachten. Vor allem bei mehrst\u00f6ckigen Geb\u00e4uden spielt die Schalld\u00e4mmung eine wichtige Rolle. Wir zeigen Ihnen L\u00f6sungen, mit denen Sie R\u00e4umen die notwendige Ruhe und Stille verleihen k\u00f6nnen. Ein Luxus, der oft untersch\u00e4tzt wird.<br \/>\nSichern Sie jetzt Ihre Teilnahme &#8211; Begrenzte Teilnehmeranzahl!<\/p>\n<p>Es steht ein kostenloser Bus f\u00fcr den Transfer nach Eyrs zur Verf\u00fcgung.<\/p>\n<p><strong>Programm:<\/strong><\/p>\n<ul>\n<li>07:00 Abfahrt Autobahnausfahrt Vahrn mit Zwischenstopp Bozen S\u00fcd\u00a0 &#8211; Parkplatz Firmian (07:45 Uhr); Parkplatz Algunder Waalweg &#8211; Algund (08:15 Uhr)<\/li>\n<li>09:00 &#8211; 09:15 Ankunft Produktionshalle Holzius Eyrs, Begr\u00fc\u00dfung &#8211; <strong>Peter Lang<\/strong> &#8211; Rothoblaas<\/li>\n<li>09:15 &#8211; 10:45 Pr\u00e4sentation der neuen Produktionshalle von Holzius mit Rundgang, <strong>Herbert Niederfriniger<\/strong>, Arch. <strong>J\u00fcrgen Walln\u00f6fer<\/strong><\/li>\n<li>10:45 &#8211; 11:00 Kaffeepause<\/li>\n<li>11:00 &#8211; 12:30 Gute Akustik &#8211; mehr Komfort: die Forschung macht\u2019s m\u00f6glich!, Prof. <strong>Anton Kraler<\/strong> &#8211; Universit\u00e4t Innsbruck<\/li>\n<li>12:30 &#8211; 13:00 Networking und Austausch zwischen Referenten und Teilnehmer<\/li>\n<li>13:00 &#8211; 14:00 Mittagspause<\/li>\n<li>14:00 &#8211; 14:30 Bauen mit Vollholz: Referenzbeispiele , <strong>Herbert Niederfriniger<\/strong> &#8211; Holzius<\/li>\n<li>14:30 &#8211; 14:45 Update Aktivit\u00e4t ProRamus,\u00a0<strong>Michael Stauder<\/strong> &#8211; IDM Wood &amp; Construction Innovation<\/li>\n<li>14:45 &#8211; 16:30 Besichtigung eines naheliegenden Projekts<\/li>\n<li>16:30 Ende der Veranstaltung und R\u00fcckfahrt<\/li>\n<\/ul>\n<p><strong>Lingua | Sprache: <\/strong>Tedesco (senza traduzioni) | Deutsch (ohne \u00dcbersetzungen)<\/p>\n<p><strong>Anmeldeschluss<\/strong>: 21\/07\/2023<\/p>\n<p><strong>Crediti formativi professionali previsti anche per | Berufliche Fortbildungscredits auch f\u00fcr:<\/strong><\/p>\n<p>Geometri BZ | Geometer BZ: 6 CFP | BFC<\/p>\n","protected":false},"author":92727,"featured_media":71944,"comment_status":"closed","ping_status":"closed","template":"","meta":{"_expiration-date-status":"","_expiration-date":0,"_expiration-date-type":"","_expiration-date-categories":[],"_expiration-date-options":[]},"product_cat":[298,267],"product_tag":[],"class_list":{"0":"post-71943","1":"product","2":"type-product","3":"status-publish","4":"has-post-thumbnail","6":"product_cat-architettura-2","7":"product_cat-onsite","8":"myxclima-home","9":"tm-has-options","11":"first","12":"outofstock","13":"virtual","14":"sold-individually","15":"taxable","16":"purchasable","17":"product-type-simple"},"_links":{"self":[{"href":"https:\/\/archacademy.it\/de\/wp-json\/wp\/v2\/product\/71943"}],"collection":[{"href":"https:\/\/archacademy.it\/de\/wp-json\/wp\/v2\/product"}],"about":[{"href":"https:\/\/archacademy.it\/de\/wp-json\/wp\/v2\/types\/product"}],"author":[{"embeddable":true,"href":"https:\/\/archacademy.it\/de\/wp-json\/wp\/v2\/users\/92727"}],"replies":[{"embeddable":true,"href":"https:\/\/archacademy.it\/de\/wp-json\/wp\/v2\/comments?post=71943"}],"wp:featuredmedia":[{"embeddable":true,"href":"https:\/\/archacademy.it\/de\/wp-json\/wp\/v2\/media\/71944"}],"wp:attachment":[{"href":"https:\/\/archacademy.it\/de\/wp-json\/wp\/v2\/media?parent=71943"}],"wp:term":[{"taxonomy":"product_cat","embeddable":true,"href":"https:\/\/archacademy.it\/de\/wp-json\/wp\/v2\/product_cat?post=71943"},{"taxonomy":"product_tag","embeddable":true,"href":"https:\/\/archacademy.it\/de\/wp-json\/wp\/v2\/product_tag?post=71943"}],"curies":[{"name":"wp","href":"https:\/\/api.w.org\/{rel}","templated":true}]}}