{"id":67010,"date":"2022-08-05T16:20:12","date_gmt":"2022-08-05T14:20:12","guid":{"rendered":"https:\/\/archacademy.it\/?post_type=product&#038;p=67010"},"modified":"2022-10-26T12:09:49","modified_gmt":"2022-10-26T10:09:49","slug":"alles-nur-huelle-fassaden-sonnenschutz-akustik","status":"publish","type":"product","link":"https:\/\/archacademy.it\/de\/prodotto\/alles-nur-huelle-fassaden-sonnenschutz-akustik\/","title":{"rendered":"ALLES NUR H\u00dcLLE? Fassaden | Sonnenschutz | Akustik"},"content":{"rendered":"","protected":false},"excerpt":{"rendered":"<p>Es freut uns Sie zu unserer ersten Veranstaltung in Zusammenarbeit mit unserem Partner METALL RITTEN einzuladen.<\/p>\n<p>Namhafte Referenten berichten \u00fcber Ihre Erfahrungen und geben Ausblicke \u00fcber technische M\u00f6glichkeiten im Bereich Statik, Akustik und Sonnenschutz.<\/p>\n<p><strong>Programma | Programm:<\/strong><\/p>\n<ul>\n<li><strong><span style=\"font-weight: 400;\"><strong>Parole introduttive | Einleitende Worte<\/strong> | <\/span><\/strong>Arch. Verena Unterberger, Pr\u00e4sidentin archacademy<strong><br \/>\n<\/strong><\/li>\n<li><strong><span style=\"font-weight: 400;\"><strong><strong>Wer im Glashaus sitzt\u2026<\/strong><span style=\"font-weight: 400;\">\u00a0| Arch. Werner Tscholl<\/span><\/strong><\/span><\/strong><\/li>\n<li><strong>Transparenz mit Glas\u00a0<\/strong> | Ing. Roland Rossi,\u00a0gbd constructive thinking<\/li>\n<li>\u00a0<strong>Komfort in jeder Situation, aber wie?<\/strong> |\u00a0 Prof. an IU-Universit\u00e4t \u00a0Oscar Stuffer, Solarraum<\/li>\n<li><strong>\u00a0Der n\u00e4chste Sommer kommt bestimmt<\/strong> | Herr Thomas K\u00f6lly, ODG 2.0<\/li>\n<li>\u00a0<strong>\u00a0\u2026 mehr als nur H\u00fclle<\/strong> | Arch. Manuel Gschnell<\/li>\n<\/ul>\n<p><strong>Metall Ritten l\u00e4dt zum Abschluss zu einem Umtrunk mit kulinarischen Spezialit\u00e4ten.<\/strong><\/p>\n<p>Conducono | Moderation:<br \/>\nChristoph Wenter und Veronika Graf<\/p>\n<p><strong>Lingua | Sprache:<\/strong><br \/>\nTedesco (senza traduzione) | Deutsch (ohne \u00dcbersetzung)<\/p>\n<p><strong>Termine Iscrizione | Anmeldeschluss<\/strong><br \/>\n18.10.2022<\/p>\n<p>Die Teilnehmeranzahl ist begrenzt!!<\/p>\n<p>Con il gentile sostegno di |\u00a0 Mit freundlicher Unterst\u00fctzung von<br \/>\n<img decoding=\"async\" class=\"\" src=\"https:\/\/archacademy.it\/wp-content\/uploads\/2022\/07\/Metall-Ritten-1024x302.png\" width=\"410\" height=\"121\" \/><\/p>\n<p>Bild: ATIS_B\u00fcrogeb\u00e4ude \u00a9Davide Perbellini<\/p>\n","protected":false},"author":92727,"featured_media":67220,"comment_status":"closed","ping_status":"closed","template":"","meta":{"_expiration-date-status":"","_expiration-date":0,"_expiration-date-type":"","_expiration-date-categories":[],"_expiration-date-options":[]},"product_cat":[298],"product_tag":[],"class_list":{"0":"post-67010","1":"product","2":"type-product","3":"status-publish","4":"has-post-thumbnail","6":"product_cat-architettura-2","7":"myxclima-home","8":"tm-has-options","10":"first","11":"outofstock","12":"virtual","13":"sold-individually","14":"taxable","15":"purchasable","16":"product-type-simple"},"_links":{"self":[{"href":"https:\/\/archacademy.it\/de\/wp-json\/wp\/v2\/product\/67010"}],"collection":[{"href":"https:\/\/archacademy.it\/de\/wp-json\/wp\/v2\/product"}],"about":[{"href":"https:\/\/archacademy.it\/de\/wp-json\/wp\/v2\/types\/product"}],"author":[{"embeddable":true,"href":"https:\/\/archacademy.it\/de\/wp-json\/wp\/v2\/users\/92727"}],"replies":[{"embeddable":true,"href":"https:\/\/archacademy.it\/de\/wp-json\/wp\/v2\/comments?post=67010"}],"wp:featuredmedia":[{"embeddable":true,"href":"https:\/\/archacademy.it\/de\/wp-json\/wp\/v2\/media\/67220"}],"wp:attachment":[{"href":"https:\/\/archacademy.it\/de\/wp-json\/wp\/v2\/media?parent=67010"}],"wp:term":[{"taxonomy":"product_cat","embeddable":true,"href":"https:\/\/archacademy.it\/de\/wp-json\/wp\/v2\/product_cat?post=67010"},{"taxonomy":"product_tag","embeddable":true,"href":"https:\/\/archacademy.it\/de\/wp-json\/wp\/v2\/product_tag?post=67010"}],"curies":[{"name":"wp","href":"https:\/\/api.w.org\/{rel}","templated":true}]}}