{"id":63834,"date":"2022-03-10T16:29:57","date_gmt":"2022-03-10T15:29:57","guid":{"rendered":"https:\/\/archacademy.it\/?post_type=product&#038;p=63834"},"modified":"2022-05-06T14:37:32","modified_gmt":"2022-05-06T12:37:32","slug":"workshop-b-il-premio-nuova-architettura-alpina-il-significato-a-ventanni-di-distanza","status":"publish","type":"product","link":"https:\/\/archacademy.it\/de\/prodotto\/workshop-b-il-premio-nuova-architettura-alpina-il-significato-a-ventanni-di-distanza\/","title":{"rendered":"Workshop: Landesbeirat f\u00fcr Baukultur und Landschaft &#8211; T\u00e4tigkeiten und Leistungen f\u00fcr die Gemeinden | Comitato per la cultura edilizia e il paesaggio &#8211; Attivit\u00e0 e servizi per i Comuni"},"content":{"rendered":"<p>[vc_row][vc_column width=&#8221;1\/1&#8243;][vc_button border_width=&#8221;0&#8243;]INDIETRO[\/vc_button][\/vc_column][\/vc_row]<\/p>\n","protected":false},"excerpt":{"rendered":"<p>Workshop B: Il Premio Nuova Architettura Alpina. Il significato a vent\u2019anni di distanza<\/p>\n","protected":false},"author":94,"featured_media":63836,"comment_status":"closed","ping_status":"closed","template":"","meta":{"_expiration-date-status":"","_expiration-date":0,"_expiration-date-type":"","_expiration-date-categories":[],"_expiration-date-options":[]},"product_cat":[289],"product_tag":[],"class_list":{"0":"post-63834","1":"product","2":"type-product","3":"status-publish","4":"has-post-thumbnail","6":"product_cat-webinar-esterni","7":"tm-has-options","9":"first","10":"outofstock","11":"virtual","12":"sold-individually","13":"taxable","14":"purchasable","15":"product-type-simple"},"_links":{"self":[{"href":"https:\/\/archacademy.it\/de\/wp-json\/wp\/v2\/product\/63834"}],"collection":[{"href":"https:\/\/archacademy.it\/de\/wp-json\/wp\/v2\/product"}],"about":[{"href":"https:\/\/archacademy.it\/de\/wp-json\/wp\/v2\/types\/product"}],"author":[{"embeddable":true,"href":"https:\/\/archacademy.it\/de\/wp-json\/wp\/v2\/users\/94"}],"replies":[{"embeddable":true,"href":"https:\/\/archacademy.it\/de\/wp-json\/wp\/v2\/comments?post=63834"}],"wp:featuredmedia":[{"embeddable":true,"href":"https:\/\/archacademy.it\/de\/wp-json\/wp\/v2\/media\/63836"}],"wp:attachment":[{"href":"https:\/\/archacademy.it\/de\/wp-json\/wp\/v2\/media?parent=63834"}],"wp:term":[{"taxonomy":"product_cat","embeddable":true,"href":"https:\/\/archacademy.it\/de\/wp-json\/wp\/v2\/product_cat?post=63834"},{"taxonomy":"product_tag","embeddable":true,"href":"https:\/\/archacademy.it\/de\/wp-json\/wp\/v2\/product_tag?post=63834"}],"curies":[{"name":"wp","href":"https:\/\/api.w.org\/{rel}","templated":true}]}}