{"id":63718,"date":"2022-05-19T16:44:46","date_gmt":"2022-05-19T14:44:46","guid":{"rendered":"https:\/\/archacademy.it\/?post_type=product&#038;p=63718"},"modified":"2022-05-20T08:17:23","modified_gmt":"2022-05-20T06:17:23","slug":"baukultur-taetigkeiten-und-leistungen-fuer-die-gemeinden-cultura-edilizia-attivita-e-servizi-per-i-comuni","status":"publish","type":"product","link":"https:\/\/archacademy.it\/de\/prodotto\/baukultur-taetigkeiten-und-leistungen-fuer-die-gemeinden-cultura-edilizia-attivita-e-servizi-per-i-comuni\/","title":{"rendered":"Landesbeirat f\u00fcr Baukultur und Landschaft &#8211; T\u00e4tigkeiten und Leistungen f\u00fcr die Gemeinden | Comitato per la cultura edilizia e il paesaggio &#8211; Attivit\u00e0 e servizi per i Comuni"},"content":{"rendered":"<p>[vc_row][vc_column width=&#8221;1\/1&#8243;][vc_button border_width=&#8221;0&#8243;]INDIETRO[\/vc_button][\/vc_column][\/vc_row]<\/p>\n","protected":false},"excerpt":{"rendered":"<p>[vc_row][vc_column width=&#8221;1\/1&#8243;][vc_button border_width=&#8221;0&#8243;]INDIETRO[\/vc_button][\/vc_column][\/vc_row]<\/p>\n","protected":false},"author":91142,"featured_media":63827,"comment_status":"closed","ping_status":"closed","template":"","meta":{"_expiration-date-status":"","_expiration-date":0,"_expiration-date-type":"","_expiration-date-categories":[],"_expiration-date-options":[]},"product_cat":[289],"product_tag":[],"class_list":{"0":"post-63718","1":"product","2":"type-product","3":"status-publish","4":"has-post-thumbnail","6":"product_cat-webinar-esterni","7":"tm-has-options","9":"first","10":"outofstock","11":"downloadable","12":"virtual","13":"sold-individually","14":"taxable","15":"purchasable","16":"product-type-simple"},"_links":{"self":[{"href":"https:\/\/archacademy.it\/de\/wp-json\/wp\/v2\/product\/63718"}],"collection":[{"href":"https:\/\/archacademy.it\/de\/wp-json\/wp\/v2\/product"}],"about":[{"href":"https:\/\/archacademy.it\/de\/wp-json\/wp\/v2\/types\/product"}],"author":[{"embeddable":true,"href":"https:\/\/archacademy.it\/de\/wp-json\/wp\/v2\/users\/91142"}],"replies":[{"embeddable":true,"href":"https:\/\/archacademy.it\/de\/wp-json\/wp\/v2\/comments?post=63718"}],"wp:featuredmedia":[{"embeddable":true,"href":"https:\/\/archacademy.it\/de\/wp-json\/wp\/v2\/media\/63827"}],"wp:attachment":[{"href":"https:\/\/archacademy.it\/de\/wp-json\/wp\/v2\/media?parent=63718"}],"wp:term":[{"taxonomy":"product_cat","embeddable":true,"href":"https:\/\/archacademy.it\/de\/wp-json\/wp\/v2\/product_cat?post=63718"},{"taxonomy":"product_tag","embeddable":true,"href":"https:\/\/archacademy.it\/de\/wp-json\/wp\/v2\/product_tag?post=63718"}],"curies":[{"name":"wp","href":"https:\/\/api.w.org\/{rel}","templated":true}]}}