{"id":63642,"date":"2022-02-19T11:59:58","date_gmt":"2022-02-19T10:59:58","guid":{"rendered":"https:\/\/archacademy.it\/?post_type=product&#038;p=63642"},"modified":"2022-06-21T17:55:25","modified_gmt":"2022-06-21T15:55:25","slug":"raumakustik-praxisgerecht-erklaert","status":"publish","type":"product","link":"https:\/\/archacademy.it\/de\/prodotto\/raumakustik-praxisgerecht-erklaert\/","title":{"rendered":"Raumakustik praxisgerecht erkl\u00e4rt"},"content":{"rendered":"","protected":false},"excerpt":{"rendered":"<p>Raumakustik &#8211; individuelle L\u00f6sungen von h\u00f6chster Qualit\u00e4t, um jeden Raum entsprechend Kundenbed\u00fcrfnisse sowohl akustisch als auch architektonisch gestalten zu k\u00f6nnen.<\/p>\n<p>Programm:<\/p>\n<p><strong>Qualit\u00e4tswerte in der Raumakustik<\/strong><\/p>\n<p><strong>Gesetzliche Werte in der Raumakustik<\/strong><\/p>\n<p><strong>Schallabsorbierende Produkte und L\u00f6sungen:<\/strong><\/p>\n<ul>\n<li>Analyse Datenbl\u00e4tter<\/li>\n<li>Akustikdecken,<\/li>\n<li>Fugenlose Akustikdecken<\/li>\n<li>Schallabsorber Wand und Decke<\/li>\n<li>Referenzbaustellen<\/li>\n<li>Transparente Schallabsorber<\/li>\n<\/ul>\n<p><strong><br \/>\nReferenten:<br \/>\nDr. Arch. Raimund Thaler<\/strong>, Akustiker<br \/>\n<strong>Geom. Elmar Tapfer<\/strong>, TopHaus<\/p>\n<p><strong>Sprache:<br \/>\n<\/strong>Deutsch<\/p>\n<p><strong>Zugelassene Teilnehmer:<br \/>\nAus aktuellem Anlass sind max. 25 Personen zugelassen; zudem ist die Fortbildung den Eingeschriebenen Architekten RLD Bozen vorbehalten.<br \/>\nVORAUSSETZUNG F\u00dcR DIE TEILNAHME IST EIN GREENPASS 2G.<\/strong><\/p>\n<p>In Zusammenarbeit mit:<\/p>\n<p><img decoding=\"async\" class=\"\" src=\"https:\/\/archacademy.it\/wp-content\/uploads\/2018\/05\/TOPHAUS_Logo_rgb_2017-1024x302.jpg\" width=\"319\" height=\"94\" \/>\u00a0 \u00a0 \u00a0<img decoding=\"async\" class=\"\" src=\"https:\/\/archacademy.it\/wp-content\/uploads\/2022\/02\/Thallo.jpg\" width=\"297\" height=\"73\" \/><\/p>\n","protected":false},"author":92727,"featured_media":63643,"comment_status":"closed","ping_status":"closed","template":"","meta":{"_expiration-date-status":"","_expiration-date":0,"_expiration-date-type":"","_expiration-date-categories":[],"_expiration-date-options":[]},"product_cat":[267],"product_tag":[],"class_list":{"0":"post-63642","1":"product","2":"type-product","3":"status-publish","4":"has-post-thumbnail","6":"product_cat-onsite","7":"myxclima-home","8":"tm-has-options","10":"first","11":"outofstock","12":"virtual","13":"sold-individually","14":"taxable","15":"purchasable","16":"product-type-simple"},"_links":{"self":[{"href":"https:\/\/archacademy.it\/de\/wp-json\/wp\/v2\/product\/63642"}],"collection":[{"href":"https:\/\/archacademy.it\/de\/wp-json\/wp\/v2\/product"}],"about":[{"href":"https:\/\/archacademy.it\/de\/wp-json\/wp\/v2\/types\/product"}],"author":[{"embeddable":true,"href":"https:\/\/archacademy.it\/de\/wp-json\/wp\/v2\/users\/92727"}],"replies":[{"embeddable":true,"href":"https:\/\/archacademy.it\/de\/wp-json\/wp\/v2\/comments?post=63642"}],"wp:featuredmedia":[{"embeddable":true,"href":"https:\/\/archacademy.it\/de\/wp-json\/wp\/v2\/media\/63643"}],"wp:attachment":[{"href":"https:\/\/archacademy.it\/de\/wp-json\/wp\/v2\/media?parent=63642"}],"wp:term":[{"taxonomy":"product_cat","embeddable":true,"href":"https:\/\/archacademy.it\/de\/wp-json\/wp\/v2\/product_cat?post=63642"},{"taxonomy":"product_tag","embeddable":true,"href":"https:\/\/archacademy.it\/de\/wp-json\/wp\/v2\/product_tag?post=63642"}],"curies":[{"name":"wp","href":"https:\/\/api.w.org\/{rel}","templated":true}]}}