{"id":63638,"date":"2022-02-24T14:50:49","date_gmt":"2022-02-24T13:50:49","guid":{"rendered":"https:\/\/archacademy.it\/?post_type=product&#038;p=63638"},"modified":"2022-04-18T09:24:15","modified_gmt":"2022-04-18T07:24:15","slug":"bauakustik-praxisgerecht-erklaert","status":"publish","type":"product","link":"https:\/\/archacademy.it\/de\/prodotto\/bauakustik-praxisgerecht-erklaert\/","title":{"rendered":"Bauakustik praxisgerecht erkl\u00e4rt"},"content":{"rendered":"","protected":false},"excerpt":{"rendered":"<p>Bauakustik &#8211; individuelle L\u00f6sungen von h\u00f6chster Qualit\u00e4t, um mit den Nachbarn in Wohnanlagen akustisch m\u00f6glichst ungest\u00f6rt zusammenzuleben.<\/p>\n<p>Programm:<\/p>\n<p><strong>Qualit\u00e4tswerte in der Bauakustik<\/strong><\/p>\n<p><strong>Gesetzliche Werte in der Bauakustik<\/strong><\/p>\n<p><strong>L\u00f6sungen f\u00fcr Bodenaufbauten und Wandaufbauten im Massiv- und Holzbau und in der Sanierung<\/strong><\/p>\n<ul>\n<li>G\u00e4ngige Materialien im Vergleich<\/li>\n<li>Bodenaufbauten<\/li>\n<li>Aufbauten Wohnungstrennw\u00e4nde<\/li>\n<li>Au\u00dfenw\u00e4nde<\/li>\n<li>Analyse technische Datenbl\u00e4tter<\/li>\n<li>Verlege Hinweise<\/li>\n<\/ul>\n<p><strong><br \/>\nReferenten:<br \/>\nDr. Arch. Raimund Thaler<\/strong>, Akustiker<br \/>\n<strong>Geom. Elmar Tapfer<\/strong>, TopHaus<\/p>\n<p><strong>Sprache:<br \/>\n<\/strong>Deutsch<\/p>\n<p><strong>Zugelassene Teilnehmer:<br \/>\nAus aktuellem Anlass sind max. 30 Personen zugelassen; zudem ist die Fortbildung den Eingeschriebenen Architekten RLD Bozen vorbehalten.<br \/>\nVORAUSSETZUNG F\u00dcR DIE TEILNAHME IST EIN GREENPASS 2G.<\/strong><\/p>\n<p>In Zusammenarbeit mit:<\/p>\n<p><img decoding=\"async\" class=\"\" src=\"https:\/\/archacademy.it\/wp-content\/uploads\/2018\/05\/TOPHAUS_Logo_rgb_2017-1024x302.jpg\" width=\"319\" height=\"94\" \/>\u00a0 \u00a0 \u00a0<img decoding=\"async\" class=\"\" src=\"https:\/\/archacademy.it\/wp-content\/uploads\/2022\/02\/Thallo.jpg\" width=\"297\" height=\"73\" \/><\/p>\n","protected":false},"author":92727,"featured_media":63645,"comment_status":"closed","ping_status":"closed","template":"","meta":{"_expiration-date-status":"","_expiration-date":0,"_expiration-date-type":"","_expiration-date-categories":[],"_expiration-date-options":[]},"product_cat":[267],"product_tag":[],"class_list":{"0":"post-63638","1":"product","2":"type-product","3":"status-publish","4":"has-post-thumbnail","6":"product_cat-onsite","7":"myxclima-home","8":"tm-has-options","10":"first","11":"outofstock","12":"downloadable","13":"virtual","14":"sold-individually","15":"taxable","16":"purchasable","17":"product-type-simple"},"_links":{"self":[{"href":"https:\/\/archacademy.it\/de\/wp-json\/wp\/v2\/product\/63638"}],"collection":[{"href":"https:\/\/archacademy.it\/de\/wp-json\/wp\/v2\/product"}],"about":[{"href":"https:\/\/archacademy.it\/de\/wp-json\/wp\/v2\/types\/product"}],"author":[{"embeddable":true,"href":"https:\/\/archacademy.it\/de\/wp-json\/wp\/v2\/users\/92727"}],"replies":[{"embeddable":true,"href":"https:\/\/archacademy.it\/de\/wp-json\/wp\/v2\/comments?post=63638"}],"wp:featuredmedia":[{"embeddable":true,"href":"https:\/\/archacademy.it\/de\/wp-json\/wp\/v2\/media\/63645"}],"wp:attachment":[{"href":"https:\/\/archacademy.it\/de\/wp-json\/wp\/v2\/media?parent=63638"}],"wp:term":[{"taxonomy":"product_cat","embeddable":true,"href":"https:\/\/archacademy.it\/de\/wp-json\/wp\/v2\/product_cat?post=63638"},{"taxonomy":"product_tag","embeddable":true,"href":"https:\/\/archacademy.it\/de\/wp-json\/wp\/v2\/product_tag?post=63638"}],"curies":[{"name":"wp","href":"https:\/\/api.w.org\/{rel}","templated":true}]}}