{"id":62732,"date":"2021-11-05T07:02:50","date_gmt":"2021-11-05T06:02:50","guid":{"rendered":"https:\/\/archacademy.it\/?post_type=product&#038;p=62732"},"modified":"2022-01-07T15:38:45","modified_gmt":"2022-01-07T14:38:45","slug":"mehrstoeckiger-holzbau-sind-sie-bereit","status":"publish","type":"product","link":"https:\/\/archacademy.it\/de\/prodotto\/mehrstoeckiger-holzbau-sind-sie-bereit\/","title":{"rendered":"Mehrst\u00f6ckiger Holzbau \u2013 sind Sie bereit?"},"content":{"rendered":"","protected":false},"excerpt":{"rendered":"<p>Das Bauen mit Holz erlebt zurzeit einen riesigen Aufschwung. Grund daf\u00fcr sind vor allem die nachhaltigen Aspekte des Materials Holz aber auch die immer mehr werdenden architektonische M\u00f6glichkeiten, die sich durch den Einsatz neuer technischer L\u00f6sungen, eigens f\u00fcr den Holzbau konzipiert, ergeben. Egal ob Sie bereits in Holzbauweise planen oder nicht, wir zeigen Ihnen was alles mit Holz m\u00f6glich ist. Sie werden staunen!<br \/>\n<strong>Die Fortbildung ist Architekten vorbehalten.<\/strong><\/p>\n<p><strong>Programma | Programm<\/strong><\/p>\n<p><strong>Introduzione | Einleitung<br \/>\nPeter Lang,<\/strong> Rotho Blaas<\/p>\n<p><strong>Relazione | Vortrag<\/strong><\/p>\n<p><strong>Ing. Roland Maderebner<\/strong>, Universit\u00e4t Innsbruck<br \/>\n<strong>&#8211; Punktgest\u00fctzte Flachdecken aus Brettsperrholz<br \/>\n<\/strong><strong><br \/>\nArch. Patrick L\u00fcth<\/strong>, Sn\u00f8hetta Studio Innsbruck<br \/>\n<strong>&#8211; Emotionale Nachhaltigkeit durch Holzbau<\/strong><\/p>\n<p><strong>Besichtigung des Leuchtturmprojekts: Holzhochregallager Rothoblaas<\/strong><\/p>\n<p><strong>Ausstellungser\u00f6ffnung: Planungswettbewerb f\u00fcr ein Wohnhochhaus in Holzbauweise in den &#8220;Grieser Auen&#8221; (Wobi)<\/strong><\/p>\n<p><strong>Pr\u00e4sentation Siegerprojekt Arch. Alessandro Scavazza u. Carlos Fernando Latorre<\/strong><\/p>\n<p><strong>Das erste Holzhochhaus S\u00fcdtirols &#8211; Videobotschaft Arch. Walter Angonese<\/strong><\/p>\n<p><strong>Domande e discussione\u00a0 | Fragen und Diskussion<br \/>\n<\/strong><\/p>\n<p>&nbsp;<\/p>\n<p>ca. ore 18:00<strong> Conclusione con Aperitivo | <\/strong>ca. um 18:00 Uhr <strong>Abschluss mit Aperitif<\/strong><\/p>\n<p>&nbsp;<\/p>\n<p><strong>Lingua | Sprache<br \/>\n<\/strong>Tedesco\u00a0 (senza traduzioni) | Deutsch (ohne \u00dcbersetzungen)<\/p>\n<p>L\u2019accesso sar\u00e0 consentito solo se munito di GreenPass | Der Zutritt kann ausschlie\u00dflich mit einem GreenPass gew\u00e4hrt werden.<\/p>\n<p>&nbsp;<\/p>\n<p>In Zusammenarbeit und mit Anwendungsbeispielen:<\/p>\n<p><img decoding=\"async\" class=\"\" src=\"https:\/\/archacademy.it\/wp-content\/uploads\/2021\/11\/RB_logo_vert_payoff_black-1024x413.png\" width=\"327\" height=\"132\" \/><\/p>\n","protected":false},"author":92727,"featured_media":62733,"comment_status":"closed","ping_status":"closed","template":"","meta":{"_expiration-date-status":"","_expiration-date":0,"_expiration-date-type":"","_expiration-date-categories":[],"_expiration-date-options":[]},"product_cat":[267],"product_tag":[],"class_list":{"0":"post-62732","1":"product","2":"type-product","3":"status-publish","4":"has-post-thumbnail","6":"product_cat-onsite","7":"myxclima-home","8":"tm-has-options","10":"first","11":"outofstock","12":"downloadable","13":"virtual","14":"sold-individually","15":"taxable","16":"purchasable","17":"product-type-simple"},"_links":{"self":[{"href":"https:\/\/archacademy.it\/de\/wp-json\/wp\/v2\/product\/62732"}],"collection":[{"href":"https:\/\/archacademy.it\/de\/wp-json\/wp\/v2\/product"}],"about":[{"href":"https:\/\/archacademy.it\/de\/wp-json\/wp\/v2\/types\/product"}],"author":[{"embeddable":true,"href":"https:\/\/archacademy.it\/de\/wp-json\/wp\/v2\/users\/92727"}],"replies":[{"embeddable":true,"href":"https:\/\/archacademy.it\/de\/wp-json\/wp\/v2\/comments?post=62732"}],"wp:featuredmedia":[{"embeddable":true,"href":"https:\/\/archacademy.it\/de\/wp-json\/wp\/v2\/media\/62733"}],"wp:attachment":[{"href":"https:\/\/archacademy.it\/de\/wp-json\/wp\/v2\/media?parent=62732"}],"wp:term":[{"taxonomy":"product_cat","embeddable":true,"href":"https:\/\/archacademy.it\/de\/wp-json\/wp\/v2\/product_cat?post=62732"},{"taxonomy":"product_tag","embeddable":true,"href":"https:\/\/archacademy.it\/de\/wp-json\/wp\/v2\/product_tag?post=62732"}],"curies":[{"name":"wp","href":"https:\/\/api.w.org\/{rel}","templated":true}]}}