{"id":62727,"date":"2021-11-05T09:00:33","date_gmt":"2021-11-05T08:00:33","guid":{"rendered":"https:\/\/archacademy.it\/?post_type=product&#038;p=62727"},"modified":"2023-03-13T19:56:27","modified_gmt":"2023-03-13T18:56:27","slug":"lufficio-del-tecnico-libero-professionista-das-buro-des-freiberuflichen-technikers","status":"publish","type":"product","link":"https:\/\/archacademy.it\/de\/prodotto\/lufficio-del-tecnico-libero-professionista-das-buro-des-freiberuflichen-technikers\/","title":{"rendered":"L\u2019ufficio del tecnico libero professionista | Das B\u00fcro des freiberuflichen Technikers"},"content":{"rendered":"","protected":false},"excerpt":{"rendered":"<table border=\"0\" cellspacing=\"3\" cellpadding=\"3\">\n<tbody>\n<tr>\n<td><strong>DIE RICHTIGE RECHTSFORM F\u00dcR MICH<br \/>\n<\/strong><br \/>\nLa libera professione \u00e8 un grande passo per diversi aspetti. La scelta della forma giuridica dello studio \u00e8 una decisione fondamentale nella vita professionale.<strong style=\"font-family: inherit; font-size: inherit;\">Lei si sta iscrivendo alla formazione in modalit\u00e0 On Site (presenza fisica). Evento svolto anche in modalit\u00e0 Online &lt;<a href=\"https:\/\/archacademy.it\/prodotto\/lufficio-del-tecnico-libero-professionista-das-buero-des-freiberuflichen-technikers\/\" target=\"_blank\" rel=\"noopener\">Vedi QUI<\/a>&gt;<\/strong><\/td>\n<td><strong>LA FORMA SOCIETARIA GIUSTA PER ME<br \/>\n<\/strong><br \/>\nDie Selbstst\u00e4ndigkeit ist in jeglicher Hinsicht ein gro\u00dfer Schritt. Darum sollten die verschiedenen Rechtsformen ber\u00fccksichtigt werden, welche bei der Gr\u00fcndung eines B\u00fcros m\u00f6glich sind.<strong>Sie melden sich zur On Site Veranstaltung (Pr\u00e4senz vor Ort) an. Die Fortbildung wird auch als Live Webinar Online angeboten. &lt;<a href=\"https:\/\/archacademy.it\/de\/produkt\/lufficio-del-tecnico-libero-professionista-das-buero-des-freiberuflichen-technikers\/\" target=\"_blank\" rel=\"noopener\">Siehe Hier<\/a>&gt;<\/strong><\/td>\n<\/tr>\n<\/tbody>\n<\/table>\n<p><strong>Programma | Programm<br \/>\n<\/strong><strong><br \/>\nIntroduzione | Einleitung<br \/>\n<\/strong><strong>Arch.Paes.Pianif.\u00a0 | LArch.Raumpl. Marco Molon, <\/strong>Membro Consiglio Ordine Architetti PPC | Vorstandsmitglied Kammer der Architekten RLD<\/p>\n<p><strong>Relazione | Vortrag<\/strong><\/p>\n<p><strong>Rag. Stefano Seppi, <\/strong>Winkler &amp; Sandrini &#8211; Commercialista | Wirtschaftsberater<br \/>\n<strong>&#8211; Svolgimento dell\u2019attivit\u00e0 professionale in forma singola<br \/>\n<\/strong><strong>&#8211; Cenni civilistici<br \/>\n<\/strong><strong>&#8211; Cenni fiscali<br \/>\n<\/strong><strong>&#8211; Condivisione di spazi e macchinari<br \/>\n<\/strong><strong><br \/>\nDott. | Dr. Stefan Sandrini, <\/strong>Winkler &amp; Sandrini &#8211; Commercialista | Wirtschaftsberater<br \/>\n<strong>&#8211; Gemeinsame Aus\u00fcbung der freiberuflichen T\u00e4tigkeit<\/strong><br \/>\n<strong>&#8211; Rechtsformen<\/strong><br \/>\n<strong>&#8211; Steuerliche Unterschiede<\/strong><br \/>\n<strong>&#8211; Was passiert bei einem Wechsel zwischen einer und anderen Rechtsform?<br \/>\n<\/strong><strong>&#8211; Das berufliche Curriculum<\/strong><\/p>\n<p><strong>Roberto Carta<\/strong>, AssiBroker &#8211; broker assicurazioni| Versicherungsbroker<br \/>\n<strong>&#8211; Le coperture assicurative per il tecnico libero professionista<br \/>\n<\/strong><strong><br \/>\nArch. Michele Stramandinoli \/ Ing. Franco Fietta<\/strong>, Rappresentanti territoriali Inarcassa | Vetreter Inarcassa S\u00fcdtirol<br \/>\n<strong>&#8211; Obblighi contributivi previdenziali nelle diverse forme giuridiche<br \/>\n<\/strong><strong><br \/>\nLiberi Professionisti Altoatesini | S\u00fcdtiroler Freiberufler<\/strong><br \/>\n<strong>&#8211; Esperienze | Erfahrungsberichte<br \/>\n<\/strong><strong><br \/>\nDomande e Discussione | Fragen und Diskussion<\/strong><\/p>\n<p><strong>Conduce | Moderation<\/strong><br \/>\n<strong>Arch.Paes.Pianif.\u00a0 | LArch.Raumpl. Marco Molon,<\/strong><\/p>\n<p><strong><br \/>\nLingua | Sprache<br \/>\n<\/strong>Italiano e Tedesco\u00a0 (senza traduzioni) | Italienisch und Deutsch (ohne \u00dcbersetzungen)<\/p>\n<p>L\u2019accesso sar\u00e0 consentito solo se munito di GreenPass | Der Zutritt kann ausschlie\u00dflich mit einem GreenPass gew\u00e4hrt werden.<\/p>\n<p>&nbsp;<\/p>\n<p>Crediti <strong>f<\/strong>ormativi <strong>p<\/strong>rofessionali previsti inoltre per | <strong>B<\/strong>erufliche <strong>F<\/strong>ortbildungs <strong>C<\/strong>redits vorgesehen auch f\u00fcr:<\/p>\n<ul>\n<li>Architetti\u00a0 | Architekten :\u00a0<strong><strong><span style=\"color: red;\">4 CFPO (Crediti ordinistici) | 4 BFCB (Credits zur Berufsordnung)<\/span><\/strong><\/strong><\/li>\n<li>Ingegneri BZ | Ingenieure BZ: <strong>4 CFP | BFC<\/strong><\/li>\n<li>Periti Industriali BZ | Periti Industriali BZ: <strong>4 CFP | BFC<\/strong><\/li>\n<li>Geometri BZ | Geometer BZ: <strong>4 CFP | BFC<\/strong><\/li>\n<li>Agronomi e Dott. Forestali BZ | Agronomen und Forstwirte BZ: <strong>0,5 CFP | BFC<\/strong><\/li>\n<li><\/li>\n<\/ul>\n","protected":false},"author":92727,"featured_media":62728,"comment_status":"closed","ping_status":"closed","template":"","meta":{"_expiration-date-status":"","_expiration-date":0,"_expiration-date-type":"","_expiration-date-categories":[],"_expiration-date-options":[]},"product_cat":[285,267],"product_tag":[],"class_list":{"0":"post-62727","1":"product","2":"type-product","3":"status-publish","4":"has-post-thumbnail","6":"product_cat-deontologia-2","7":"product_cat-onsite","8":"myxclima-home","9":"tm-has-options","11":"first","12":"outofstock","13":"downloadable","14":"virtual","15":"sold-individually","16":"taxable","17":"purchasable","18":"product-type-simple"},"_links":{"self":[{"href":"https:\/\/archacademy.it\/de\/wp-json\/wp\/v2\/product\/62727"}],"collection":[{"href":"https:\/\/archacademy.it\/de\/wp-json\/wp\/v2\/product"}],"about":[{"href":"https:\/\/archacademy.it\/de\/wp-json\/wp\/v2\/types\/product"}],"author":[{"embeddable":true,"href":"https:\/\/archacademy.it\/de\/wp-json\/wp\/v2\/users\/92727"}],"replies":[{"embeddable":true,"href":"https:\/\/archacademy.it\/de\/wp-json\/wp\/v2\/comments?post=62727"}],"wp:featuredmedia":[{"embeddable":true,"href":"https:\/\/archacademy.it\/de\/wp-json\/wp\/v2\/media\/62728"}],"wp:attachment":[{"href":"https:\/\/archacademy.it\/de\/wp-json\/wp\/v2\/media?parent=62727"}],"wp:term":[{"taxonomy":"product_cat","embeddable":true,"href":"https:\/\/archacademy.it\/de\/wp-json\/wp\/v2\/product_cat?post=62727"},{"taxonomy":"product_tag","embeddable":true,"href":"https:\/\/archacademy.it\/de\/wp-json\/wp\/v2\/product_tag?post=62727"}],"curies":[{"name":"wp","href":"https:\/\/api.w.org\/{rel}","templated":true}]}}