{"id":61945,"date":"2021-09-01T10:03:07","date_gmt":"2021-09-01T08:03:07","guid":{"rendered":"https:\/\/archacademy.it\/?post_type=product&#038;p=61945"},"modified":"2022-02-07T10:42:40","modified_gmt":"2022-02-07T09:42:40","slug":"identitaetsstiftende-orte-2","status":"publish","type":"product","link":"https:\/\/archacademy.it\/de\/prodotto\/identitaetsstiftende-orte-2\/","title":{"rendered":"IDENTIT\u00c4TSSTIFTENDE ORTE"},"content":{"rendered":"","protected":false},"excerpt":{"rendered":"<p>Was macht einen Ort zu einem identit\u00e4tsstiftenden Ort? Zu einem Ort, an dem das Zusammenspiel von Menschen, Baukultur, Landschaft und Wirtschaft zu einem \u00e4sthetischen Ganzen wird. Wie entsteht ein lebendiger Ort und welche Voraussetzungen braucht er, um ein identit\u00e4tsstiftender Ort zu sein?<\/p>\n<p><strong><span style=\"color: red;\">Sie melden sich hier f\u00fcr die Pr\u00e4senz (On-Site) Veranstaltung, in Bozen an. Die Teilnahme setzt den Besitz der gr\u00fcnen Bescheinigung (Green Pass) voraus.<\/span><\/strong><br \/>\n<strong><span style=\"color: red;\">Sollten Sie Online in Form eines Webinars teilnehmen wollen, <a href=\"https:\/\/archacademy.it\/prodotto\/identitaetsstiftende-orte\/\" target=\"_blank\" rel=\"noopener\">klicken Sie hier &gt;&gt;&gt;<\/a><\/span><\/strong><br \/>\n<strong><br \/>\nProgramma | Programm:<\/strong><\/p>\n<ul>\n<li>16:30 Uhr Begr\u00fc\u00dfung und Einleitung, Claudia Plaikner, Obfrau Heimatpflegeverband, Olang<\/li>\n<li>17:00 Uhr Le VILES e la cultura del costruire in Val Badia, Sigrid Picolruaz, Architetta, La Villa in Badia<\/li>\n<li>18:00 Uhr Identit\u00e4tsstiftende Orte und Leerstandsmanagment im Vinschgau, Susanne Waiz, Architektin, Bozen<\/li>\n<li>17:30 Uhr Architektur als Weltanschauungssymbol. Zur Entwicklung des Hotelbaus im Jahrhundert, Bettina Schlorhaufer, Kunsthistorikerin, Innsbruck<\/li>\n<li>18:30 Uhr \u201eNicht nichts ohne dich, aber nicht dasselbe\u2026\u201c, Kulturg\u00fcterschutz, Identit\u00e4t und das Projekt \u201eBauinventar S\u00fcdtirol\u201c, Karin Dalla Torre, Landeskonservatorin, Bozen<\/li>\n<li>19:00 Uhr Pause<\/li>\n<li>19:15 Uhr Diskussion Identit\u00e4tsstiftende Orte: Sigrid Piccolruaz, Susanne Waiz, Karin Dalla Torre, Bettina Schlorhaufer, Hans Heiss, Claudia Plaikner<\/li>\n<\/ul>\n<p><strong>Conduce | Moderation:<\/strong><\/p>\n<ul>\n<li>Arch. Carlo Calderan Bozen<\/li>\n<\/ul>\n<p><strong>Lingua | Sprache:<\/strong><\/p>\n<ul>\n<li>Entsprechend Titel der Vortr\u00e4ge (ohne \u00dcbersetzung)<\/li>\n<\/ul>\n","protected":false},"author":92727,"featured_media":61943,"comment_status":"closed","ping_status":"closed","template":"","meta":{"_expiration-date-status":"","_expiration-date":0,"_expiration-date-type":"","_expiration-date-categories":[],"_expiration-date-options":[]},"product_cat":[267],"product_tag":[],"class_list":{"0":"post-61945","1":"product","2":"type-product","3":"status-publish","4":"has-post-thumbnail","6":"product_cat-onsite","7":"myxclima-home","8":"tm-has-options","10":"first","11":"outofstock","12":"virtual","13":"sold-individually","14":"taxable","15":"purchasable","16":"product-type-simple"},"_links":{"self":[{"href":"https:\/\/archacademy.it\/de\/wp-json\/wp\/v2\/product\/61945"}],"collection":[{"href":"https:\/\/archacademy.it\/de\/wp-json\/wp\/v2\/product"}],"about":[{"href":"https:\/\/archacademy.it\/de\/wp-json\/wp\/v2\/types\/product"}],"author":[{"embeddable":true,"href":"https:\/\/archacademy.it\/de\/wp-json\/wp\/v2\/users\/92727"}],"replies":[{"embeddable":true,"href":"https:\/\/archacademy.it\/de\/wp-json\/wp\/v2\/comments?post=61945"}],"wp:featuredmedia":[{"embeddable":true,"href":"https:\/\/archacademy.it\/de\/wp-json\/wp\/v2\/media\/61943"}],"wp:attachment":[{"href":"https:\/\/archacademy.it\/de\/wp-json\/wp\/v2\/media?parent=61945"}],"wp:term":[{"taxonomy":"product_cat","embeddable":true,"href":"https:\/\/archacademy.it\/de\/wp-json\/wp\/v2\/product_cat?post=61945"},{"taxonomy":"product_tag","embeddable":true,"href":"https:\/\/archacademy.it\/de\/wp-json\/wp\/v2\/product_tag?post=61945"}],"curies":[{"name":"wp","href":"https:\/\/api.w.org\/{rel}","templated":true}]}}