{"id":61711,"date":"2021-11-01T10:20:32","date_gmt":"2021-11-01T09:20:32","guid":{"rendered":"https:\/\/archacademy.it\/?post_type=product&#038;p=61711"},"modified":"2021-12-08T15:09:20","modified_gmt":"2021-12-08T14:09:20","slug":"loesungen-mit-solarenergie-photovoltaik","status":"publish","type":"product","link":"https:\/\/archacademy.it\/de\/prodotto\/loesungen-mit-solarenergie-photovoltaik\/","title":{"rendered":"L\u00d6SUNGEN MIT SOLARENERGIE &#8211; PHOTOVOLTAIK"},"content":{"rendered":"","protected":false},"excerpt":{"rendered":"<p>Photovoltaik geh\u00f6rt zu den erneuerbaren, umweltfreundlichen und kosteng\u00fcnstigsten Energiequellen. Nicht nur f\u00fcr Kraftwerke und f\u00fcr Geb\u00e4udeversorgung hat sich Photovoltaik etabliert, sondern auch f\u00fcr verschiedenste L\u00f6sungen und Anwendungen wie:<\/p>\n<p>Solarleuchten im \u00f6ffentlichen Raum, Solarleuchten in der Architektur, verschiedenes Stadtmobiliar mit Solarenergie, Ladeeinrichtungen f\u00fcr die Mikromobilit\u00e4t und weitere.\u00a0 Daraus lassen sich \u00d6kosystem-Konzepte f\u00fcr Radwege, Parks, Gr\u00fcnanlagen, Str\u00e4nde usw. realisieren.<\/p>\n<p><strong>Progamminhalt:<\/strong><\/p>\n<ul>\n<li>Technische Grundlagen, aktueller Stand<\/li>\n<li>Wirtschaftlichkeit<\/li>\n<li>\u00d6kologische Aspekte<\/li>\n<li>Systeme und Produkte Solarleuchten, Stadtmobiliar und Ladeeinrichtungen<\/li>\n<li>Anwendungsbeispiele<\/li>\n<\/ul>\n<p><strong>Referent: Hubert Leitner<\/strong>, Gesch\u00e4ftsf\u00fchrer Leitner Energy, Bruneck<\/p>\n<p><strong>Sprache: <\/strong>Deutsch<\/p>\n<p>In Zusammenarbeit und mit Anwendungsbeispielen:<\/p>\n<p><a href=\"https:\/\/leitnerenergy.com\/\" target=\"_blank\" rel=\"https:\/\/leitnerenergy.com\/ noopener\"><img decoding=\"async\" class=\"alignnone\" title=\"Leitner Energy\" src=\"https:\/\/archacademy.it\/wp-content\/uploads\/2021\/07\/Logo-hohe-Auflo%CC%88sung-weiser-HG-1024x412.png\" alt=\"Leitner Energy\" width=\"271\" height=\"109\" \/><\/a><\/p>\n","protected":false},"author":92727,"featured_media":61716,"comment_status":"closed","ping_status":"closed","template":"","meta":{"_expiration-date-status":"","_expiration-date":0,"_expiration-date-type":"","_expiration-date-categories":[],"_expiration-date-options":[]},"product_cat":[30],"product_tag":[],"class_list":{"0":"post-61711","1":"product","2":"type-product","3":"status-publish","4":"has-post-thumbnail","6":"product_cat-webinars","7":"myxclima-home","8":"tm-has-options","10":"first","11":"outofstock","12":"downloadable","13":"virtual","14":"sold-individually","15":"taxable","16":"purchasable","17":"product-type-simple"},"_links":{"self":[{"href":"https:\/\/archacademy.it\/de\/wp-json\/wp\/v2\/product\/61711"}],"collection":[{"href":"https:\/\/archacademy.it\/de\/wp-json\/wp\/v2\/product"}],"about":[{"href":"https:\/\/archacademy.it\/de\/wp-json\/wp\/v2\/types\/product"}],"author":[{"embeddable":true,"href":"https:\/\/archacademy.it\/de\/wp-json\/wp\/v2\/users\/92727"}],"replies":[{"embeddable":true,"href":"https:\/\/archacademy.it\/de\/wp-json\/wp\/v2\/comments?post=61711"}],"wp:featuredmedia":[{"embeddable":true,"href":"https:\/\/archacademy.it\/de\/wp-json\/wp\/v2\/media\/61716"}],"wp:attachment":[{"href":"https:\/\/archacademy.it\/de\/wp-json\/wp\/v2\/media?parent=61711"}],"wp:term":[{"taxonomy":"product_cat","embeddable":true,"href":"https:\/\/archacademy.it\/de\/wp-json\/wp\/v2\/product_cat?post=61711"},{"taxonomy":"product_tag","embeddable":true,"href":"https:\/\/archacademy.it\/de\/wp-json\/wp\/v2\/product_tag?post=61711"}],"curies":[{"name":"wp","href":"https:\/\/api.w.org\/{rel}","templated":true}]}}