{"id":56961,"date":"2021-04-08T06:43:00","date_gmt":"2021-04-08T06:42:57","guid":{"rendered":"https:\/\/archacademy.it\/shop\/export-architetti-sudtirolesi-all-estero-suedtiroler-architekten-im-ausland-leo-bettini\/"},"modified":"2021-06-07T14:50:07","modified_gmt":"2021-06-07T12:50:07","slug":"export-architetti-sudtirolesi-all-estero-suedtiroler-architekten-im-ausland-leo-bettini","status":"publish","type":"product","link":"https:\/\/archacademy.it\/de\/produkt\/export-architetti-sudtirolesi-all-estero-suedtiroler-architekten-im-ausland-leo-bettini\/","title":{"rendered":"EXPORT: ARCHITETTI SUDTIROLESI ALL\u2019 ESTERO &#8211; S\u00dcDTIROLER ARCHITEKTEN IM AUSLAND, Leo Bettini"},"content":{"rendered":"","protected":false},"excerpt":{"rendered":"<p><strong>Z\u00fcrich: vom Entwurf zur Realisierung<\/strong><\/p>\n<p>\u00bbVom Entwurf zur Realisierung\u00ab verschafft einen Einblick in den ersten Berufsjahren von Leo Bettini Oberkalmsteiner als Architekt in der Schweiz. \u00dcber Ideen, Texte, Entw\u00fcrfe aber auch offenen Baustellen und vollendeten Arbeiten soll eine Momentaufnahme einer Arbeitsmethodik veranschaulicht werden, welche auf Multilog, Flexibilit\u00e4t und Teamwork beruht. Der Hauptfokus seiner Berufst\u00e4tigkeit konzentriert sich auf den Bau der Swiss Life Arena in Z\u00fcrich, Altstetten.<\/p>\n<p><strong>Relatori\/Relatrici | Referent*innen: <\/strong>Leo Bettini<\/p>\n<p><strong>Lingua | Sprache<\/strong>: Tedesco (senza Traduzione) | Deutsch (ohne \u00dcbersetzung)<\/p>\n<p><strong>Conducono | Moderation<\/strong>: Arch. Carlo Calderan<\/p>\n<p><a href=\"https:\/\/stiftung.arch.bz.it\/de\/\" target=\"_blank\" rel=\"noopener noreferrer\">Architekturstiftung S\u00fcdtirol<\/a><br \/>\n<a href=\"mailto:stiftung@arch.bz.it\">stiftung@arch.bz.it<\/a><br \/>\n0471 301751<\/p>\n<p><img decoding=\"async\" class=\"\" src=\"https:\/\/stiftung.arch.bz.it\/img\/architektenstiftung_logo.jpg\" width=\"486\" height=\"128\" \/><\/p>\n","protected":false},"author":92727,"featured_media":60980,"comment_status":"closed","ping_status":"closed","template":"","meta":{"_expiration-date-status":"","_expiration-date":0,"_expiration-date-type":"","_expiration-date-categories":[],"_expiration-date-options":[]},"product_cat":[223],"product_tag":[],"class_list":{"0":"post-56961","1":"product","2":"type-product","3":"status-publish","4":"has-post-thumbnail","6":"product_cat-webinars-de","7":"tm-has-options","9":"first","10":"outofstock","11":"downloadable","12":"virtual","13":"sold-individually","14":"taxable","15":"purchasable","16":"product-type-simple"},"_links":{"self":[{"href":"https:\/\/archacademy.it\/de\/wp-json\/wp\/v2\/product\/56961"}],"collection":[{"href":"https:\/\/archacademy.it\/de\/wp-json\/wp\/v2\/product"}],"about":[{"href":"https:\/\/archacademy.it\/de\/wp-json\/wp\/v2\/types\/product"}],"author":[{"embeddable":true,"href":"https:\/\/archacademy.it\/de\/wp-json\/wp\/v2\/users\/92727"}],"replies":[{"embeddable":true,"href":"https:\/\/archacademy.it\/de\/wp-json\/wp\/v2\/comments?post=56961"}],"wp:featuredmedia":[{"embeddable":true,"href":"https:\/\/archacademy.it\/de\/wp-json\/wp\/v2\/media\/60980"}],"wp:attachment":[{"href":"https:\/\/archacademy.it\/de\/wp-json\/wp\/v2\/media?parent=56961"}],"wp:term":[{"taxonomy":"product_cat","embeddable":true,"href":"https:\/\/archacademy.it\/de\/wp-json\/wp\/v2\/product_cat?post=56961"},{"taxonomy":"product_tag","embeddable":true,"href":"https:\/\/archacademy.it\/de\/wp-json\/wp\/v2\/product_tag?post=56961"}],"curies":[{"name":"wp","href":"https:\/\/api.w.org\/{rel}","templated":true}]}}