{"id":56595,"date":"2021-04-01T08:32:20","date_gmt":"2021-04-01T06:31:38","guid":{"rendered":"https:\/\/archacademy.it\/?post_type=product&#038;p=56595"},"modified":"2021-06-21T13:05:54","modified_gmt":"2021-06-21T11:05:54","slug":"gestaltungsbeiraete-und-kommissionen-fuer-mehr-qualitaet-in-der-baukultur","status":"publish","type":"product","link":"https:\/\/archacademy.it\/de\/produkt\/gestaltungsbeiraete-und-kommissionen-fuer-mehr-qualitaet-in-der-baukultur\/","title":{"rendered":"GESTALTUNGSBEIR\u00c4TE UND KOMMISSIONEN F\u00dcR MEHR QUALIT\u00c4T IN DER BAUKULTUR"},"content":{"rendered":"","protected":false},"excerpt":{"rendered":"<p>Die Architekturstiftung S\u00fcdtirol l\u00e4dt Sie ganz herzlich zum 2. Abend der digitalen Veranstaltungsreihe zum Thema \u201eBaukultur und Raumordnung\u201c ein.<\/p>\n<p>Wir m\u00f6chten damit alle, die sich mit dem neuen Raumordnungsgesetz auseinandersetzen, animieren, sich Gedanken \u00fcber Baukultur und Planungsqualit\u00e4t bei Bauvorhaben zu machen. Das neue Raumordnungsgesetz stellt Herausforderungen an uns alle, verlangt neue Kompetenzen und wirft viele Fragen auf. Nur gemeinsam k\u00f6nnen wir es schaffen, das Gesetz im Sinne seiner urspr\u00fcnglichen Ziele anzuwenden:<\/p>\n<p>Meeting 2: \u201e<strong>Gestaltungsbeir\u00e4te und Kommissionen f\u00fcr mehr Qualit\u00e4t in der Baukultur<\/strong>\u201c<br \/>\nArchitekt DI Nikolaus Juen, Leiter der Gesch\u00e4ftsstelle f\u00fcr Dorferneuerung, Projektentwicklung, Wettbewerbe und Gestaltungsbeirat des Landes Tirol zeigt seine Aufgabenbereiche, Arbeitsweisen, sowie Zusammensetzungen von Gestaltungsbeir\u00e4ten auf.<\/p>\n<p><strong>Programm<\/strong>:<\/p>\n<ul>\n<li><strong>Arch. Carlo Calderan<\/strong>: Einf\u00fchrende Worte<\/li>\n<li><strong>LH Arno Kompatscher<\/strong>: Gru\u00dfworte<\/li>\n<li><strong>LR Maria Hochgruber Kuenzer<\/strong>: Gru\u00dfworte<\/li>\n<li><strong>Arch. DI Nikolaus Juen<\/strong>: Impulsreferat<\/li>\n<li><strong>Arch. Ulrich Weger<\/strong>: Erfahrungen<\/li>\n<li>Diskussion mit <strong>LR Maria Hochgruber Kuenzer<\/strong> und dem Pr\u00e4sident des Gemeindenverbandes <strong>Andreas Schatzer<\/strong><\/li>\n<\/ul>\n<p><strong>Sprache<\/strong>: Deutsch (ohne \u00dcbersetzung)<br \/>\n<strong>Moderator<\/strong>: Arch. Carlo Calderan<\/p>\n<p>Wir laden Sie herzlich dazu ein teilzunehmen und \u00fcber die Chatfunktion des Webinars mitzudiskutieren.<\/p>\n<p><a href=\"https:\/\/stiftung.arch.bz.it\/de\/\" target=\"_blank\" rel=\"noopener noreferrer\">Architekturstiftung S\u00fcdtirol<\/a><br \/>\n<a href=\"mailto:stiftung@arch.bz.it\">stiftung@arch.bz.it<\/a><br \/>\n0471 301751<\/p>\n<p><img decoding=\"async\" class=\"\" src=\"https:\/\/stiftung.arch.bz.it\/img\/architektenstiftung_logo.jpg\" width=\"486\" height=\"128\" \/><\/p>\n","protected":false},"author":92727,"featured_media":56599,"comment_status":"closed","ping_status":"closed","template":"","meta":{"_expiration-date-status":"","_expiration-date":0,"_expiration-date-type":"","_expiration-date-categories":[],"_expiration-date-options":[]},"product_cat":[223],"product_tag":[],"class_list":{"0":"post-56595","1":"product","2":"type-product","3":"status-publish","4":"has-post-thumbnail","6":"product_cat-webinars-de","7":"tm-has-options","9":"first","10":"outofstock","11":"downloadable","12":"virtual","13":"sold-individually","14":"taxable","15":"purchasable","16":"product-type-simple"},"_links":{"self":[{"href":"https:\/\/archacademy.it\/de\/wp-json\/wp\/v2\/product\/56595"}],"collection":[{"href":"https:\/\/archacademy.it\/de\/wp-json\/wp\/v2\/product"}],"about":[{"href":"https:\/\/archacademy.it\/de\/wp-json\/wp\/v2\/types\/product"}],"author":[{"embeddable":true,"href":"https:\/\/archacademy.it\/de\/wp-json\/wp\/v2\/users\/92727"}],"replies":[{"embeddable":true,"href":"https:\/\/archacademy.it\/de\/wp-json\/wp\/v2\/comments?post=56595"}],"wp:featuredmedia":[{"embeddable":true,"href":"https:\/\/archacademy.it\/de\/wp-json\/wp\/v2\/media\/56599"}],"wp:attachment":[{"href":"https:\/\/archacademy.it\/de\/wp-json\/wp\/v2\/media?parent=56595"}],"wp:term":[{"taxonomy":"product_cat","embeddable":true,"href":"https:\/\/archacademy.it\/de\/wp-json\/wp\/v2\/product_cat?post=56595"},{"taxonomy":"product_tag","embeddable":true,"href":"https:\/\/archacademy.it\/de\/wp-json\/wp\/v2\/product_tag?post=56595"}],"curies":[{"name":"wp","href":"https:\/\/api.w.org\/{rel}","templated":true}]}}