{"id":52977,"date":"2020-11-17T07:33:56","date_gmt":"2020-11-17T06:36:30","guid":{"rendered":"https:\/\/archacademy.it\/shop\/basiswissen-kommunikation-teil-1\/"},"modified":"2021-06-07T13:28:52","modified_gmt":"2021-06-07T11:28:52","slug":"basiswissen-kommunikation-teil-1","status":"publish","type":"product","link":"https:\/\/archacademy.it\/de\/produkt\/basiswissen-kommunikation-teil-1\/","title":{"rendered":"BASISWISSEN KOMMUNIKATION &#8211; TEIL 1"},"content":{"rendered":"","protected":false},"excerpt":{"rendered":"<p>Man kann nicht nicht kommunizieren!<\/p>\n<p>Lernen Sie die wichtigsten Kommunikationsmodelle kennen und wie Sie diese in Ihrem beruflichen Alltag nutzen k\u00f6nnen. St\u00e4rken Sie Ihre pers\u00f6nliche Kommunikationskompetenz durch methodisches Wissen. Verbessern Sie dadurch Ihre berufliche Kommunikation und vermeiden Missverst\u00e4ndnisse, die oftmals zu Konflikten f\u00fchren.<\/p>\n<p><strong>Der Inhalt in K\u00fcrze:<\/strong><\/p>\n<p>Anhand von Fallbeispielen aus der Baubranche werden in Teil 1 folgende Modelle und deren Anwendung verdeutlicht:<\/p>\n<ul>\n<li>Sender-Empf\u00e4nger-Modell<\/li>\n<li>Eisbergmodell<\/li>\n<li>die 4 Seiten einer Nachricht<\/li>\n<\/ul>\n<p><strong>Methodik<\/strong>: Online-Live-Seminar mit Frage- und Antwortm\u00f6glichkeiten<\/p>\n<p><strong>Zielgruppe<\/strong>: Projektverantwortliche und F\u00fchrungskr\u00e4fte<\/p>\n<p><strong>Referent<\/strong>: Dr. Antje Thei\u00dfen<\/p>\n<p><strong>Sprache<\/strong>: Deutsch (ohne \u00dcbersetzung)<\/p>\n","protected":false},"author":94,"featured_media":52976,"comment_status":"closed","ping_status":"closed","template":"","meta":{"_expiration-date-status":"","_expiration-date":0,"_expiration-date-type":"","_expiration-date-categories":[],"_expiration-date-options":[]},"product_cat":[223],"product_tag":[],"class_list":{"0":"post-52977","1":"product","2":"type-product","3":"status-publish","4":"has-post-thumbnail","6":"product_cat-webinars-de","7":"tm-has-options","9":"first","10":"outofstock","11":"downloadable","12":"virtual","13":"sold-individually","14":"taxable","15":"purchasable","16":"product-type-simple"},"_links":{"self":[{"href":"https:\/\/archacademy.it\/de\/wp-json\/wp\/v2\/product\/52977"}],"collection":[{"href":"https:\/\/archacademy.it\/de\/wp-json\/wp\/v2\/product"}],"about":[{"href":"https:\/\/archacademy.it\/de\/wp-json\/wp\/v2\/types\/product"}],"author":[{"embeddable":true,"href":"https:\/\/archacademy.it\/de\/wp-json\/wp\/v2\/users\/94"}],"replies":[{"embeddable":true,"href":"https:\/\/archacademy.it\/de\/wp-json\/wp\/v2\/comments?post=52977"}],"wp:featuredmedia":[{"embeddable":true,"href":"https:\/\/archacademy.it\/de\/wp-json\/wp\/v2\/media\/52976"}],"wp:attachment":[{"href":"https:\/\/archacademy.it\/de\/wp-json\/wp\/v2\/media?parent=52977"}],"wp:term":[{"taxonomy":"product_cat","embeddable":true,"href":"https:\/\/archacademy.it\/de\/wp-json\/wp\/v2\/product_cat?post=52977"},{"taxonomy":"product_tag","embeddable":true,"href":"https:\/\/archacademy.it\/de\/wp-json\/wp\/v2\/product_tag?post=52977"}],"curies":[{"name":"wp","href":"https:\/\/api.w.org\/{rel}","templated":true}]}}