{"id":51209,"date":"2020-09-02T13:10:59","date_gmt":"2020-09-02T11:10:59","guid":{"rendered":"https:\/\/archacademy.it\/shop\/modernes-zeit-und-arbeitsmanagement-fuer-architekten-und-ingenieure\/"},"modified":"2021-01-30T14:49:36","modified_gmt":"2021-01-30T13:49:36","slug":"modernes-zeit-und-arbeitsmanagement-fuer-architekten-und-ingenieure","status":"publish","type":"product","link":"https:\/\/archacademy.it\/de\/produkt\/modernes-zeit-und-arbeitsmanagement-fuer-architekten-und-ingenieure\/","title":{"rendered":"MODERNES ZEIT- UND ARBEITSMANAGEMENT FUER ARCHITEKTEN UND INGENIEURE"},"content":{"rendered":"","protected":false},"excerpt":{"rendered":"<p>Sie hetzen von Termin zu Termin und haben das Gef\u00fchl, trotzdem nicht alle Aufgaben erledigen zu k\u00f6nnen? Halten Sie kurz inne und lernen Sie in diesem Online-live-Seminar, wie Sie wieder die Oberhand \u00fcber Ihren Termin- und Aufgabenkalender zur\u00fcckgewinnen.<\/p>\n<p><strong>Lernziele:<\/strong><\/p>\n<ul>\n<li>Individuelle Zeitdiebe und Zeitfallen fr\u00fchzeitig erkennen und diesen sinnvoll entgegenwirken<\/li>\n<li>Effektive Arbeits- und Planungstechniken<\/li>\n<li>Hinweise zur Verbesserung der eigenen Zeitplanung<\/li>\n<li>Tipps zum Umgang mit dauerhaft hoher Arbeitsbelastung sowie Stress und Burn-out rechtzeitig erkennen und entsprechend handeln<\/li>\n<li>Hinweise zur St\u00e4rkung und Steigerung der eigenen nervlichen und seelischen Belastungsf\u00e4higkeit f\u00fcr den beruflichen und privaten Alltag<\/li>\n<\/ul>\n<p><strong>Zielgruppe<\/strong>: Architekten und Bauingenieure<\/p>\n<p><strong>Referent<\/strong>: Dipl.-Bauing. Holger Sucker<\/p>\n<p><strong>Sprache<\/strong>: Deutsch (ohne \u00dcbersetzung)<\/p>\n","protected":false},"author":94,"featured_media":51208,"comment_status":"closed","ping_status":"closed","template":"","meta":{"_expiration-date-status":"saved","_expiration-date":0,"_expiration-date-type":"","_expiration-date-categories":[],"_expiration-date-options":[]},"product_cat":[223],"product_tag":[],"class_list":{"0":"post-51209","1":"product","2":"type-product","3":"status-publish","4":"has-post-thumbnail","6":"product_cat-webinars-de","7":"tm-has-options","9":"first","10":"outofstock","11":"virtual","12":"sold-individually","13":"taxable","14":"purchasable","15":"product-type-simple"},"_links":{"self":[{"href":"https:\/\/archacademy.it\/de\/wp-json\/wp\/v2\/product\/51209"}],"collection":[{"href":"https:\/\/archacademy.it\/de\/wp-json\/wp\/v2\/product"}],"about":[{"href":"https:\/\/archacademy.it\/de\/wp-json\/wp\/v2\/types\/product"}],"author":[{"embeddable":true,"href":"https:\/\/archacademy.it\/de\/wp-json\/wp\/v2\/users\/94"}],"replies":[{"embeddable":true,"href":"https:\/\/archacademy.it\/de\/wp-json\/wp\/v2\/comments?post=51209"}],"wp:featuredmedia":[{"embeddable":true,"href":"https:\/\/archacademy.it\/de\/wp-json\/wp\/v2\/media\/51208"}],"wp:attachment":[{"href":"https:\/\/archacademy.it\/de\/wp-json\/wp\/v2\/media?parent=51209"}],"wp:term":[{"taxonomy":"product_cat","embeddable":true,"href":"https:\/\/archacademy.it\/de\/wp-json\/wp\/v2\/product_cat?post=51209"},{"taxonomy":"product_tag","embeddable":true,"href":"https:\/\/archacademy.it\/de\/wp-json\/wp\/v2\/product_tag?post=51209"}],"curies":[{"name":"wp","href":"https:\/\/api.w.org\/{rel}","templated":true}]}}