{"id":49104,"date":"2020-05-31T10:47:36","date_gmt":"2020-05-31T08:47:36","guid":{"rendered":"https:\/\/archacademy.it\/?post_type=product&#038;p=49104"},"modified":"2021-01-30T16:13:46","modified_gmt":"2021-01-30T15:13:46","slug":"bz49103","status":"publish","type":"product","link":"https:\/\/archacademy.it\/de\/produkt\/bz49103\/","title":{"rendered":"MODULO 7 &#8211; LA NUOVA LEGGE PROVINCIALE TERRITORIO E PAESAGGIO | PROCEDIMENTO DI APPROVAZIONE"},"content":{"rendered":"","protected":false},"excerpt":{"rendered":"<p>La nuova legge territorio e paesaggio entrer\u00e0 probabilmente in vigore il<strong>\u00a001.07.2020<\/strong>\u00a0e andr\u00e0 a sostituire due leggi in vigore \u2013 quella urbanistica e la legge per la tutela del paesaggio.<\/p>\n<p>Il Comitato Interprofessionale degli Ordini e Collegi ad indirizzo tecnico della Provincia Autonoma di Bolzano- Alto Adige e arch.academy offrono il ciclo di eventi formativi sulla nuova Legge del territorio e paesaggio, che tratter\u00e0 le basi giuridiche della legge finora stabilite.<\/p>\n<p>Il settimo modulo prevede il seguente programma.<\/p>\n<p><strong>PROGRAMMA:<\/strong><\/p>\n<ul>\n<li>Procedimento di approvazione<br \/>\nIn dialogo tra un tecnico e un avvocato e con esempi pratici saranno mostrato i procedimenti di approvazione<\/li>\n<\/ul>\n<p>Le domande dei partecipanti ai relatori \/ alle relatrici possono essere inviate in anticipo all&#8217;indirizzo e-mail info@archacademy.it oppure poste direttamente durante l\u2019evento nella Live Chat.<\/p>\n<p><strong>Relatori \/ Relatrici:<\/strong>\u00a0Arch.\u00a0<strong>Markus Lunz<\/strong>, Avv.<strong>\u00a0Christoph Baur<\/strong><\/p>\n<p><strong>LINGUA:<\/strong>\u00a0DE (con traduzione simultanea in italiano)<\/p>\n<p>Si consiglia di ripassare i vari articoli della nuova legge a secondo del tema trattato per concretizzare la discussione con i relatori. Link alla nuova legge provinciale territorio e paesaggio &lt;&lt;<a href=\"http:\/\/lexbrowser.provincia.bz.it\/doc\/it\/212899\/legge_provinciale_10_luglio_2018_n_9.aspx?view=1&amp;a=2018&amp;n=9&amp;in=25\" target=\"_blank\" rel=\"noopener noreferrer\">QUI<\/a>&gt;&gt;<\/p>\n<p><strong>Modulo 7 accreditato da:<\/strong><br \/>\nOrdine degli Architetti PPC di Bolzano,\u00a0<strong>2 CFP<br \/>\n<\/strong>Ordine degli Ingegneri di Bolzano<strong>, 2 CFP<br \/>\n<\/strong>Ordine dei Periti Industriali di Bolzano,\u00a0<strong>2 CFP<\/strong><br \/>\nCollegio Professionale dei Periti Agrari e dei Periti Agrari Laureati,\u00a0<strong>0,25 CFP<br \/>\n<\/strong><br \/>\nSe il numero di crediti del Suo Ordine o Collegio non dovesse essere indicato, la preghiamo di rivolgersi ad essi.<\/p>\n<p>Inoltre \u00e8 gi\u00e0 programmat0 anche l&#8217;ultimo modulo, dov&#8217;\u00e8 possibile iscriversi:<\/p>\n<p><strong>Modulo 8 | 26.06.2020, ore 15.00 &#8211; 17.00<\/strong><br \/>\nLa nuova legge provinciale territorio e paesaggio: N<strong>ORME TECNICHE E REGOLAMENTO EDILIZIO TIPO<\/strong><\/p>\n<p>Per tutti i contenuti nei diversi moduli \u00e8 prevista sempre la traduzione simultanea in tedesco ed italiano.<\/p>\n<p>Scarica la locandina del ciclo di eventi formativi &#8220;La nuova legge provinciale territorio e paesaggio&#8221; &lt;&lt;<a href=\"https:\/\/archacademy.it\/wp-content\/uploads\/2018\/01\/Programm-Program.pdf\" target=\"_blank\" rel=\"noopener noreferrer\">QUI<\/a>&gt;&gt;<\/p>\n","protected":false},"author":94,"featured_media":46997,"comment_status":"closed","ping_status":"closed","template":"","meta":{"_expiration-date-status":"","_expiration-date":0,"_expiration-date-type":"","_expiration-date-categories":[],"_expiration-date-options":[]},"product_cat":[223],"product_tag":[],"class_list":{"0":"post-49104","1":"product","2":"type-product","3":"status-publish","4":"has-post-thumbnail","6":"product_cat-webinars-de","7":"tm-has-options","9":"first","10":"outofstock","11":"downloadable","12":"virtual","13":"sold-individually","14":"taxable","15":"purchasable","16":"product-type-simple"},"_links":{"self":[{"href":"https:\/\/archacademy.it\/de\/wp-json\/wp\/v2\/product\/49104"}],"collection":[{"href":"https:\/\/archacademy.it\/de\/wp-json\/wp\/v2\/product"}],"about":[{"href":"https:\/\/archacademy.it\/de\/wp-json\/wp\/v2\/types\/product"}],"author":[{"embeddable":true,"href":"https:\/\/archacademy.it\/de\/wp-json\/wp\/v2\/users\/94"}],"replies":[{"embeddable":true,"href":"https:\/\/archacademy.it\/de\/wp-json\/wp\/v2\/comments?post=49104"}],"wp:featuredmedia":[{"embeddable":true,"href":"https:\/\/archacademy.it\/de\/wp-json\/wp\/v2\/media\/46997"}],"wp:attachment":[{"href":"https:\/\/archacademy.it\/de\/wp-json\/wp\/v2\/media?parent=49104"}],"wp:term":[{"taxonomy":"product_cat","embeddable":true,"href":"https:\/\/archacademy.it\/de\/wp-json\/wp\/v2\/product_cat?post=49104"},{"taxonomy":"product_tag","embeddable":true,"href":"https:\/\/archacademy.it\/de\/wp-json\/wp\/v2\/product_tag?post=49104"}],"curies":[{"name":"wp","href":"https:\/\/api.w.org\/{rel}","templated":true}]}}