{"id":47922,"date":"2020-05-14T06:39:25","date_gmt":"2020-05-14T04:39:25","guid":{"rendered":"https:\/\/archacademy.it\/?post_type=product&#038;p=47922"},"modified":"2021-01-30T15:54:04","modified_gmt":"2021-01-30T14:54:04","slug":"bz47922","status":"publish","type":"product","link":"https:\/\/archacademy.it\/de\/produkt\/bz47922\/","title":{"rendered":"CORONA COVID-19, UND JETZT? DIE ERSTEN ERFAHRUNGEN AUF BAUSTELLEN | CORONA COVID-19, E ADESSO? LE PRIME ESPERIENZE NEI CANTIERI"},"content":{"rendered":"","protected":false},"excerpt":{"rendered":"<p>Ziel dieser Veranstaltung ist es einen ersten \u00dcberblick \u00fcber die ersten Erfahrungen im Umgang mit den Bestimmungen zu Covid-19 auf Baustellen zu geben.<br \/>\nEs werden die vom parit\u00e4tischen Komitee im Bauwesen ausgearbeiteten Leitlinien vorgestellt und deren Anwendung auf Baustellen. Anschlie\u00dfend gibt es Erfahrungsberichte sowohl aus der Sicht der ausf\u00fchrenden Firmen als auch aus der Sicht eines Technikers.<\/p>\n<p>Sie k\u00f6nnen bereits jetzt Ihre Fragen an die E-Mailadresse: <a href=\"mailto:info@archacademy.it\">info@archacademy.it<\/a> senden. Diese werden im Laufe der Fortbildung beantwortet. Es wird ebenso m\u00f6glich sein, im Laufe der Online-Fortbildung im Chatbereich Fragen zu stellen. Wir versuchen, so viele Fragen wie m\u00f6glich zu beantworten.<\/p>\n<p><strong>ReferentInnen:<\/strong><\/p>\n<ul>\n<li>Per.Ind. <strong>Claudio Corrarati<\/strong> &#8211; Pr\u00e4sident des Parit\u00e4tischen Komitees im Bauwesen<\/li>\n<li><strong>Martin Haller<\/strong> &#8211; Pr\u00e4sident des BSKH (Bilaterale K\u00f6rperschaft f\u00fcr Sicherheit im Handwerk)<\/li>\n<li>Arch. <strong>Luca Marchesoni<\/strong> &#8211; Techniker und Sicherheitskoordinator<\/li>\n<\/ul>\n<p>Die Fortbildung ist Eingeschriebenen der technischen Berufskammern und -kollegien der Autonome Provinz Bozen vorbehalten.<\/p>\n<p>Akkreditierte Veranstaltung:<br \/>\nKammer der Architekten RLD Bozen, <strong>2 BFC<\/strong><b><br \/>\n<\/b>Kammer der Ingenieure Bozen,<strong> 2 BFC<\/strong><b><br \/>\n<\/b>Kammer der Periti Industriali Bozen,<strong> 2 BFC<\/strong><b><br \/>\n<\/b><br \/>\nSollte die Anzahl der Credits Ihrer Berufskammer bzw. -kollegiums nicht aufscheinen, bitten wir Sie, sich direkt an diese zu wenden.<br \/>\nSie erhalten seitens der Kammer der Architekten RLD Bozen eine Teilnahmebest\u00e4tigung und die Teilnahmelisten werden an die jeweiligen Berufskammern bzw. Kollegien gesendet.<\/p>\n<p><strong>SPRACHE:<\/strong> Deutsch und Italienisch (ohne \u00dcbersetzung)<\/p>\n","protected":false},"author":94,"featured_media":47923,"comment_status":"closed","ping_status":"closed","template":"","meta":{"_expiration-date-status":"","_expiration-date":0,"_expiration-date-type":"","_expiration-date-categories":[],"_expiration-date-options":[]},"product_cat":[223],"product_tag":[],"class_list":{"0":"post-47922","1":"product","2":"type-product","3":"status-publish","4":"has-post-thumbnail","6":"product_cat-webinars-de","7":"tm-has-options","9":"first","10":"outofstock","11":"downloadable","12":"virtual","13":"sold-individually","14":"taxable","15":"purchasable","16":"product-type-simple"},"_links":{"self":[{"href":"https:\/\/archacademy.it\/de\/wp-json\/wp\/v2\/product\/47922"}],"collection":[{"href":"https:\/\/archacademy.it\/de\/wp-json\/wp\/v2\/product"}],"about":[{"href":"https:\/\/archacademy.it\/de\/wp-json\/wp\/v2\/types\/product"}],"author":[{"embeddable":true,"href":"https:\/\/archacademy.it\/de\/wp-json\/wp\/v2\/users\/94"}],"replies":[{"embeddable":true,"href":"https:\/\/archacademy.it\/de\/wp-json\/wp\/v2\/comments?post=47922"}],"wp:featuredmedia":[{"embeddable":true,"href":"https:\/\/archacademy.it\/de\/wp-json\/wp\/v2\/media\/47923"}],"wp:attachment":[{"href":"https:\/\/archacademy.it\/de\/wp-json\/wp\/v2\/media?parent=47922"}],"wp:term":[{"taxonomy":"product_cat","embeddable":true,"href":"https:\/\/archacademy.it\/de\/wp-json\/wp\/v2\/product_cat?post=47922"},{"taxonomy":"product_tag","embeddable":true,"href":"https:\/\/archacademy.it\/de\/wp-json\/wp\/v2\/product_tag?post=47922"}],"curies":[{"name":"wp","href":"https:\/\/api.w.org\/{rel}","templated":true}]}}