{"id":47802,"date":"2020-05-12T11:33:36","date_gmt":"2020-05-12T09:33:36","guid":{"rendered":"https:\/\/archacademy.it\/?post_type=product&#038;p=47802"},"modified":"2021-01-30T15:48:53","modified_gmt":"2021-01-30T14:48:53","slug":"bz47802","status":"publish","type":"product","link":"https:\/\/archacademy.it\/de\/produkt\/bz47802\/","title":{"rendered":"CO-HOUSING &#8211; MODERNES WOHNEN ZEITGEM\u00c4SS BAUEN UND LEBEN"},"content":{"rendered":"","protected":false},"excerpt":{"rendered":"<p><strong>Wie funktionieren Wohnmodelle der Zukunft? Welche Potentiale gibt es in unserer Region?<\/strong><\/p>\n<p><strong>Come funzionano le moderne forme di convivenza? Quali potenzialit\u00e0 ci sono nella nostra regione?<\/strong><\/p>\n<p>Diese Fragestellungen werden beim offenen Stammtisch diskutiert. Der BASIS-Stammtisch ist ein offenes Format, bei dem sich unterschiedliche Menschen zu einem ausgew\u00e4hlten Thema austauschen k\u00f6nnen. Er findet normalerweise regelm\u00e4\u00dfig in einem Gasthaus im Vinschgau und dar\u00fcber hinaus statt.<br \/>\nZiel: Austausch und Info zu bestimmten, aktuellen Themen.<\/p>\n<p>Lasst uns die Gasthausgespr\u00e4che ins eigene Wohnzimmer bringen und gemeinsam plaudern, diskutieren und philosophieren!<br \/>\nJeder\/Jede ist herzlich eingeladen! Nimm ganz einfach per Computer, Tablet oder Smartphone teil.<\/p>\n<p><strong>KEINE CREDITS VORGESEHEN &#8211; KEINE ANMELDUNG NOTWENDIG &#8211; TEILNAHME DIREKT \u00dcBER DEN VERANSTALTER:<\/strong><\/p>\n<p><strong>Link zur Online-Veranstaltung:<\/strong><br \/>\n<a href=\"https:\/\/global.gotomeeting.com\/join\/985521437\" target=\"_blank\" rel=\"noopener noreferrer\">https:\/\/global.gotomeeting.com\/join\/985521437<\/a><\/p>\n<p>Solltest du mit deinem Smartphone einsteigen, lade bitte vorerst die kostenlose App herunter:<br \/>\n<a href=\"https:\/\/global.gotomeeting.com\/install\/985521437\" target=\"_blank\" rel=\"noopener noreferrer\">https:\/\/global.gotomeeting.com\/install\/985521437<\/a><\/p>\n<p><strong>Meeting ID: 985-521-437<\/strong><\/p>\n<p><strong>Programm<\/strong>:<\/p>\n<ul>\n<li><strong>Begr\u00fc\u00dfung und Einstieg<\/strong><br \/>\nWas ist der BASIS Stammtisch? \u2013 #2 digitaler Stammtisch \u2013 Spielregeln, E-Mail aller TeilnehmerInnen als Privatnachricht \u2013 max. 10 sec Vorstellung der TeilnehmerInnen, Vorstellung des Teams und der BASIS Vinschgau Venosta \u2013 Einstieg in die Thematik \u2013 Erkl\u00e4rung der Begriffe Co-living \/ Co-housing und Hauptfragestellung<\/li>\n<li><strong>Hauptteil<\/strong><br \/>\nInputs vonseiten der Experten, Personen erz\u00e4hlen, schildern ihre Meinung und ihre Erfahrungen, moderierte offene Diskussion;<\/li>\n<li><strong>Abschluss<\/strong><br \/>\nZusammenfassung, Danksagung, Fortsetzung? Nachbericht via Mail<\/li>\n<\/ul>\n<p><strong>REFERENT\/IN<\/strong>:<\/p>\n<p>Als Gastreferentin kommt Gabu Heindl aus Wien und ein\/eine Vertreterin von Cambium, eines bereits funktionierenden Co-housing Projektes:<\/p>\n<p>Die Moderation wird Hannes G\u00f6tsch zusammen mit Arch. Itta Maurer f\u00fchren.<\/p>\n<p>&nbsp;<\/p>\n<p><strong>SPRACHE<\/strong>: DE (ohne \u00dcbersetzung)<\/p>\n<p>&nbsp;<\/p>\n<p>Eine Zusammenarbeit<\/p>\n<p><img decoding=\"async\" class=\"alignnone wp-image-47479\" src=\"https:\/\/archacademy.it\/wp-content\/uploads\/2018\/01\/BASIS-Signet-2019-mitVV.jpg\" alt=\"\" width=\"135\" height=\"114\" \/> <img decoding=\"async\" class=\"alignnone wp-image-47479\" src=\"https:\/\/archacademy.it\/wp-content\/uploads\/2018\/01\/COHOUSING-FB.jpg\" alt=\"\" width=\"210\" height=\"182\" \/> <img decoding=\"async\" class=\"alignnone wp-image-47481\" src=\"https:\/\/archacademy.it\/wp-content\/uploads\/2018\/01\/190320_Logo_Plattform_Land.png\" alt=\"\" width=\"174\" height=\"170\" \/><\/p>\n<p>arch.academy haftet nicht f\u00fcr Inhalte externer Links und deren Inhalte.<\/p>\n","protected":false},"author":94,"featured_media":47807,"comment_status":"closed","ping_status":"closed","template":"","meta":{"_expiration-date-status":"","_expiration-date":0,"_expiration-date-type":"","_expiration-date-categories":[],"_expiration-date-options":[]},"product_cat":[223],"product_tag":[],"class_list":{"0":"post-47802","1":"product","2":"type-product","3":"status-publish","4":"has-post-thumbnail","6":"product_cat-webinars-de","7":"tm-has-options","9":"first","10":"outofstock","11":"downloadable","12":"virtual","13":"sold-individually","14":"taxable","15":"purchasable","16":"product-type-simple"},"_links":{"self":[{"href":"https:\/\/archacademy.it\/de\/wp-json\/wp\/v2\/product\/47802"}],"collection":[{"href":"https:\/\/archacademy.it\/de\/wp-json\/wp\/v2\/product"}],"about":[{"href":"https:\/\/archacademy.it\/de\/wp-json\/wp\/v2\/types\/product"}],"author":[{"embeddable":true,"href":"https:\/\/archacademy.it\/de\/wp-json\/wp\/v2\/users\/94"}],"replies":[{"embeddable":true,"href":"https:\/\/archacademy.it\/de\/wp-json\/wp\/v2\/comments?post=47802"}],"wp:featuredmedia":[{"embeddable":true,"href":"https:\/\/archacademy.it\/de\/wp-json\/wp\/v2\/media\/47807"}],"wp:attachment":[{"href":"https:\/\/archacademy.it\/de\/wp-json\/wp\/v2\/media?parent=47802"}],"wp:term":[{"taxonomy":"product_cat","embeddable":true,"href":"https:\/\/archacademy.it\/de\/wp-json\/wp\/v2\/product_cat?post=47802"},{"taxonomy":"product_tag","embeddable":true,"href":"https:\/\/archacademy.it\/de\/wp-json\/wp\/v2\/product_tag?post=47802"}],"curies":[{"name":"wp","href":"https:\/\/api.w.org\/{rel}","templated":true}]}}