{"id":46990,"date":"2020-04-29T09:58:08","date_gmt":"2020-04-29T07:58:08","guid":{"rendered":"https:\/\/archacademy.it\/?post_type=product&#038;p=46990"},"modified":"2021-01-30T15:52:43","modified_gmt":"2021-01-30T14:52:43","slug":"bz46990","status":"publish","type":"product","link":"https:\/\/archacademy.it\/de\/produkt\/bz46990\/","title":{"rendered":"MODUL 3 &#8211; DAS NEUE LANDESGESETZ RAUM UND LANDSCHAFT | RAUMPLANUNG"},"content":{"rendered":"","protected":false},"excerpt":{"rendered":"<p>Seit die geltenden Gesetze f\u00fcr Raumordnung und Landschaftsschutz geschrieben wurden, haben sich S\u00fcdtirol und seine Gesellschaft gewandelt.<\/p>\n<p>Das neue Landesgesetz Raum und Landschaft wird voraussichtlich am 01.07.2020 in Kraft treten und jenes f\u00fcr Raumordnung und jenes f\u00fcr den Landschaftsschutz abl\u00f6sen.<br \/>\nDer Interdisziplin\u00e4rer Ausschuss der technischen Berufskammern und Kollegien der autonomen Provinz Bozen &#8211; S\u00fcdtirol und die arch.academy bieten, in Zusammenarbeit mit der Autonomen Provinz Bozen \u201eAbteilung Natur, Raum, und Landschaftsentwicklung, dem S\u00fcdtiroler Gemeindenverband und der Handelskammer Bozen, die Online-Fortbildungsreihe zum neuen Landesgesetz Raum und Landschaft an, welche die bis jetzt feststehenden gesetzlichen Grundlagen des Gesetzes behandelt.<\/p>\n<p>Das dritte Modul der Fortbildungsreihe sieht folgendes Programm vor.<\/p>\n<p><strong>PROGRAMM:<\/strong><br \/>\n&#8211; Gemeindeentwicklungsprogramm<br \/>\n&#8211; Gemeindeplan f\u00fcr Raum und Landschaft mit Verfahren und Durchf\u00fchrungsbestimmungen<br \/>\n&#8211; Gebietsnutzung und Zonierung<br \/>\n&#8211; Urbanistische Standards<\/p>\n<p>Die Fragen der Teilnehmer an die ReferentInnen k\u00f6nnen vorab an die E-Mail-Adresse info@archacademy.it gesendet oder in der Veranstaltung direkt im Live-Chat formuliert werden.<\/p>\n<p><strong>ReferentInnen:<\/strong><br \/>\n<strong>Carlotta Polo<\/strong>, Amt f\u00fcr Gemeindeplanung der Autonomen Provinz Bozen<br \/>\n<strong>Matthias Zingerle<\/strong>, Amt f\u00fcr Landschaftsplanung der Autonomen Provinz Bozen<br \/>\n<strong>Raphael Palla<\/strong>, Amt f\u00fcr Gemeindeplanung der Autonomen Provinz Bozen<br \/>\n<strong>Sylvia Ganthaler<\/strong>, Amt f\u00fcr Gemeindeplanung der Autonomen Provinz Bozen<\/p>\n<p><strong>SPRACHE: DE | IT<\/strong> (mit Simultan\u00fcbersetzungen jeweils in Deutsch und Italienisch)<\/p>\n<p>Wir empfehlen allen TeilnehmerInnen jene Artikel des neuen Landesgesetzes f\u00fcr Raum und Landschaft zu lesen, welche Inhalt der einzelnen Module sind, um eine m\u00f6glichst konkrete Fragenrunde zu f\u00f6rdern. Link zum neuen Landesgesetz Raum und Landschaft &lt;&lt;<a href=\"http:\/\/lexbrowser.provinz.bz.it\/doc\/de\/212899\/landesgesetz_vom_10_juli_2018_nr_9.aspx?view=1&amp;a=2018&amp;n=9&amp;in=24\" target=\"_blank\" rel=\"noopener noreferrer\">HIER<\/a>&gt;&gt;<\/p>\n<p><strong>ACHTUNG | ATTENZIONE:<\/strong><br \/>\n<strong>PER L&#8217;ISCRIZIONE ALL&#8217;EVENTO IN LINGUA ITALIANA, SI PREGA DI CAMBIARE SULLA VERSIONE ITALIANA DEL SITO; UNO SCAMBIO DELLA LINGUA ALL&#8217;INTERNO DEGLI EVENTI IN MODALIT\u00c1 ONLINE NON \u00c9 PIU POSSIBILE.<\/strong><br \/>\nZUR ANMELDUNG AN DER VERANSTALTUNG IN ITALIENISCHER SPRACHE, WECHSELN SIE BITTE AUF DIE ITALIENISCHE VERSION DER HOMEPAGE; EIN WECHSEL DER SPRACHE INNERHALB DER VERANSTALTUNGEN IST IM ONLINE-MODUS NICHT MEHR M\u00d6GLICH.<\/p>\n<p>Modul 3 akkreditiert von:<br \/>\nKammer der Architekten RLD Bozen, <strong>3 BFC<br \/>\n<\/strong>Kammer der Ingenieure Bozen, <strong>3 BFC<br \/>\n<\/strong>Kammer der Periti Industriali Bozen,<strong> 3 BFC<br \/>\n<\/strong>Berufskollegium der Dipl. Agrartechniker und Dipl. Agrartechniker mit Universit\u00e4tsabschlu\u00df,<strong> 0,375 BFC<\/strong><\/p>\n<p>Sollte die Anzahl der Credits Ihrer Berufskammer bzw. -kollegiums nicht aufscheinen, bitten wir Sie sich direkt an diese zu wenden.<\/p>\n<p>Folgendes zus\u00e4tzliches Modul ist bereits geplant und eine Einschreibung ist ebenfalls m\u00f6glich:<\/p>\n<p><strong>Modul 4 | 29.05.2020, 15.00 \u2013 17.00 Uhr<\/strong><br \/>\nDas neue Landesgesetz Raum und Landschaft: <strong>UMWELTPR\u00dcFUNG UND GEODATEN<\/strong><\/p>\n<p>Alle Inhalte der einzelnen Module werden simultan Deutsch, Italienisch \u00fcbersetzt.<\/p>\n<p>Der Programmflyer der gesamten Fortbildungsreihe kann &lt;&lt;<a href=\"https:\/\/archacademy.it\/wp-content\/uploads\/2018\/01\/Programm-Program.pdf\" target=\"_blank\" rel=\"noopener noreferrer\">HIER<\/a>&gt;&gt; heruntergeladen werden.<\/p>\n","protected":false},"author":94,"featured_media":46997,"comment_status":"closed","ping_status":"closed","template":"","meta":{"_expiration-date-status":"","_expiration-date":0,"_expiration-date-type":"","_expiration-date-categories":[],"_expiration-date-options":[]},"product_cat":[223],"product_tag":[],"class_list":{"0":"post-46990","1":"product","2":"type-product","3":"status-publish","4":"has-post-thumbnail","6":"product_cat-webinars-de","7":"tm-has-options","9":"first","10":"outofstock","11":"downloadable","12":"virtual","13":"sold-individually","14":"taxable","15":"purchasable","16":"product-type-simple"},"_links":{"self":[{"href":"https:\/\/archacademy.it\/de\/wp-json\/wp\/v2\/product\/46990"}],"collection":[{"href":"https:\/\/archacademy.it\/de\/wp-json\/wp\/v2\/product"}],"about":[{"href":"https:\/\/archacademy.it\/de\/wp-json\/wp\/v2\/types\/product"}],"author":[{"embeddable":true,"href":"https:\/\/archacademy.it\/de\/wp-json\/wp\/v2\/users\/94"}],"replies":[{"embeddable":true,"href":"https:\/\/archacademy.it\/de\/wp-json\/wp\/v2\/comments?post=46990"}],"wp:featuredmedia":[{"embeddable":true,"href":"https:\/\/archacademy.it\/de\/wp-json\/wp\/v2\/media\/46997"}],"wp:attachment":[{"href":"https:\/\/archacademy.it\/de\/wp-json\/wp\/v2\/media?parent=46990"}],"wp:term":[{"taxonomy":"product_cat","embeddable":true,"href":"https:\/\/archacademy.it\/de\/wp-json\/wp\/v2\/product_cat?post=46990"},{"taxonomy":"product_tag","embeddable":true,"href":"https:\/\/archacademy.it\/de\/wp-json\/wp\/v2\/product_tag?post=46990"}],"curies":[{"name":"wp","href":"https:\/\/api.w.org\/{rel}","templated":true}]}}