{"id":45882,"date":"2020-03-20T10:20:07","date_gmt":"2020-03-20T09:20:07","guid":{"rendered":"https:\/\/archacademy.it\/?post_type=product&#038;p=45882"},"modified":"2021-01-30T15:18:31","modified_gmt":"2021-01-30T14:18:31","slug":"fc89745","status":"publish","type":"product","link":"https:\/\/archacademy.it\/de\/produkt\/fc89745\/","title":{"rendered":"COSTRUIRE CON L\u2019ARGILLA E CON IL LEGNO \u2013 LA SOLUZIONE CREASAN"},"content":{"rendered":"","protected":false},"excerpt":{"rendered":"<p>Argilla: un materiale antico che sta tornando in auge. L&#8217;utilizzo dell&#8217;argilla per la finitura interna non \u00e8 pi\u00f9 un prodotto per pochi estimatori, ma una vera e propria soluzione tecnica che unisce le note qualit\u00e0 di salubrit\u00e0 ambientale ad una sempre pi\u00f9 semplice modalit\u00e0 di applicazione.<\/p>\n<p>Il seminario mira ad illustrare i tradizionali interventi ad intonaco, le applicazioni moderne di pannelli in argilla e pannelli isolanti in legno e la facilit\u00e0 di applicazione dell\u2019argilla.<\/p>\n<p>I vantaggi relativi all\u2019utilizzo dell\u2019argilla sono numerosi, sia per gli interventi in nuove strutture in legno che per l\u2019applicazione in situazioni di ristrutturazione.<\/p>\n<p><strong>PROGRAMMA<\/strong>:<\/p>\n<ul>\n<li>Intonaci e finiture in argilla<\/li>\n<li>Inerzia termica interna secondo EN 13786<\/li>\n<li>Assorbimento igroscopico: la capacit\u00e0 di gestire i picchi di produzione di umidit\u00e0<\/li>\n<li>Miglioramento del benessere abitativo<\/li>\n<li>Sistemi applicativi a secco ed a umido: consigli e trucchi per la lavorazione<\/li>\n<li>DIN 18947: dalla resistenza meccanica alle classi di assorbimento igroscopico<\/li>\n<li>Soluzioni per il risanamento: a parete ed a soffitto: la soluzione CREASAN<\/li>\n<li>Domande &amp; Risposte<\/li>\n<\/ul>\n<p><strong>RELATORE\/I<\/strong>: arch. <strong>MATTEO PONTARA<\/strong>, arch. <strong>DEMIS ORLANDI<\/strong><\/p>\n<p><strong>LINGUA<\/strong>: IT (senza traduzione)<\/p>\n","protected":false},"author":94,"featured_media":45885,"comment_status":"closed","ping_status":"closed","template":"","meta":{"_expiration-date-status":"","_expiration-date":0,"_expiration-date-type":"","_expiration-date-categories":[],"_expiration-date-options":[]},"product_cat":[223],"product_tag":[],"class_list":{"0":"post-45882","1":"product","2":"type-product","3":"status-publish","4":"has-post-thumbnail","6":"product_cat-webinars-de","7":"tm-has-options","9":"first","10":"outofstock","11":"downloadable","12":"virtual","13":"sold-individually","14":"taxable","15":"purchasable","16":"product-type-simple"},"_links":{"self":[{"href":"https:\/\/archacademy.it\/de\/wp-json\/wp\/v2\/product\/45882"}],"collection":[{"href":"https:\/\/archacademy.it\/de\/wp-json\/wp\/v2\/product"}],"about":[{"href":"https:\/\/archacademy.it\/de\/wp-json\/wp\/v2\/types\/product"}],"author":[{"embeddable":true,"href":"https:\/\/archacademy.it\/de\/wp-json\/wp\/v2\/users\/94"}],"replies":[{"embeddable":true,"href":"https:\/\/archacademy.it\/de\/wp-json\/wp\/v2\/comments?post=45882"}],"wp:featuredmedia":[{"embeddable":true,"href":"https:\/\/archacademy.it\/de\/wp-json\/wp\/v2\/media\/45885"}],"wp:attachment":[{"href":"https:\/\/archacademy.it\/de\/wp-json\/wp\/v2\/media?parent=45882"}],"wp:term":[{"taxonomy":"product_cat","embeddable":true,"href":"https:\/\/archacademy.it\/de\/wp-json\/wp\/v2\/product_cat?post=45882"},{"taxonomy":"product_tag","embeddable":true,"href":"https:\/\/archacademy.it\/de\/wp-json\/wp\/v2\/product_tag?post=45882"}],"curies":[{"name":"wp","href":"https:\/\/api.w.org\/{rel}","templated":true}]}}