{"id":44367,"date":"2019-09-17T23:37:31","date_gmt":"2019-09-17T21:37:31","guid":{"rendered":"https:\/\/archacademy.it\/?post_type=product&#038;p=44367"},"modified":"2021-01-30T15:02:57","modified_gmt":"2021-01-30T14:02:57","slug":"larchitetto-dal-progetto-alla-commessa","status":"publish","type":"product","link":"https:\/\/archacademy.it\/de\/prodotto\/larchitetto-dal-progetto-alla-commessa\/","title":{"rendered":"L\u2019ARCHITETTO: DAL PROGETTO ALLA COMMESSA"},"content":{"rendered":"","protected":false},"excerpt":{"rendered":"<p>Il seminario \u00e8 destinato a progettisti, direttori lavori, coordinatori per la sicurezza e pi\u00f9 in generale tutti i professionisti che possono essere coinvolti in maniera pi\u00f9 o meno complessa nelle attivit\u00e0 di redazione del progetto ed esecutive e gestionali durante il cantiere.<\/p>\n<p>Organizzare e gestire commessa ed attivit\u00e0 del professionista per garantire la qualit\u00e0 del servizio reso riducendo costi, tempi morti ed inefficienze grazie alla capacit\u00e0 di strutturare la tecnologia, anche a costi molto bassi per ottimizzare al massimo le opportunit\u00e0 date dal web.<\/p>\n<p>Approcciare nei casi pi\u00f9 evoluti ad un processo di gestione e controllo della commessa nel suo ciclo di vita integrato. Il tutto con considerazioni su diversi approcci, esempi concreti ed analisi delle criticit\u00e0.<\/p>\n<p><strong>PROGRAMMA<\/strong>:<\/p>\n<ul>\n<li>Il progetto e la commessa progettuale non sono la stessa cosa. Dall\u2019abilit\u00e0 professionale ai concetti di impostazione con criteri di management secondo la mancata organizzazione e gestione della fase di commessa: problemi e criticit\u00e0<\/li>\n<li>La strutturazione dei punti chiavi per impostare una commessa di architettura ed ingegneria secondo criteri di project-management<\/li>\n<li>Gestionali, documentali, social, app per progettisti, direttori lavori, coordinatori per la sicurezza<\/li>\n<li>Alfabetizzazione tecnologica e strumenti per il singolo professionista o la realt\u00e0 professionale medio grande<\/li>\n<li>Inquadramento generale e nozioni di base<\/li>\n<li>Domande &amp; Risposte<\/li>\n<\/ul>\n<p><strong>RELATORE<\/strong>: Dott. <strong>STEFANO DONADELLO<\/strong><\/p>\n","protected":false},"author":94,"featured_media":44368,"comment_status":"closed","ping_status":"closed","template":"","meta":{"_expiration-date-status":"","_expiration-date":0,"_expiration-date-type":"","_expiration-date-categories":[],"_expiration-date-options":[]},"product_cat":[30],"product_tag":[204,206,205],"class_list":{"0":"post-44367","1":"product","2":"type-product","3":"status-publish","4":"has-post-thumbnail","6":"product_cat-webinars","7":"product_tag-architetti","8":"product_tag-crediti-formativi","9":"product_tag-formazione-online","10":"tm-has-options","12":"first","13":"outofstock","14":"downloadable","15":"virtual","16":"sold-individually","17":"taxable","18":"purchasable","19":"product-type-simple"},"_links":{"self":[{"href":"https:\/\/archacademy.it\/de\/wp-json\/wp\/v2\/product\/44367"}],"collection":[{"href":"https:\/\/archacademy.it\/de\/wp-json\/wp\/v2\/product"}],"about":[{"href":"https:\/\/archacademy.it\/de\/wp-json\/wp\/v2\/types\/product"}],"author":[{"embeddable":true,"href":"https:\/\/archacademy.it\/de\/wp-json\/wp\/v2\/users\/94"}],"replies":[{"embeddable":true,"href":"https:\/\/archacademy.it\/de\/wp-json\/wp\/v2\/comments?post=44367"}],"wp:featuredmedia":[{"embeddable":true,"href":"https:\/\/archacademy.it\/de\/wp-json\/wp\/v2\/media\/44368"}],"wp:attachment":[{"href":"https:\/\/archacademy.it\/de\/wp-json\/wp\/v2\/media?parent=44367"}],"wp:term":[{"taxonomy":"product_cat","embeddable":true,"href":"https:\/\/archacademy.it\/de\/wp-json\/wp\/v2\/product_cat?post=44367"},{"taxonomy":"product_tag","embeddable":true,"href":"https:\/\/archacademy.it\/de\/wp-json\/wp\/v2\/product_tag?post=44367"}],"curies":[{"name":"wp","href":"https:\/\/api.w.org\/{rel}","templated":true}]}}