{"id":77541,"date":"2023-12-18T16:31:19","date_gmt":"2023-12-18T15:31:19","guid":{"rendered":"https:\/\/archacademy.it\/?page_id=77541"},"modified":"2024-01-09T14:11:55","modified_gmt":"2024-01-09T13:11:55","slug":"holzbaukongress-2024","status":"publish","type":"page","link":"https:\/\/archacademy.it\/de\/holzbaukongress-2024\/","title":{"rendered":"Holzbaukongress 2024"},"content":{"rendered":"<p>[vc_row unlock_row_content=&#8221;yes&#8221; row_height_percent=&#8221;25&#8243; override_padding=&#8221;yes&#8221; h_padding=&#8221;0&#8243; top_padding=&#8221;0&#8243; bottom_padding=&#8221;0&#8243; overlay_alpha=&#8221;50&#8243; gutter_size=&#8221;3&#8243; column_width_percent=&#8221;100&#8243; shift_y=&#8221;0&#8243; z_index=&#8221;0&#8243; medium_visibility=&#8221;yes&#8221; mobile_visibility=&#8221;yes&#8221;][vc_column column_width_percent=&#8221;100&#8243; position_vertical=&#8221;middle&#8221; align_horizontal=&#8221;align_center&#8221; gutter_size=&#8221;3&#8243; overlay_alpha=&#8221;50&#8243; shift_x=&#8221;0&#8243; shift_y=&#8221;0&#8243; shift_y_down=&#8221;0&#8243; z_index=&#8221;0&#8243; medium_width=&#8221;0&#8243; mobile_width=&#8221;0&#8243; width=&#8221;1\/1&#8243;][vc_single_image media=&#8221;77555&#8243; media_width_percent=&#8221;100&#8243; alignment=&#8221;center&#8221;][\/vc_column][\/vc_row][vc_row row_height_percent=&#8221;0&#8243; override_padding=&#8221;yes&#8221; h_padding=&#8221;2&#8243; top_padding=&#8221;4&#8243; bottom_padding=&#8221;4&#8243; overlay_alpha=&#8221;0&#8243; gutter_size=&#8221;100&#8243; column_width_percent=&#8221;100&#8243; shift_y=&#8221;0&#8243; z_index=&#8221;0&#8243; style=&#8221;inherited&#8221;][vc_column column_width_percent=&#8221;100&#8243; align_horizontal=&#8221;align_center&#8221; gutter_size=&#8221;4&#8243; overlay_alpha=&#8221;100&#8243; shift_x=&#8221;0&#8243; shift_y=&#8221;0&#8243; shift_y_down=&#8221;0&#8243; z_index=&#8221;0&#8243; medium_width=&#8221;0&#8243; mobile_width=&#8221;0&#8243; zoom_width=&#8221;0&#8243; zoom_height=&#8221;0&#8243; width=&#8221;1\/1&#8243;][vc_row_inner row_inner_height_percent=&#8221;0&#8243; overlay_alpha=&#8221;100&#8243; gutter_size=&#8221;4&#8243; shift_y=&#8221;0&#8243;][vc_column_inner column_width_percent=&#8221;100&#8243; gutter_size=&#8221;3&#8243; overlay_alpha=&#8221;100&#8243; shift_x=&#8221;0&#8243; shift_y=&#8221;0&#8243; shift_y_down=&#8221;0&#8243; z_index=&#8221;0&#8243; medium_width=&#8221;3&#8243; mobile_width=&#8221;0&#8243; zoom_width=&#8221;0&#8243; zoom_height=&#8221;0&#8243; width=&#8221;1\/2&#8243;][vc_column_text]Wir freuen uns, Sie zu unserem bevorstehenden Holzbaukongress &#8220;<strong>BAUEN MIT HOLZ \u2013 VON DER PLANUNG BIS ZUR MONTAGE<\/strong>&#8221; einzuladen. Die Tagung bietet Einblicke von renommierten Referenten aus verschiedenen Bereichen der Forst- und Holzwirtschaft.<\/p>\n<p>Hier sind die Details im \u00dcberblick:[\/vc_column_text][\/vc_column_inner][vc_column_inner column_width_percent=&#8221;100&#8243; gutter_size=&#8221;3&#8243; overlay_alpha=&#8221;100&#8243; shift_x=&#8221;0&#8243; shift_y=&#8221;0&#8243; shift_y_down=&#8221;0&#8243; z_index=&#8221;0&#8243; medium_width=&#8221;3&#8243; mobile_width=&#8221;0&#8243; zoom_width=&#8221;0&#8243; zoom_height=&#8221;0&#8243; width=&#8221;1\/2&#8243;][vc_custom_heading heading_semantic=&#8221;h3&#8243; text_size=&#8221;h3&#8243;]PROGRAMM[\/vc_custom_heading][vc_column_text]<\/p>\n<ul>\n<li><strong>08.00<\/strong> Registrierung Teilnehmer<\/li>\n<li><strong>09.00<\/strong> Gru\u00dfworte lvh.apa Wirtschaftsverband, Architektenkammer, Ingenieurkammer, Pro Ramus, IDM<\/li>\n<li><strong>09.15<\/strong> <strong>Dipl. -Ing. Michael Stauder (IDM)<\/strong> \u2013 Kurzreferat \u00fcber Wertsch\u00f6pfung in der S\u00fcdtiroler Wald- und Holzwirtschaft<\/li>\n<li><strong>0<\/strong><b>9.45 <\/b><strong>Univ.-Prof. Tom Kaden<\/strong> (Professor Universit\u00e4t Graz) &#8211; Urbaner Holzbau<\/li>\n<li><strong>10.15<\/strong> <strong>Dipl. -Ing. Konrad Merz<\/strong> (Holzbaustatiker Vorarlberg) &#8211; Holzbau Status Quo<\/li>\n<li><strong>11.00<\/strong> Kaffeepause &#8211; Unterst\u00fctzt von Rothoblaas<\/li>\n<li><strong>11.30<\/strong> <strong>Arch. Stefan Gamper<\/strong> Master of Engineering (Architekt Klausen) &#8211; Werkbericht mit Architektonischen Details<\/li>\n<li><strong>12.00<\/strong> <strong>Dipl.Ing.Dr.techn. Georg Stecher<\/strong> (Prad am Stilfserjoch) &#8211; Brettsperrholz &#8211; Stand der Technik &#8211; Blick in die Zukunft<\/li>\n<li><strong>12.45<\/strong> Gemeinsamer Vortrag &#8211; <strong>Manuel Benedikter<\/strong> (Architekt), <strong>Hubert Gruber<\/strong> (Bauherr)- Sanierung und Neubau im Doppelpack &#8211; \u00f6kologisches und zeitgem\u00e4\u00dfes Wohndesign<\/li>\n<li>Diskussion und Fragerunde<\/li>\n<li><strong>13.30<\/strong> Networking lunch<\/li>\n<\/ul>\n<p><strong>MODERATOR<\/strong>: Matthias Ammann<br \/>\n<strong>SPRACHE<\/strong>: Deutsch (ohne \u00dcbersetzungen)<\/p>\n<p>Berufliche Fortbildungscredits <strong>BFC<\/strong> auch f\u00fcr:<\/p>\n<ul>\n<li>Ingenieure BZ: 5 BFC<\/li>\n<li>Geometer BZ: angefragt<\/li>\n<li>Periti Industriali BZ: angefragt<\/li>\n<\/ul>\n<p>[\/vc_column_text][\/vc_column_inner][\/vc_row_inner][\/vc_column][\/vc_row][vc_row unlock_row=&#8221;&#8221; row_height_percent=&#8221;0&#8243; overlay_alpha=&#8221;50&#8243; gutter_size=&#8221;3&#8243; column_width_use_pixel=&#8221;yes&#8221; shift_y=&#8221;0&#8243; z_index=&#8221;0&#8243; inverted_device_order=&#8221;yes&#8221; auto_height_device=&#8221;yes&#8221; column_width_pixel=&#8221;1280&#8243;][vc_column column_width_percent=&#8221;100&#8243; position_vertical=&#8221;bottom&#8221; align_horizontal=&#8221;align_center&#8221; gutter_size=&#8221;1&#8243; overlay_alpha=&#8221;50&#8243; shift_x=&#8221;0&#8243; shift_y=&#8221;0&#8243; shift_y_down=&#8221;0&#8243; z_index=&#8221;0&#8243; medium_width=&#8221;0&#8243; mobile_width=&#8221;0&#8243; width=&#8221;1\/1&#8243;][vc_row_inner row_inner_height_percent=&#8221;0&#8243; force_width_grid=&#8221;yes&#8221; overlay_alpha=&#8221;50&#8243; gutter_size=&#8221;1&#8243; shift_y=&#8221;0&#8243; z_index=&#8221;0&#8243;][vc_column_inner column_width_percent=&#8221;100&#8243; position_vertical=&#8221;bottom&#8221; gutter_size=&#8221;3&#8243; overlay_alpha=&#8221;50&#8243; shift_x=&#8221;0&#8243; shift_y=&#8221;0&#8243; shift_y_down=&#8221;0&#8243; z_index=&#8221;0&#8243; medium_width=&#8221;0&#8243; mobile_width=&#8221;0&#8243; width=&#8221;1\/4&#8243;][vc_single_image media=&#8221;77576&#8243; media_width_percent=&#8221;100&#8243; alignment=&#8221;center&#8221; shadow=&#8221;yes&#8221; shadow_weight=&#8221;sm&#8221; css_animation=&#8221;zoom-in&#8221; animation_speed=&#8221;600&#8243; media_link=&#8221;url:https%3A%2F%2Fwww.lvh.it%2F|target:_blank&#8221;][\/vc_column_inner][vc_column_inner column_width_percent=&#8221;100&#8243; position_vertical=&#8221;bottom&#8221; gutter_size=&#8221;3&#8243; overlay_alpha=&#8221;50&#8243; shift_x=&#8221;0&#8243; shift_y=&#8221;0&#8243; shift_y_down=&#8221;0&#8243; z_index=&#8221;0&#8243; medium_width=&#8221;0&#8243; mobile_width=&#8221;0&#8243; width=&#8221;1\/2&#8243;][vc_single_image media=&#8221;77697&#8243; media_width_percent=&#8221;90&#8243; media_ratio=&#8221;two-one&#8221; alignment=&#8221;center&#8221; shadow=&#8221;yes&#8221; shadow_weight=&#8221;sm&#8221; css_animation=&#8221;zoom-in&#8221; animation_speed=&#8221;600&#8243; media_link=&#8221;url:https%3A%2F%2Fwww.lvh.it%2Fhandwerk-hautnah%2Fbaugewerbe%2Fholzbaumeister-und-zimmerer|target:_blank&#8221;][\/vc_column_inner][vc_column_inner column_width_percent=&#8221;100&#8243; position_vertical=&#8221;bottom&#8221; gutter_size=&#8221;3&#8243; overlay_alpha=&#8221;50&#8243; shift_x=&#8221;0&#8243; shift_y=&#8221;0&#8243; shift_y_down=&#8221;0&#8243; z_index=&#8221;0&#8243; medium_width=&#8221;0&#8243; mobile_width=&#8221;0&#8243; width=&#8221;1\/4&#8243;][vc_single_image media=&#8221;77588&#8243; media_width_percent=&#8221;100&#8243; alignment=&#8221;center&#8221; shadow=&#8221;yes&#8221; shadow_weight=&#8221;sm&#8221; css_animation=&#8221;zoom-in&#8221; animation_speed=&#8221;600&#8243; media_link=&#8221;url:https%3A%2F%2Fgeneration-h.net%2F|target:_blank&#8221;][\/vc_column_inner][\/vc_row_inner][vc_empty_space empty_h=&#8221;3&#8243;][vc_row_inner row_inner_height_percent=&#8221;0&#8243; overlay_alpha=&#8221;50&#8243; gutter_size=&#8221;2&#8243; shift_y=&#8221;0&#8243; z_index=&#8221;0&#8243;][vc_column_inner column_width_percent=&#8221;100&#8243; position_vertical=&#8221;bottom&#8221; gutter_size=&#8221;3&#8243; overlay_alpha=&#8221;50&#8243; shift_x=&#8221;0&#8243; shift_y=&#8221;0&#8243; shift_y_down=&#8221;0&#8243; z_index=&#8221;0&#8243; medium_width=&#8221;0&#8243; mobile_width=&#8221;0&#8243; width=&#8221;1\/3&#8243;][vc_single_image media=&#8221;77578&#8243; media_width_percent=&#8221;100&#8243; shadow=&#8221;yes&#8221; shadow_weight=&#8221;sm&#8221; css_animation=&#8221;zoom-in&#8221; animation_speed=&#8221;600&#8243; media_link=&#8221;url:https%3A%2F%2Farch.bz.it%2Fde%2F|target:_blank&#8221;][\/vc_column_inner][vc_column_inner column_width_percent=&#8221;100&#8243; position_vertical=&#8221;bottom&#8221; gutter_size=&#8221;3&#8243; overlay_alpha=&#8221;50&#8243; shift_x=&#8221;0&#8243; shift_y=&#8221;0&#8243; shift_y_down=&#8221;0&#8243; z_index=&#8221;0&#8243; medium_width=&#8221;0&#8243; mobile_width=&#8221;0&#8243; width=&#8221;1\/3&#8243;][vc_single_image media=&#8221;77737&#8243; media_width_percent=&#8221;100&#8243; shadow=&#8221;yes&#8221; shadow_weight=&#8221;sm&#8221; css_animation=&#8221;zoom-in&#8221; animation_speed=&#8221;600&#8243; media_link=&#8221;url:https%3A%2F%2Fwww.ingbz.it%2Fit%2F|target:_blank&#8221;][\/vc_column_inner][vc_column_inner width=&#8221;1\/3&#8243;][vc_single_image media=&#8221;77574&#8243; media_width_percent=&#8221;100&#8243; shadow=&#8221;yes&#8221; shadow_weight=&#8221;sm&#8221; css_animation=&#8221;zoom-in&#8221; animation_speed=&#8221;600&#8243; media_link=&#8221;url:https%3A%2F%2Fwww.idm-suedtirol.com%2Fde%2F|target:_blank&#8221;][\/vc_column_inner][\/vc_row_inner][vc_empty_space empty_h=&#8221;3&#8243;][\/vc_column][\/vc_row][vc_row unlock_row_content=&#8221;yes&#8221; row_height_percent=&#8221;0&#8243; override_padding=&#8221;yes&#8221; h_padding=&#8221;0&#8243; top_padding=&#8221;0&#8243; bottom_padding=&#8221;0&#8243; back_color=&#8221;color-gyho&#8221; overlay_alpha=&#8221;50&#8243; gutter_size=&#8221;3&#8243; column_width_percent=&#8221;100&#8243; shift_y=&#8221;0&#8243; z_index=&#8221;0&#8243;][vc_column width=&#8221;1\/2&#8243;][vc_single_image media=&#8221;77606&#8243; media_width_percent=&#8221;100&#8243;][\/vc_column][vc_column column_width_percent=&#8221;100&#8243; position_vertical=&#8221;middle&#8221; align_horizontal=&#8221;align_center&#8221; gutter_size=&#8221;2&#8243; override_padding=&#8221;yes&#8221; column_padding=&#8221;2&#8243; overlay_alpha=&#8221;50&#8243; shift_x=&#8221;0&#8243; shift_y=&#8221;0&#8243; shift_y_down=&#8221;0&#8243; z_index=&#8221;0&#8243; medium_width=&#8221;0&#8243; mobile_width=&#8221;0&#8243; width=&#8221;1\/2&#8243;][vc_custom_heading heading_semantic=&#8221;h1&#8243; text_size=&#8221;h1&#8243;]<strong>HOLZBAUKONGRESS 2024<\/strong>[\/vc_custom_heading][vc_empty_space empty_h=&#8221;3&#8243;][vc_row_inner][vc_column_inner column_width_percent=&#8221;100&#8243; align_horizontal=&#8221;align_center&#8221; gutter_size=&#8221;3&#8243; overlay_alpha=&#8221;50&#8243; shift_x=&#8221;0&#8243; shift_y=&#8221;0&#8243; shift_y_down=&#8221;0&#8243; z_index=&#8221;0&#8243; medium_width=&#8221;0&#8243; mobile_width=&#8221;0&#8243; width=&#8221;1\/2&#8243;][vc_icon icon=&#8221;fa fa-calendar&#8221; icon_color=&#8221;color-802315&#8243; size=&#8221;fa-3x&#8221; heading_semantic=&#8221;h5&#8243; text_size=&#8221;h4&#8243; title=&#8221;19\/01\/2024&#8243;][\/vc_icon][\/vc_column_inner][vc_column_inner column_width_percent=&#8221;100&#8243; align_horizontal=&#8221;align_center&#8221; gutter_size=&#8221;3&#8243; overlay_alpha=&#8221;50&#8243; shift_x=&#8221;0&#8243; shift_y=&#8221;0&#8243; shift_y_down=&#8221;0&#8243; z_index=&#8221;0&#8243; medium_width=&#8221;0&#8243; mobile_width=&#8221;0&#8243; width=&#8221;1\/2&#8243;][vc_icon icon=&#8221;fa fa-clock-o&#8221; icon_color=&#8221;color-802315&#8243; size=&#8221;fa-3x&#8221; heading_semantic=&#8221;h5&#8243; text_size=&#8221;h4&#8243; title=&#8221;08:00 \u2013 13:30&#8243;][\/vc_icon][\/vc_column_inner][\/vc_row_inner][vc_empty_space empty_h=&#8221;1&#8243;][vc_row_inner][vc_column_inner column_width_percent=&#8221;100&#8243; align_horizontal=&#8221;align_center&#8221; gutter_size=&#8221;3&#8243; overlay_alpha=&#8221;50&#8243; shift_x=&#8221;0&#8243; shift_y=&#8221;0&#8243; shift_y_down=&#8221;0&#8243; z_index=&#8221;0&#8243; medium_width=&#8221;0&#8243; mobile_width=&#8221;0&#8243; width=&#8221;1\/2&#8243;][vc_icon icon=&#8221;fa fa-map-marker&#8221; icon_color=&#8221;color-802315&#8243; size=&#8221;fa-3x&#8221; heading_semantic=&#8221;h5&#8243; text_size=&#8221;h4&#8243; title=&#8221;Forum Brixen&#8221; link=&#8221;url:https%3A%2F%2Fmaps.app.goo.gl%2FtR63MXsVzyfFwWCA6|target:_blank&#8221;][\/vc_icon][\/vc_column_inner][vc_column_inner column_width_percent=&#8221;100&#8243; align_horizontal=&#8221;align_center&#8221; gutter_size=&#8221;3&#8243; overlay_alpha=&#8221;50&#8243; shift_x=&#8221;0&#8243; shift_y=&#8221;0&#8243; shift_y_down=&#8221;0&#8243; z_index=&#8221;0&#8243; medium_width=&#8221;0&#8243; mobile_width=&#8221;0&#8243; width=&#8221;1\/2&#8243;][vc_icon icon=&#8221;fa fa-ticket&#8221; icon_color=&#8221;color-802315&#8243; size=&#8221;fa-3x&#8221; heading_semantic=&#8221;h5&#8243; text_size=&#8221;h4&#8243; title=&#8221;48 Euro (inkl. MwSt.)&#8221;][\/vc_icon][\/vc_column_inner][\/vc_row_inner][\/vc_column][\/vc_row][vc_row unlock_row_content=&#8221;yes&#8221; row_height_percent=&#8221;0&#8243; overlay_alpha=&#8221;50&#8243; gutter_size=&#8221;3&#8243; column_width_percent=&#8221;100&#8243; shift_y=&#8221;0&#8243; z_index=&#8221;0&#8243; inverted_device_order=&#8221;yes&#8221; auto_height_device=&#8221;yes&#8221;][vc_column column_width_percent=&#8221;100&#8243; align_horizontal=&#8221;align_center&#8221; gutter_size=&#8221;3&#8243; overlay_alpha=&#8221;50&#8243; shift_x=&#8221;0&#8243; shift_y=&#8221;0&#8243; shift_y_down=&#8221;0&#8243; z_index=&#8221;0&#8243; medium_width=&#8221;0&#8243; mobile_width=&#8221;0&#8243; width=&#8221;1\/1&#8243;][vc_empty_space empty_h=&#8221;2&#8243;][vc_custom_heading heading_semantic=&#8221;h3&#8243; text_size=&#8221;h3&#8243;]F\u00dcR DIE FREUNDLICHE UNTERST\u00dcTZUNG DANKEN WIR[\/vc_custom_heading][vc_empty_space empty_h=&#8221;2&#8243;][vc_row_inner][vc_column_inner width=&#8221;1\/4&#8243;][vc_single_image media=&#8221;77592&#8243; media_width_percent=&#8221;100&#8243; shadow=&#8221;yes&#8221; shadow_weight=&#8221;sm&#8221; css_animation=&#8221;zoom-in&#8221; animation_speed=&#8221;600&#8243; media_link=&#8221;url:https%3A%2F%2Fwww.bauexpert.it%2F|target:_blank&#8221;][\/vc_column_inner][vc_column_inner width=&#8221;1\/4&#8243;][vc_single_image media=&#8221;77590&#8243; media_width_percent=&#8221;100&#8243; shadow=&#8221;yes&#8221; shadow_weight=&#8221;sm&#8221; css_animation=&#8221;zoom-in&#8221; animation_speed=&#8221;600&#8243; media_link=&#8221;url:https%3A%2F%2Fwww.niederstaetter.it%2Fde%2Fbauservice%2F1-0.html|target:_blank&#8221;][\/vc_column_inner][vc_column_inner width=&#8221;1\/4&#8243;][vc_single_image media=&#8221;77602&#8243; media_width_percent=&#8221;100&#8243; shadow=&#8221;yes&#8221; shadow_weight=&#8221;sm&#8221; css_animation=&#8221;zoom-in&#8221; animation_speed=&#8221;600&#8243; media_link=&#8221;url:https%3A%2F%2Fwww.riwega.com%2Fde%2F|target:_blank&#8221;][\/vc_column_inner][vc_column_inner width=&#8221;1\/4&#8243;][vc_single_image media=&#8221;77600&#8243; media_width_percent=&#8221;100&#8243; shadow=&#8221;yes&#8221; shadow_weight=&#8221;sm&#8221; css_animation=&#8221;zoom-in&#8221; animation_speed=&#8221;600&#8243; media_link=&#8221;url:https%3A%2F%2Fwww.rothoblaas.de%2F|target:_blank&#8221;][\/vc_column_inner][\/vc_row_inner][vc_empty_space empty_h=&#8221;2&#8243;][vc_row_inner][vc_column_inner width=&#8221;1\/4&#8243;][vc_single_image media=&#8221;77596&#8243; media_width_percent=&#8221;100&#8243; shadow=&#8221;yes&#8221; shadow_weight=&#8221;sm&#8221; css_animation=&#8221;zoom-in&#8221; animation_speed=&#8221;600&#8243; media_link=&#8221;url:https%3A%2F%2Fwww.siga.swiss%2Fit_it|target:_blank&#8221;][\/vc_column_inner][vc_column_inner width=&#8221;1\/4&#8243;][vc_single_image media=&#8221;77594&#8243; media_width_percent=&#8221;100&#8243; shadow=&#8221;yes&#8221; shadow_weight=&#8221;sm&#8221; css_animation=&#8221;zoom-in&#8221; animation_speed=&#8221;600&#8243; media_link=&#8221;url:https%3A%2F%2Fwww.tophaus.com%2F|target:_blank&#8221;][\/vc_column_inner][vc_column_inner width=&#8221;1\/4&#8243;][vc_single_image media=&#8221;78090&#8243; media_width_percent=&#8221;100&#8243; shadow=&#8221;yes&#8221; shadow_weight=&#8221;sm&#8221; css_animation=&#8221;zoom-in&#8221; animation_speed=&#8221;600&#8243; media_link=&#8221;url:https%3A%2F%2Fwww.proramus.com%2Fde%2Fprojekt-holz-suedtirol-1.html|target:_blank&#8221;][\/vc_column_inner][vc_column_inner width=&#8221;1\/4&#8243;][\/vc_column_inner][\/vc_row_inner][\/vc_column][\/vc_row][vc_row][vc_column column_width_percent=&#8221;100&#8243; align_horizontal=&#8221;align_center&#8221; gutter_size=&#8221;2&#8243; overlay_alpha=&#8221;50&#8243; shift_x=&#8221;0&#8243; shift_y=&#8221;0&#8243; shift_y_down=&#8221;0&#8243; z_index=&#8221;0&#8243; medium_width=&#8221;0&#8243; mobile_width=&#8221;0&#8243; width=&#8221;1\/1&#8243;][vc_empty_space][vc_custom_heading heading_semantic=&#8221;h3&#8243; text_size=&#8221;h3&#8243;]ANMELDUNG[\/vc_custom_heading][vc_empty_space]\t\t<div class=\"we-table-lisst table-style-1\" id=\"table-8171\">\r\n\t\t\t<table class=\"we-table\">\r\n            \t                <thead class=\"thead-inverse\">\r\n                  <tr>\r\n                    <th>Beginn<\/th>\r\n                    <th>\r\n\t\t\t\t\t\tName                    \t<span class=\"we-hidden-screen\">Details<\/span>\r\n                    <\/th>\r\n                    \t\t\t\t\t\r\n                    <th class=\"we-mb-hide\">Preis<\/th>\r\n                                        <th class=\"we-mb-hide\"><\/th>\r\n                                      <\/tr>\r\n                <\/thead>\r\n                                <tbody>\r\n\t\t\t\t\t<tr >\r\n\t\t<td class=\"we-first-row \" ><span>19 Januar 2024 - 8:30<\/span><\/td>\r\n\t\t<td style=\"position: relative;\">\r\n\t\t\t\t\t\t\t<div class=\"ribbon-outer-table\"><div class=\"ribbon-red-table\">5<br>UE<\/div><\/div>\r\n\t\t\t\t<h3><a href=\"https:\/\/archacademy.it\/de\/prodotto\/holzbaukongress-2024\/\">Holzbaukongress 2024<\/a><\/h3>\r\n\t\t\t<span class=\"event-meta we-hidden-screen\">\r\n\t\t\t  \t\t\t\t  <span class=\"tb-meta\"><i class=\"fa fa-map-marker\"><\/i> Forum Brixen, Romstra\u00dfe, Brixen, Autonome Provinz Bozen - S\u00fcdtirol, Italien<\/span>\r\n\t\t\t  \t\t\t\t  <span class=\"tb-meta\"><i class=\"fa fa-shopping-basket\"><\/i><ins class=\"h2\"><span class=\"woocommerce-Price-amount amount\"><bdi>48,00<span class=\"woocommerce-Price-currencySymbol\">&euro;<\/span><\/bdi><\/span> <small class=\"woocommerce-price-suffix\">(inkl. MwSt.)<\/small><\/ins><\/span>\r\n\t\t\t  \t\t\t\t  <span class=\"tb-meta\"><i class=\"fa fa-ticket\"><\/i> Ausgebucht<\/span>\r\n\t\t\t  \t\t\t<\/span>\r\n\t\t<\/td>\r\n\t\t\t\t<td class=\"tb-price we-mb-hide\"><span><ins class=\"h2\"><span class=\"woocommerce-Price-amount amount\"><bdi>48,00<span class=\"woocommerce-Price-currencySymbol\">&euro;<\/span><\/bdi><\/span> <small class=\"woocommerce-price-suffix\">(inkl. MwSt.)<\/small><\/ins><\/span><\/td>\r\n\t\t        <td class=\"we-mb-hide\">\r\n\t\t\r\n\t\t\r\n\t\t\r\n\t\t\r\n\t\t\r\n\t\t\t\t\t\t\t\t<a rel=\"nofollow\" data-product_id=\"77614\" data-product_sku=\"BZ77614\" data-quantity=\"1\" class=\"btn btn btn-primary we-button button add_to_cart_button product_type_variable ajax_add_to_cart tabella\" style=\"background-color:#88897D\" href=\"https:\/\/archacademy.it\/de\/prodotto\/holzbaukongress-2024\/\">\r\n\t\t\t\t\tVormerken                \t<\/a>\r\n\t\t\t\t\t\t\t\r\n\t\t\r\n\t\t\r\n\t\t\r\n\t\t\r\n\t\t\r\n\t\t\t\r\n\t\t\t\r\n\t\t\t\r\n\t\t\t<span style=\"display: block; width:100%; text-align:center;\">Ausgebucht<\/span>\r\n\t\t\t\r\n\t\t<\/td>\r\n        \t<\/tr>\r\n                <\/tbody>\r\n\t\t\t<\/table>\r\n            \t\t<\/div>\r\n\t\t[vc_empty_space empty_h=&#8221;3&#8243;][\/vc_column][\/vc_row]<\/p>\n","protected":false},"excerpt":{"rendered":"<p>[vc_row unlock_row_content=&#8221;yes&#8221; row_height_percent=&#8221;25&#8243; override_padding=&#8221;yes&#8221; h_padding=&#8221;0&#8243; top_padding=&#8221;0&#8243; bottom_padding=&#8221;0&#8243; overlay_alpha=&#8221;50&#8243; gutter_size=&#8221;3&#8243; column_width_percent=&#8221;100&#8243; shift_y=&#8221;0&#8243; z_index=&#8221;0&#8243; medium_visibility=&#8221;yes&#8221; mobile_visibility=&#8221;yes&#8221;][vc_column column_width_percent=&#8221;100&#8243; position_vertical=&#8221;middle&#8221; align_horizontal=&#8221;align_center&#8221; gutter_size=&#8221;3&#8243; overlay_alpha=&#8221;50&#8243; shift_x=&#8221;0&#8243; [&hellip;]<\/p>\n","protected":false},"author":94,"featured_media":0,"parent":0,"menu_order":0,"comment_status":"closed","ping_status":"closed","template":"","meta":{"footnotes":"","_expiration-date-status":"","_expiration-date":0,"_expiration-date-type":"","_expiration-date-categories":[],"_expiration-date-options":[]},"class_list":["post-77541","page","type-page","status-publish","hentry","tm-has-options"],"_links":{"self":[{"href":"https:\/\/archacademy.it\/de\/wp-json\/wp\/v2\/pages\/77541"}],"collection":[{"href":"https:\/\/archacademy.it\/de\/wp-json\/wp\/v2\/pages"}],"about":[{"href":"https:\/\/archacademy.it\/de\/wp-json\/wp\/v2\/types\/page"}],"author":[{"embeddable":true,"href":"https:\/\/archacademy.it\/de\/wp-json\/wp\/v2\/users\/94"}],"replies":[{"embeddable":true,"href":"https:\/\/archacademy.it\/de\/wp-json\/wp\/v2\/comments?post=77541"}],"version-history":[{"count":12,"href":"https:\/\/archacademy.it\/de\/wp-json\/wp\/v2\/pages\/77541\/revisions"}],"predecessor-version":[{"id":78092,"href":"https:\/\/archacademy.it\/de\/wp-json\/wp\/v2\/pages\/77541\/revisions\/78092"}],"wp:attachment":[{"href":"https:\/\/archacademy.it\/de\/wp-json\/wp\/v2\/media?parent=77541"}],"curies":[{"name":"wp","href":"https:\/\/api.w.org\/{rel}","templated":true}]}}