{"id":74810,"date":"2023-09-19T18:12:49","date_gmt":"2023-09-19T16:12:49","guid":{"rendered":"https:\/\/archacademy.it\/?page_id=74810"},"modified":"2023-10-04T10:22:47","modified_gmt":"2023-10-04T08:22:47","slug":"sachverstaendige-raumordnung-10112023","status":"publish","type":"page","link":"https:\/\/archacademy.it\/de\/sachverstaendige-raumordnung-10112023\/","title":{"rendered":"Sachverst\u00e4ndige Raumordnung 10112023"},"content":{"rendered":"<p>[vc_row row_height_percent=&#8221;0&#8243; override_padding=&#8221;yes&#8221; h_padding=&#8221;2&#8243; top_padding=&#8221;1&#8243; bottom_padding=&#8221;2&#8243; overlay_alpha=&#8221;50&#8243; gutter_size=&#8221;3&#8243; column_width_percent=&#8221;100&#8243; shift_y=&#8221;0&#8243; z_index=&#8221;0&#8243; inverted_device_order=&#8221;yes&#8221;][vc_column column_width_percent=&#8221;100&#8243; position_horizontal=&#8221;left&#8221; position_vertical=&#8221;middle&#8221; gutter_size=&#8221;3&#8243; overlay_alpha=&#8221;50&#8243; shift_x=&#8221;0&#8243; shift_y=&#8221;0&#8243; shift_y_down=&#8221;0&#8243; z_index=&#8221;0&#8243; medium_width=&#8221;0&#8243; mobile_width=&#8221;0&#8243; width=&#8221;1\/2&#8243;][vc_custom_heading heading_semantic=&#8221;h3&#8243; text_font=&#8221;font-126339&#8243; text_size=&#8221;h3&#8243; el_class=&#8221;bolzano&#8221;]<span style=\"color: #cd0e16;\"><img decoding=\"async\" class=\"alignnone wp-image-63890\" src=\"http:\/\/archacademy.it\/wp-content\/uploads\/2022\/03\/suedtiroler-landesverwaltung.jpg\" alt=\"\" width=\"281\" height=\"79\" \/><br \/>\n<\/span>[\/vc_custom_heading][\/vc_column][vc_column column_width_percent=&#8221;100&#8243; position_vertical=&#8221;middle&#8221; align_horizontal=&#8221;align_center&#8221; gutter_size=&#8221;3&#8243; overlay_alpha=&#8221;50&#8243; shift_x=&#8221;0&#8243; shift_y=&#8221;0&#8243; shift_y_down=&#8221;0&#8243; z_index=&#8221;0&#8243; medium_width=&#8221;0&#8243; mobile_width=&#8221;0&#8243; width=&#8221;1\/2&#8243;][vc_single_image media=&#8221;74813&#8243; media_width_percent=&#8221;22&#8243; alignment=&#8221;right&#8221;][\/vc_column][\/vc_row][vc_row row_height_percent=&#8221;0&#8243; override_padding=&#8221;yes&#8221; h_padding=&#8221;2&#8243; top_padding=&#8221;1&#8243; bottom_padding=&#8221;1&#8243; overlay_alpha=&#8221;50&#8243; gutter_size=&#8221;3&#8243; column_width_percent=&#8221;100&#8243; shift_y=&#8221;0&#8243; z_index=&#8221;0&#8243;][vc_column column_width_percent=&#8221;100&#8243; gutter_size=&#8221;2&#8243; overlay_alpha=&#8221;50&#8243; shift_x=&#8221;0&#8243; shift_y=&#8221;0&#8243; shift_y_down=&#8221;0&#8243; z_index=&#8221;0&#8243; medium_width=&#8221;0&#8243; mobile_width=&#8221;0&#8243; width=&#8221;1\/1&#8243;][vc_empty_space empty_h=&#8221;0&#8243;][vc_custom_heading heading_semantic=&#8221;h1&#8243; text_font=&#8221;font-126339&#8243; text_color=&#8221;color-jevc&#8221;]Das Gemeindeentwicklungsprogramm: Zielsetzungen[\/vc_custom_heading][vc_custom_heading heading_semantic=&#8221;h4&#8243; text_font=&#8221;font-126339&#8243; text_size=&#8221;h4&#8243; text_color=&#8221;color-jevc&#8221;]ONLINE Fortbildung f\u00fcr die Sachverst\u00e4ndigen der Gemeindekommissionen f\u00fcr Raum und Landschaft[\/vc_custom_heading][\/vc_column][\/vc_row][vc_row row_height_percent=&#8221;0&#8243; override_padding=&#8221;yes&#8221; h_padding=&#8221;2&#8243; top_padding=&#8221;3&#8243; bottom_padding=&#8221;2&#8243; overlay_alpha=&#8221;50&#8243; equal_height=&#8221;yes&#8221; gutter_size=&#8221;3&#8243; column_width_percent=&#8221;100&#8243; shift_y=&#8221;0&#8243; z_index=&#8221;0&#8243;][vc_column column_width_percent=&#8221;100&#8243; position_vertical=&#8221;middle&#8221; gutter_size=&#8221;3&#8243; overlay_alpha=&#8221;50&#8243; shift_x=&#8221;0&#8243; shift_y=&#8221;0&#8243; shift_y_down=&#8221;0&#8243; z_index=&#8221;0&#8243; medium_width=&#8221;0&#8243; mobile_width=&#8221;0&#8243; width=&#8221;1\/2&#8243;][vc_custom_heading text_font=&#8221;font-126339&#8243; text_color=&#8221;color-jevc&#8221;]10. NOVEMBER 2023[\/vc_custom_heading][vc_column_text el_class=&#8221;testo&#8221;]Obligatorische <strong>Fortbildung f\u00fcr alle in den Verzeichnissen eingetragenen Sachverst\u00e4ndigen<\/strong> f\u00fcr Raumordnung, Natur, Landschaft, Baukultur, Wirtschaft, Soziales, Landwirtschafts- und Forstwissenschaften und Naturgefahren und alle Interessierten organisiert vom Amt f\u00fcr Gemeindeplanung.<\/p>\n<p>Die Fortbildung befasst sich mit den Zielen des Gemeindeentwicklungsprogrammes, die eine hohe Lebensqualit\u00e4t und die Schonung von Ressourcen sind und gibt Einblick in dessen Schwerpunkte: Siedlungsentwicklung, Landschaft und Gr\u00fcnr\u00e4ume, Lebensraum, Partizipation und Mobilit\u00e4t.[\/vc_column_text][\/vc_column][vc_column width=&#8221;1\/2&#8243;][vc_single_image media=&#8221;74818&#8243; media_width_percent=&#8221;100&#8243;][\/vc_column][\/vc_row][vc_row row_height_percent=&#8221;0&#8243; override_padding=&#8221;yes&#8221; h_padding=&#8221;2&#8243; top_padding=&#8221;1&#8243; bottom_padding=&#8221;1&#8243; overlay_alpha=&#8221;50&#8243; gutter_size=&#8221;3&#8243; column_width_percent=&#8221;100&#8243; shift_y=&#8221;0&#8243; z_index=&#8221;0&#8243;][vc_column column_width_percent=&#8221;100&#8243; gutter_size=&#8221;2&#8243; overlay_alpha=&#8221;50&#8243; shift_x=&#8221;0&#8243; shift_y=&#8221;0&#8243; shift_y_down=&#8221;0&#8243; z_index=&#8221;0&#8243; medium_width=&#8221;0&#8243; mobile_width=&#8221;0&#8243; width=&#8221;1\/1&#8243;][vc_empty_space empty_h=&#8221;0&#8243;][\/vc_column][\/vc_row][vc_row row_height_percent=&#8221;0&#8243; overlay_alpha=&#8221;50&#8243; gutter_size=&#8221;3&#8243; column_width_percent=&#8221;100&#8243; shift_y=&#8221;0&#8243; z_index=&#8221;0&#8243;][vc_column column_width_percent=&#8221;100&#8243; position_horizontal=&#8221;left&#8221; gutter_size=&#8221;3&#8243; override_padding=&#8221;yes&#8221; column_padding=&#8221;1&#8243; overlay_alpha=&#8221;50&#8243; shift_x=&#8221;0&#8243; shift_y=&#8221;0&#8243; shift_y_down=&#8221;0&#8243; z_index=&#8221;0&#8243; medium_width=&#8221;0&#8243; mobile_width=&#8221;0&#8243; width=&#8221;1\/2&#8243;][vc_custom_heading text_font=&#8221;font-126339&#8243; sub_lead=&#8221;yes&#8221;]<\/p>\n<h2>Programm<\/h2>\n<h4>von 09:00 Uhr &#8211; 13:00 Uhr<\/h4>\n<p>[\/vc_custom_heading][vc_separator sep_color=&#8221;color-jevc&#8221; type=&#8221;dashed&#8221; el_height=&#8221;1px&#8221;][vc_column_text el_class=&#8221;testo&#8221;]<strong>09:00-09:05\u00a0Begr\u00fc\u00dfung durch Landesr\u00e4tin f\u00fcr Raumentwicklung, Landschaft und Denkmalpflege<\/strong>[\/vc_column_text][vc_column_text el_class=&#8221;testo&#8221;]<strong>09:05-09:15 Klimawandel: das Gemeindeentwicklungsprogramm als Weichenstellung f\u00fcr die Zukunft<br \/>\n<\/strong>Virna\u202fBussadori &#8211; Direktorin der Abteilung Natur, Landschaft und Raumentwicklung (in italienisch)[\/vc_column_text][vc_column_text el_class=&#8221;testo&#8221;]<strong>09:15-09:30 Einleitung in das Gemeindeentwicklungsprogramm: aktueller Stand<br \/>\n<\/strong>Carlotta Polo &#8211; Direktorin des Amtes f\u00fcr Gemeindeplanung (in italienisch) <strong><br \/>\n<\/strong>[\/vc_column_text][vc_column_text el_class=&#8221;testo&#8221;]<strong>09:30-10:25 SIEDLUNGSENTWICKLUNG<\/strong><\/p>\n<ul>\n<li><strong>Krapfen mit oder ohne F\u00fcllung?<br \/>\n<\/strong>Sylvia Ganthaler &#8211; Amt f\u00fcr Gemeindeplanung (in Deutsch)<\/li>\n<li><strong>Mehr ist mehr \u2026 oder?<br \/>\n<\/strong>Raphael Palla &#8211; Amt f\u00fcr Gemeindeplanung (in Deutsch)<br \/>\nRegina Steinmann \u2013 Amt f\u00fcr Gemeindeplanung (in Deutsch)<\/li>\n<li><strong>Das Auge isst mit<br \/>\n<\/strong>David Barlini &#8211; Amt f\u00fcr Gemeindeplanung (in Deutsch)<\/li>\n<\/ul>\n<p>[\/vc_column_text][vc_column_text el_class=&#8221;testo&#8221;]<strong>10:25-10:55 LANDSCHAFT UND GR\u00dcNR\u00c4UME<\/strong><\/p>\n<ul>\n<li><strong>Die landschaftliche Analyse<br \/>\n<\/strong>Georg Praxmarer &#8211; Amt f\u00fcr Landschaftsplanung (in Deutsch)<\/li>\n<li><strong>Pankl oder Parkplatz?<\/strong><br \/>\nMatthias Zingerle &#8211; Verantwortlicher Technischer Umweltdienst und Dienststelle f\u00fcr die Planung von Gr\u00fcnfl\u00e4chen, Gemeinde Bozen (in Deutsch)<\/li>\n<\/ul>\n<p>[\/vc_column_text][vc_column_text el_class=&#8221;testo&#8221;]<strong><strong>10:55-11:10 Kaffeepause<\/strong><\/strong>[\/vc_column_text][vc_column_text el_class=&#8221;testo&#8221;]<strong>11:10-11:55 LEBENSRAUM<\/strong><\/p>\n<ul>\n<li><strong>Erdpyramiden ohne Erde?<br \/>\n<\/strong>Evi Holzner &#8211; Amt f\u00fcr Gemeindeplanung (in Deutsch)<\/li>\n<li><strong>Unfreiwilliges kneippen<br \/>\n<\/strong>Peter Hecher &#8211; Amt Landeswarnzentrum (in Deutsch)<\/li>\n<li><strong>Die Strategische Umweltpr\u00fcfung<br \/>\n<\/strong>Hannes Rauch &#8211; Amt f\u00fcr Umweltpr\u00fcfung (in Deutsch)<\/li>\n<\/ul>\n<p>[\/vc_column_text][vc_column_text el_class=&#8221;testo&#8221;]<strong>11:55-12:15 PARTIZIPATION<\/strong><\/p>\n<ul>\n<li><strong>Rezeptaustausch<br \/>\n<\/strong>Elide Mussner &#8211; Ausschussmitglied der Gemeinde Abtei<br \/>\nAnnelies Pichler &#8211; B\u00fcrgermeisterin Gemeinde Schenna<\/li>\n<\/ul>\n<p>[\/vc_column_text][vc_column_text el_class=&#8221;testo&#8221;]<strong>12:15-12:35 MOBILIT\u00c4T<\/strong><\/p>\n<ul>\n<li><strong>Dai! Mochmo an giro!<br \/>\n<\/strong>Martin Vallazza &#8211; Direktor der Abteilung Mobilit\u00e4t (in Deutsch)<\/li>\n<\/ul>\n<p>[\/vc_column_text][vc_column_text el_class=&#8221;testo&#8221;]<strong>12:35-12:45 Res\u00fcmee der Fortbildung<br \/>\n<\/strong>[\/vc_column_text][vc_column_text el_class=&#8221;testo&#8221;]<strong>12:45-13:00 Fragerunde, Ende der Veranstaltung<br \/>\n<\/strong>[\/vc_column_text][vc_column_text el_class=&#8221;testo&#8221;]<strong>Moderation: Martina Pecher<\/strong> &#8211; Amt f\u00fcr Gemeindeplanung<strong><br \/>\n<\/strong>[\/vc_column_text][\/vc_column][vc_column column_width_percent=&#8221;100&#8243; position_horizontal=&#8221;left&#8221; gutter_size=&#8221;3&#8243; override_padding=&#8221;yes&#8221; column_padding=&#8221;1&#8243; overlay_alpha=&#8221;50&#8243; shift_x=&#8221;0&#8243; shift_y=&#8221;0&#8243; shift_y_down=&#8221;0&#8243; z_index=&#8221;0&#8243; medium_width=&#8221;0&#8243; mobile_width=&#8221;0&#8243; width=&#8221;1\/2&#8243;][vc_custom_heading text_font=&#8221;font-126339&#8243;]<\/p>\n<h2>Vortr\u00e4ge<\/h2>\n<h4>Detaillierte Beschreibung der Inhalte und Vortr\u00e4ge<\/h4>\n<p>[\/vc_custom_heading][vc_separator sep_color=&#8221;color-jevc&#8221; type=&#8221;dashed&#8221; el_height=&#8221;1px&#8221;][vc_column_text el_class=&#8221;testo&#8221;]<strong>09:05-09:15 Klimawandel: das Gemeindeentwicklungsprogramm als Weichenstellung f\u00fcr die Zukunft<br \/>\n<\/strong><strong>Virna Bussadori<\/strong> &#8211; Direktorin der Abteilung Natur, Landschaft und Raumentwicklung (in italienisch)<\/p>\n<p>Aufgrund seiner Schwere und Dringlichkeit ist der Klimawandel die gr\u00f6\u00dfte Herausforderung f\u00fcr die Gemeinden. Die Auswirkungen der Urbanisierung und der Nutzungs\u00e4nderungen m\u00fcssen in sehr kurzer Zeit drastisch reduziert werden, um die Bilanz der klimaver\u00e4ndernden Emissionen zu verringern und so zur Umwandlung von Raum und Landschaft in klimaneutrale Gebiete beizutragen.<br \/>\nDie Planung muss sicherstellen, dass jeder Eingriff in das Gebiet zu einer Chance wird, den klimatischen Status quo zu verbessern. Au\u00dferdem muss jede Intervention darauf ausgerichtet sein, die Widerstandsf\u00e4higkeit des Gebiets gegen\u00fcber den Auswirkungen des Klimawandels zu erh\u00f6hen. Das Gemeindeentwicklungsprogramm ist das Instrument, das diese Notlage mit einer mittel- bis langfristigen Vision angehen kann.[\/vc_column_text][vc_separator sep_color=&#8221;color-jevc&#8221; type=&#8221;dashed&#8221; el_height=&#8221;1px&#8221;][vc_column_text el_class=&#8221;testo&#8221;]<strong>09:15-09:30 Einleitung in das Gemeindeentwicklungsprogramm: aktueller Stand<br \/>\n<\/strong><strong>Carlotta Polo<\/strong> &#8211; Direktorin des Amtes f\u00fcr Gemeindeplanung (in italienisch)<\/p>\n<p>Aktueller Stand der Gemeindeentwicklungsprogramme, Organisation und zuk\u00fcnftige Entwicklungen.[\/vc_column_text][vc_separator sep_color=&#8221;color-jevc&#8221; type=&#8221;dashed&#8221; el_height=&#8221;1px&#8221;][vc_column_text el_class=&#8221;testo&#8221;]<strong>09:30-10:25 SIEDLUNGSENTWICKLUNG<\/strong><\/p>\n<p><strong>Krapfen mit oder ohne F\u00fcllung?<br \/>\nSylvia Ganthaler<\/strong> &#8211; Amt f\u00fcr Gemeindeplanung (in Deutsch)<\/p>\n<p>Wieso ist die Lebensqualit\u00e4t in den Siedlungsgebieten wichtig? Das Gemeindeentwicklungsprogramm als Chance f\u00fcr zukunftsorientierte Entscheidungen.<\/p>\n<p><strong>Mehr ist mehr \u2026 oder?<br \/>\nRaphael Palla<\/strong> &#8211; Amt f\u00fcr Gemeindeplanung (in Deutsch)<strong><br \/>\nRegina Steinmann<\/strong> &#8211; Amt f\u00fcr Gemeindeplanung (in Deutsch)<\/p>\n<p>Herausforderungen und L\u00f6sungen f\u00fcr die effiziente Nutzung des (bebauten) Raumes.<\/p>\n<p><strong>Das Auge isst mit<br \/>\nDavid Barlini<\/strong> &#8211; Amt f\u00fcr Gemeindeplanung (in Deutsch)<\/p>\n<p>Die Unverwechselbarkeit unserer D\u00f6rfer und Landschaften werden von alten und neuen Geb\u00e4uden gepr\u00e4gt: Ensembleschutz und Denkmalpflege im Zeichen unserer Identit\u00e4t.<strong><br \/>\n<\/strong>[\/vc_column_text][vc_separator sep_color=&#8221;color-jevc&#8221; type=&#8221;dashed&#8221; el_height=&#8221;1px&#8221;][vc_column_text el_class=&#8221;testo&#8221;]<strong>10:25-10:55 LANDSCHAFT UND GR\u00dcNR\u00c4UME<\/strong><\/p>\n<p><strong>Die landschaftliche Analyse<br \/>\nGeorg Praxmarer<\/strong> &#8211; Amt f\u00fcr Landschaftsplanung (in Deutsch)<strong><br \/>\n<\/strong><\/p>\n<p>Im Rahmen des Gemeindeentwicklungsprogramms sind die Teilbereiche Natur, \u00d6kologie und Landschaft zu untersuchen und zu bewerten, ausgehend von den Siedlungsgebieten bis in die Randbereiche der Gemeinde mit hoher Nat\u00fcrlichkeit; besonderes Augenmerk wird auf die Nutzung f\u00fcr Freizeitt\u00e4tigkeiten und touristische Aktivit\u00e4ten gelegt. \u00dcber eine vertiefende landschaftliche Analyse k\u00f6nnen die Gemeinden den Schwerpunkt der grenz\u00fcbergreifenden Zusammenarbeit auf diesen Themenbereich legen.<\/p>\n<p><strong>Pankl oder Parkplatz?<\/strong><br \/>\n<strong>Matthias Zingerle<\/strong> &#8211; Verantwortlicher Technischer Umweltdienst und Dienststelle f\u00fcr die Planung von Gr\u00fcnfl\u00e4chen, Gemeinde Bozen (in Deutsch)<\/p>\n<p>\u00d6ffentliche Gr\u00fcn- und Freir\u00e4ume im Siedlungsgebiet \u2013 Grundlage f\u00fcr eine lebenswerte Zukunft[\/vc_column_text][vc_column_text el_class=&#8221;testo&#8221;]<strong>11:10-11:55 LEBENSRAUM<\/strong><\/p>\n<p><strong>Erdpyramiden ohne Erde?<\/strong><br \/>\n<strong>Evi Holzner<\/strong> &#8211; Amt f\u00fcr Gemeindeplanung (in Deutsch)<\/p>\n<p>Die Vernetzung der Lebensqualit\u00e4t mit den Diensten und G\u00fctern, welche die verschiedenen Lebensr\u00e4ume zur Verf\u00fcgung stellen. Wie weit wird die heutige Anpassung an neue Gegebenheiten ausschlaggebend f\u00fcr die zuk\u00fcnftige Entwicklung sein?<\/p>\n<p><strong>Unfreiwilliges kneippen<\/strong><br \/>\n<strong>Peter Hecher<\/strong> &#8211; Amt Landeswarnzentrum (in Deutsch)<\/p>\n<p>Ein gesunder Umgang mit Flie\u00dfgew\u00e4ssern erfordert ein fundiertes Wissen \u00fcber die Wirkungszusammenh\u00e4nge von Gew\u00e4sser und Landschaft und der damit verbundenen Naturkr\u00e4fte. Werden die Naturkr\u00e4fte oder Naturgefahren respektiert und vor allem eine Synergie verschiedener Nutzungsanspr\u00fcche gesucht, kann eine prosperierende Entwicklung unserer vielfach bedrohten Lebensr\u00e4ume und Landschaften gelingen.<\/p>\n<p><strong>Die Strategische Umweltpr\u00fcfung<\/strong><br \/>\n<strong>Hannes Rauch<\/strong> &#8211; Amt f\u00fcr Umweltpr\u00fcfung (in Deutsch)<\/p>\n<p>Die vorzeitige Ber\u00fccksichtigung von Umweltaspekten in der Planungsphase.[\/vc_column_text][vc_column_text el_class=&#8221;testo&#8221;]<strong>11:55-12:15 PARTIZIPATION<\/strong><\/p>\n<p><strong>Rezeptaustausch<\/strong><br \/>\n<strong>Elide Mussner<\/strong> &#8211; Ausschussmitglied der Gemeinde Abtei<br \/>\n<strong>Annelies Pichler<\/strong> &#8211; B\u00fcrgermeisterin Gemeinde Schenna<\/p>\n<p>Erfahrungsaustausch[\/vc_column_text][vc_column_text el_class=&#8221;testo&#8221;]<strong>12:15-12:35 MOBILIT\u00c4T<\/strong><\/p>\n<p><strong>Dai! Mochmo an giro!<\/strong><br \/>\n<strong>Martin Vallazza<\/strong> &#8211; Direktor der Abteilung Mobilit\u00e4t (in Deutsch)<\/p>\n<p>Landesplan f\u00fcr Nachhaltige Mobilit\u00e4t &#8211; \u00dcberblick und Anregungen f\u00fcr eine\u00a0bestm\u00f6gliche Umsetzung auf Gemeindeebene.[\/vc_column_text][\/vc_column][\/vc_row][vc_row][vc_column column_width_percent=&#8221;100&#8243; gutter_size=&#8221;2&#8243; overlay_alpha=&#8221;50&#8243; shift_x=&#8221;0&#8243; shift_y=&#8221;0&#8243; shift_y_down=&#8221;0&#8243; z_index=&#8221;0&#8243; medium_width=&#8221;0&#8243; mobile_width=&#8221;0&#8243; width=&#8221;1\/1&#8243;]\t\t<div class=\"we-table-lisst table-style-1\" id=\"table-9079\">\r\n\t\t\t<table class=\"we-table\">\r\n            \t                <thead class=\"thead-inverse\">\r\n                  <tr>\r\n                    <th>Beginn<\/th>\r\n                    <th>\r\n\t\t\t\t\t\tName                    \t<span class=\"we-hidden-screen\">Details<\/span>\r\n                    <\/th>\r\n                    \t\t\t\t\t\r\n                    <th class=\"we-mb-hide\">Preis<\/th>\r\n                                        <th class=\"we-mb-hide\"><\/th>\r\n                                      <\/tr>\r\n                <\/thead>\r\n                                <tbody>\r\n\t\t\t\t\t<tr >\r\n\t\t<td class=\"we-first-row \" ><span>10 November 2023<\/span><\/td>\r\n\t\t<td style=\"position: relative;\">\r\n\t\t\t\t\t\t\t<div class=\"ribbon-outer-table\"><div class=\"ribbon-red-table\">4<br>UE<\/div><\/div>\r\n\t\t\t\t<h3><a href=\"https:\/\/archacademy.it\/de\/prodotto\/das-gemeindeentwicklungsprogramm-zielsetzung-il-piano-di-sviluppo-comunale-finalita\/\">Das Gemeindeentwicklungsprogramm: Zielsetzungen | Il Programma di sviluppo comunale: finalit\u00e0<\/a><\/h3>\r\n\t\t\t<span class=\"event-meta we-hidden-screen\">\r\n\t\t\t  \t\t\t\t  <span class=\"tb-meta\"><i class=\"fa fa-shopping-basket\"><\/i><span class=\"woocommerce-Price-amount amount\">Kostenlos<\/span><\/span>\r\n\t\t\t  \t\t\t\t  <span class=\"tb-meta\"><i class=\"fa fa-ticket\"><\/i> Ausgebucht<\/span>\r\n\t\t\t  \t\t\t<\/span>\r\n\t\t<\/td>\r\n\t\t\t\t<td class=\"tb-price we-mb-hide\"><span><span class=\"woocommerce-Price-amount amount\">Kostenlos<\/span><\/span><\/td>\r\n\t\t        <td class=\"we-mb-hide\">\r\n\t\t\r\n\t\t\r\n\t\t\r\n\t\t\r\n\t\t\r\n\t\t\t\t\r\n\t\t\r\n\t\t\r\n\t\t\r\n\t\t\r\n\t\t\r\n\t\t\t\r\n\t\t\t\r\n\t\t\t\r\n\t\t\t<span style=\"display: block; width:100%; text-align:center;\">Ausgebucht<\/span>\r\n\t\t\t\r\n\t\t<\/td>\r\n        \t<\/tr>\r\n                <\/tbody>\r\n\t\t\t<\/table>\r\n            \t\t<\/div>\r\n\t\t[\/vc_column][\/vc_row][vc_row row_height_percent=&#8221;0&#8243; overlay_alpha=&#8221;50&#8243; gutter_size=&#8221;3&#8243; column_width_percent=&#8221;100&#8243; shift_y=&#8221;0&#8243; z_index=&#8221;0&#8243; el_class=&#8221;quicklinks&#8221;][vc_column column_width_percent=&#8221;100&#8243; position_horizontal=&#8221;left&#8221; gutter_size=&#8221;2&#8243; overlay_alpha=&#8221;50&#8243; shift_x=&#8221;0&#8243; shift_y=&#8221;0&#8243; shift_y_down=&#8221;0&#8243; z_index=&#8221;0&#8243; medium_width=&#8221;0&#8243; mobile_width=&#8221;0&#8243; width=&#8221;1\/3&#8243; el_class=&#8221;lv_grid_single&#8221;][vc_row_inner row_inner_height_percent=&#8221;0&#8243; force_width_grid=&#8221;yes&#8221; back_color=&#8221;color-190267&#8243; overlay_alpha=&#8221;50&#8243; gutter_size=&#8221;3&#8243; shift_y=&#8221;0&#8243; z_index=&#8221;0&#8243; el_class=&#8221;titololista&#8221;][vc_column_inner column_width_percent=&#8221;100&#8243; position_vertical=&#8221;middle&#8221; gutter_size=&#8221;3&#8243; override_padding=&#8221;yes&#8221; column_padding=&#8221;1&#8243; style=&#8221;dark&#8221; back_color=&#8221;color-190267&#8243; overlay_alpha=&#8221;50&#8243; shift_x=&#8221;0&#8243; shift_y=&#8221;0&#8243; shift_y_down=&#8221;0&#8243; z_index=&#8221;0&#8243; medium_width=&#8221;0&#8243; mobile_width=&#8221;0&#8243; radius=&#8221;std&#8221; width=&#8221;1\/1&#8243;][vc_custom_heading heading_semantic=&#8221;h5&#8243; text_font=&#8221;font-126339&#8243; text_size=&#8221;h5&#8243; text_weight=&#8221;500&#8243;]Service[\/vc_custom_heading][\/vc_column_inner][\/vc_row_inner][uncode_list el_class=&#8221;lista&#8221;]<\/p>\n<ul>\n<li><a href=\"https:\/\/natur-raum.provinz.bz.it\/de\/home\">Genehmigungsverfahren und Kommission<\/a><\/li>\n<li><a href=\"https:\/\/digitalnow.provinz.bz.it\/de\/maps-e-webgis-die-geobrowser\">Pl\u00e4ne online<\/a><\/li>\n<li><a href=\"https:\/\/natur-raum.provinz.bz.it\/de\/home\">Rechtsgrundlagen<\/a><\/li>\n<li><a href=\"https:\/\/natur-raum.provinz.bz.it\/de\/home\">FAQ<\/a><\/li>\n<li><a class=\"lv_external_link\" href=\"https:\/\/civis.bz.it\/de\/index.html\">Amtsanzeiger<\/a><\/li>\n<li><a href=\"https:\/\/natur-raum.provinz.bz.it\/de\/home\">Verzeichnis des Sachverst\u00e4ndigen<\/a><\/li>\n<li><a href=\"https:\/\/natur-raum.provinz.bz.it\/de\/home\">Weiterbildung<\/a><\/li>\n<li><a href=\"https:\/\/natur-raum.provinz.bz.it\/de\/home\">N\u00fctzliche Links<\/a><\/li>\n<li><a href=\"https:\/\/natur-raum.provinz.bz.it\/de\/home\">Datenschutz<\/a><\/li>\n<\/ul>\n<p>[\/uncode_list][\/vc_column][vc_column column_width_percent=&#8221;100&#8243; gutter_size=&#8221;2&#8243; overlay_alpha=&#8221;50&#8243; shift_x=&#8221;0&#8243; shift_y=&#8221;0&#8243; shift_y_down=&#8221;0&#8243; z_index=&#8221;0&#8243; medium_width=&#8221;0&#8243; mobile_width=&#8221;0&#8243; width=&#8221;1\/3&#8243; el_class=&#8221;lv_grid_single&#8221;][vc_row_inner row_inner_height_percent=&#8221;0&#8243; force_width_grid=&#8221;yes&#8221; back_color=&#8221;color-190267&#8243; overlay_alpha=&#8221;50&#8243; gutter_size=&#8221;3&#8243; shift_y=&#8221;0&#8243; z_index=&#8221;0&#8243; el_class=&#8221;titololista&#8221;][vc_column_inner column_width_percent=&#8221;100&#8243; position_vertical=&#8221;middle&#8221; gutter_size=&#8221;3&#8243; override_padding=&#8221;yes&#8221; column_padding=&#8221;1&#8243; style=&#8221;dark&#8221; back_color=&#8221;color-190267&#8243; overlay_alpha=&#8221;50&#8243; shift_x=&#8221;0&#8243; shift_y=&#8221;0&#8243; shift_y_down=&#8221;0&#8243; z_index=&#8221;0&#8243; medium_width=&#8221;0&#8243; mobile_width=&#8221;0&#8243; radius=&#8221;std&#8221; width=&#8221;1\/1&#8243;][vc_custom_heading heading_semantic=&#8221;h5&#8243; text_font=&#8221;font-126339&#8243; text_size=&#8221;h5&#8243; text_weight=&#8221;500&#8243;]Im Focus[\/vc_custom_heading][\/vc_column_inner][\/vc_row_inner][uncode_list el_class=&#8221;lista&#8221;]<\/p>\n<ul>\n<li><a href=\"https:\/\/natur-raum.provinz.bz.it\/de\/home\">News &amp; Media<\/a><\/li>\n<li><a href=\"https:\/\/natur-raum.provinz.bz.it\/de\/home\">Mediathek<\/a><\/li>\n<li><a href=\"https:\/\/natur-raum.provinz.bz.it\/de\/home\">Pubblikationen<\/a><\/li>\n<li><a href=\"https:\/\/natur-raum.provinz.bz.it\/de\/home\">Bauernhaus-Sanierungsberatung<\/a><\/li>\n<li><a href=\"https:\/\/natur-raum.provinz.bz.it\/de\/home\">Neues Landesgesetz Raum und Landschaft<\/a><\/li>\n<li><a href=\"https:\/\/natur-raum.provinz.bz.it\/de\/home\">Citizen Science<\/a><\/li>\n<\/ul>\n<p>[\/uncode_list][\/vc_column][vc_column column_width_percent=&#8221;100&#8243; gutter_size=&#8221;2&#8243; overlay_alpha=&#8221;50&#8243; shift_x=&#8221;0&#8243; shift_y=&#8221;0&#8243; shift_y_down=&#8221;0&#8243; z_index=&#8221;0&#8243; medium_width=&#8221;0&#8243; mobile_width=&#8221;0&#8243; width=&#8221;1\/3&#8243; el_class=&#8221;lv_grid_single&#8221;][vc_row_inner row_inner_height_percent=&#8221;0&#8243; force_width_grid=&#8221;yes&#8221; back_color=&#8221;color-190267&#8243; overlay_alpha=&#8221;50&#8243; gutter_size=&#8221;3&#8243; shift_y=&#8221;0&#8243; z_index=&#8221;0&#8243; el_class=&#8221;titololista&#8221;][vc_column_inner column_width_percent=&#8221;100&#8243; position_vertical=&#8221;middle&#8221; gutter_size=&#8221;3&#8243; override_padding=&#8221;yes&#8221; column_padding=&#8221;1&#8243; style=&#8221;dark&#8221; back_color=&#8221;color-190267&#8243; overlay_alpha=&#8221;50&#8243; shift_x=&#8221;0&#8243; shift_y=&#8221;0&#8243; shift_y_down=&#8221;0&#8243; z_index=&#8221;0&#8243; medium_width=&#8221;0&#8243; mobile_width=&#8221;0&#8243; radius=&#8221;std&#8221; width=&#8221;1\/1&#8243;][vc_custom_heading heading_semantic=&#8221;h5&#8243; text_font=&#8221;font-126339&#8243; text_size=&#8221;h5&#8243; text_weight=&#8221;500&#8243;]Kontakt[\/vc_custom_heading][\/vc_column_inner][\/vc_row_inner][uncode_list el_class=&#8221;lista&#8221;]<\/p>\n<ul>\n<li><a href=\"https:\/\/home.provinz.bz.it\/de\/kontakte\/838\"><strong><span class=\"org fn\"><span class=\"organization-name\">28. Natur, Landschaft und Raumentwicklung<\/span><\/span><\/strong><\/a><br \/>\n<span class=\"adr\"><span class=\"street-address work postal\"><br \/>\nLandhaus 11, Rittner Stra\u00dfe 4<\/span><br \/>\n<span class=\"postal-code\">39100<\/span>\u00a0<span class=\"locality\">Bozen<\/span><\/span><br \/>\n<abbr title=\"Telefono\">Tel.<\/abbr>\u00a0<span class=\"tel\"><span class=\"type work voice msg\"><span class=\"value\">+39 0471 417800<\/span><\/span><\/span><\/li>\n<li><a href=\"mailto:natura.territorio@provincia.bz.it\">E-mail<\/a><\/li>\n<li><a href=\"mailto:naturraum.naturaterritorio@pec.prov.bz.it\">PEC<\/a><\/li>\n<\/ul>\n<p>[\/uncode_list][\/vc_column][\/vc_row]<\/p>\n","protected":false},"excerpt":{"rendered":"<p>[vc_row row_height_percent=&#8221;0&#8243; override_padding=&#8221;yes&#8221; h_padding=&#8221;2&#8243; top_padding=&#8221;1&#8243; bottom_padding=&#8221;2&#8243; overlay_alpha=&#8221;50&#8243; gutter_size=&#8221;3&#8243; column_width_percent=&#8221;100&#8243; shift_y=&#8221;0&#8243; z_index=&#8221;0&#8243; inverted_device_order=&#8221;yes&#8221;][vc_column column_width_percent=&#8221;100&#8243; position_horizontal=&#8221;left&#8221; position_vertical=&#8221;middle&#8221; gutter_size=&#8221;3&#8243; overlay_alpha=&#8221;50&#8243; shift_x=&#8221;0&#8243; shift_y=&#8221;0&#8243; shift_y_down=&#8221;0&#8243; [&hellip;]<\/p>\n","protected":false},"author":94,"featured_media":0,"parent":0,"menu_order":0,"comment_status":"closed","ping_status":"closed","template":"","meta":{"footnotes":"","_expiration-date-status":"","_expiration-date":0,"_expiration-date-type":"","_expiration-date-categories":[],"_expiration-date-options":[]},"class_list":["post-74810","page","type-page","status-publish","hentry","tm-has-options"],"_links":{"self":[{"href":"https:\/\/archacademy.it\/de\/wp-json\/wp\/v2\/pages\/74810"}],"collection":[{"href":"https:\/\/archacademy.it\/de\/wp-json\/wp\/v2\/pages"}],"about":[{"href":"https:\/\/archacademy.it\/de\/wp-json\/wp\/v2\/types\/page"}],"author":[{"embeddable":true,"href":"https:\/\/archacademy.it\/de\/wp-json\/wp\/v2\/users\/94"}],"replies":[{"embeddable":true,"href":"https:\/\/archacademy.it\/de\/wp-json\/wp\/v2\/comments?post=74810"}],"version-history":[{"count":11,"href":"https:\/\/archacademy.it\/de\/wp-json\/wp\/v2\/pages\/74810\/revisions"}],"predecessor-version":[{"id":75046,"href":"https:\/\/archacademy.it\/de\/wp-json\/wp\/v2\/pages\/74810\/revisions\/75046"}],"wp:attachment":[{"href":"https:\/\/archacademy.it\/de\/wp-json\/wp\/v2\/media?parent=74810"}],"curies":[{"name":"wp","href":"https:\/\/api.w.org\/{rel}","templated":true}]}}