{"id":67902,"date":"2022-08-26T12:46:59","date_gmt":"2022-08-26T10:46:59","guid":{"rendered":"https:\/\/archacademy.it\/?page_id=67902"},"modified":"2022-09-29T09:24:51","modified_gmt":"2022-09-29T07:24:51","slug":"30-09-2022","status":"publish","type":"page","link":"https:\/\/archacademy.it\/de\/30-09-2022\/","title":{"rendered":"Architekten- und Baufachtagung 2022"},"content":{"rendered":"<p>[vc_row unlock_row_content=&#8221;yes&#8221; row_height_percent=&#8221;0&#8243; override_padding=&#8221;yes&#8221; h_padding=&#8221;2&#8243; top_padding=&#8221;0&#8243; bottom_padding=&#8221;0&#8243; overlay_alpha=&#8221;50&#8243; gutter_size=&#8221;3&#8243; column_width_percent=&#8221;100&#8243; shift_y=&#8221;0&#8243; z_index=&#8221;0&#8243; medium_visibility=&#8221;yes&#8221; mobile_visibility=&#8221;yes&#8221;][vc_column column_width_percent=&#8221;100&#8243; position_vertical=&#8221;middle&#8221; align_horizontal=&#8221;align_center&#8221; gutter_size=&#8221;3&#8243; overlay_alpha=&#8221;50&#8243; shift_x=&#8221;0&#8243; shift_y=&#8221;0&#8243; shift_y_down=&#8221;0&#8243; z_index=&#8221;0&#8243; medium_width=&#8221;0&#8243; mobile_width=&#8221;0&#8243; width=&#8221;1\/4&#8243;][vc_single_image media=&#8221;68071&#8243; media_width_percent=&#8221;70&#8243; alignment=&#8221;center&#8221;][\/vc_column][vc_column width=&#8221;1\/2&#8243;][vc_single_image media=&#8221;68109&#8243; media_width_percent=&#8221;85&#8243; alignment=&#8221;center&#8221;][\/vc_column][vc_column column_width_percent=&#8221;100&#8243; position_vertical=&#8221;middle&#8221; align_horizontal=&#8221;align_center&#8221; gutter_size=&#8221;3&#8243; overlay_alpha=&#8221;50&#8243; shift_x=&#8221;0&#8243; shift_y=&#8221;0&#8243; shift_y_down=&#8221;0&#8243; z_index=&#8221;0&#8243; medium_width=&#8221;0&#8243; mobile_width=&#8221;0&#8243; width=&#8221;1\/4&#8243;][vc_single_image media=&#8221;68076&#8243; media_width_percent=&#8221;80&#8243; alignment=&#8221;center&#8221;][\/vc_column][\/vc_row][vc_row unlock_row_content=&#8221;yes&#8221; row_height_percent=&#8221;0&#8243; override_padding=&#8221;yes&#8221; h_padding=&#8221;0&#8243; top_padding=&#8221;0&#8243; bottom_padding=&#8221;0&#8243; overlay_alpha=&#8221;50&#8243; gutter_size=&#8221;3&#8243; column_width_percent=&#8221;100&#8243; shift_y=&#8221;0&#8243; z_index=&#8221;0&#8243; desktop_visibility=&#8221;yes&#8221;][vc_column column_width_percent=&#8221;100&#8243; position_vertical=&#8221;middle&#8221; align_horizontal=&#8221;align_center&#8221; gutter_size=&#8221;3&#8243; overlay_alpha=&#8221;50&#8243; shift_x=&#8221;0&#8243; shift_y=&#8221;0&#8243; shift_y_down=&#8221;0&#8243; z_index=&#8221;0&#8243; medium_width=&#8221;0&#8243; mobile_width=&#8221;0&#8243; width=&#8221;1\/1&#8243;][vc_single_image media=&#8221;68134&#8243; media_width_percent=&#8221;85&#8243; alignment=&#8221;center&#8221;][vc_row_inner][vc_column_inner width=&#8221;1\/2&#8243;][vc_single_image media=&#8221;68076&#8243; media_width_percent=&#8221;45&#8243; alignment=&#8221;center&#8221;][vc_empty_space empty_h=&#8221;1&#8243;][\/vc_column_inner][vc_column_inner width=&#8221;1\/2&#8243;][vc_single_image media=&#8221;68071&#8243; media_width_percent=&#8221;45&#8243; alignment=&#8221;center&#8221;][vc_empty_space empty_h=&#8221;1&#8243;][\/vc_column_inner][\/vc_row_inner][vc_empty_space empty_h=&#8221;2&#8243;][\/vc_column][\/vc_row][vc_row unlock_row_content=&#8221;yes&#8221; row_height_percent=&#8221;0&#8243; override_padding=&#8221;yes&#8221; h_padding=&#8221;0&#8243; top_padding=&#8221;2&#8243; bottom_padding=&#8221;2&#8243; back_color=&#8221;color-prif&#8221; overlay_alpha=&#8221;50&#8243; gutter_size=&#8221;3&#8243; column_width_percent=&#8221;100&#8243; shift_y=&#8221;0&#8243; z_index=&#8221;0&#8243;][vc_column column_width_percent=&#8221;100&#8243; position_vertical=&#8221;middle&#8221; align_horizontal=&#8221;align_center&#8221; gutter_size=&#8221;3&#8243; overlay_alpha=&#8221;50&#8243; shift_x=&#8221;0&#8243; shift_y=&#8221;0&#8243; shift_y_down=&#8221;0&#8243; z_index=&#8221;0&#8243; medium_width=&#8221;0&#8243; mobile_width=&#8221;0&#8243; shadow=&#8221;sm&#8221; width=&#8221;1\/1&#8243;][vc_custom_heading heading_semantic=&#8221;h1&#8243; text_size=&#8221;h1&#8243; text_color=&#8221;color-xsdn&#8221;]<strong>MASSIVBAU | NEUE WEGE<\/strong>[\/vc_custom_heading][\/vc_column][\/vc_row][vc_row row_height_percent=&#8221;0&#8243; override_padding=&#8221;yes&#8221; h_padding=&#8221;2&#8243; top_padding=&#8221;4&#8243; bottom_padding=&#8221;4&#8243; overlay_alpha=&#8221;0&#8243; gutter_size=&#8221;100&#8243; column_width_percent=&#8221;100&#8243; shift_y=&#8221;0&#8243; z_index=&#8221;0&#8243; style=&#8221;inherited&#8221;][vc_column column_width_percent=&#8221;100&#8243; align_horizontal=&#8221;align_center&#8221; gutter_size=&#8221;4&#8243; overlay_alpha=&#8221;100&#8243; shift_x=&#8221;0&#8243; shift_y=&#8221;0&#8243; shift_y_down=&#8221;0&#8243; z_index=&#8221;0&#8243; medium_width=&#8221;0&#8243; mobile_width=&#8221;0&#8243; zoom_width=&#8221;0&#8243; zoom_height=&#8221;0&#8243; width=&#8221;1\/1&#8243;][vc_row_inner row_inner_height_percent=&#8221;0&#8243; overlay_alpha=&#8221;100&#8243; gutter_size=&#8221;4&#8243; shift_y=&#8221;0&#8243;][vc_column_inner column_width_percent=&#8221;100&#8243; gutter_size=&#8221;3&#8243; overlay_alpha=&#8221;100&#8243; shift_x=&#8221;0&#8243; shift_y=&#8221;0&#8243; shift_y_down=&#8221;0&#8243; z_index=&#8221;0&#8243; medium_width=&#8221;3&#8243; mobile_width=&#8221;0&#8243; zoom_width=&#8221;0&#8243; zoom_height=&#8221;0&#8243; width=&#8221;1\/2&#8243;][vc_icon icon=&#8221;fa fa-info-circle&#8221; icon_color=&#8221;color-802315&#8243; size=&#8221;fa-3x&#8221; text_size=&#8221;h4&#8243; align=&#8221;left&#8221; title=&#8221;WAS IST DIE MASSIVBAUTAGUNG?&#8221;]Der Massivbau ist eine wichtige Bauweise in der Architektur. In dieser ersten Ausgabe der Massivbautagung werden neue M\u00f6glichkeiten dieser Bauweise aufgezeigt.<\/p>\n<p>Neben der reinen Fortbildung der Architekten RLD, bietet die Tagung auch eine gute Gelegenheit, sich zu treffen und in pers\u00f6nlichen Gespr\u00e4chen, Erfahrungen auszutauschen.<\/p>\n<p>Unternehmen aus der Massivbau Branche bieten zudem im Foyer des Veranstaltungsortes Fachberatungen an.[\/vc_icon][\/vc_column_inner][vc_column_inner column_width_percent=&#8221;100&#8243; gutter_size=&#8221;3&#8243; overlay_alpha=&#8221;100&#8243; shift_x=&#8221;0&#8243; shift_y=&#8221;0&#8243; shift_y_down=&#8221;0&#8243; z_index=&#8221;0&#8243; medium_width=&#8221;3&#8243; mobile_width=&#8221;0&#8243; zoom_width=&#8221;0&#8243; zoom_height=&#8221;0&#8243; width=&#8221;1\/2&#8243;][vc_icon icon=&#8221;fa fa-list-alt&#8221; icon_color=&#8221;color-802315&#8243; size=&#8221;fa-3x&#8221; text_size=&#8221;h4&#8243; align=&#8221;left&#8221; title=&#8221;WOR\u00dcBER WIRD GESPROCHEN?&#8221;]Die Tagung widmet sich dem Thema der verschiedenen Massivbauweisen. Die Fertigteile in Beton k\u00f6nnen mittlerweile nicht nur f\u00fcr den Industriebau, sondern auch f\u00fcr den Wohnungsbau verwendet werden, da es sich technologisch und qualitativ weiterentwickelt hat. Unter Beibehaltung der Vorteile hinsichtlich Ausf\u00fchrungsgeschwindigkeit und Effizienz, bietet es heute eine hohe \u00e4sthetische Qualit\u00e4t, eine gro\u00dfe Gestaltungsfreiheit und konkrete St\u00e4rken in Bezug auf die Nachhaltigkeit.<\/p>\n<p>Auch die Verwendung von W\u00e4rmed\u00e4mmbeton findet seit einigen Jahren vermehrt Anwendung in der Architektur und bietet auch zahlreiche M\u00f6glichkeiten in der Gestaltung. Die monolithische Bauweise hat nicht nur \u00f6kologische Vorteile, sondern unterstreicht auch zudem den Nachhaltigkeitsgedanken, wenn auf zus\u00e4tzliche W\u00e4rmed\u00e4mmung verzichtet wird. Architekten und Ausf\u00fchrende zeigen gemeinsam die Herausforderungen in der Planung und Umsetzung von Projekten mit der jeweiligen Bauweise auf.[\/vc_icon][\/vc_column_inner][\/vc_row_inner][vc_row_inner row_inner_height_percent=&#8221;0&#8243; overlay_alpha=&#8221;100&#8243; gutter_size=&#8221;4&#8243; shift_y=&#8221;0&#8243; z_index=&#8221;0&#8243;][vc_column_inner column_width_percent=&#8221;100&#8243; gutter_size=&#8221;3&#8243; overlay_alpha=&#8221;100&#8243; shift_x=&#8221;0&#8243; shift_y=&#8221;0&#8243; shift_y_down=&#8221;0&#8243; z_index=&#8221;0&#8243; medium_width=&#8221;3&#8243; mobile_width=&#8221;0&#8243; zoom_width=&#8221;0&#8243; zoom_height=&#8221;0&#8243; width=&#8221;1\/2&#8243;][vc_icon icon=&#8221;fa fa-map-marker&#8221; icon_color=&#8221;color-802315&#8243; size=&#8221;fa-3x&#8221; text_size=&#8221;h4&#8243; align=&#8221;left&#8221; title=&#8221;WO FINDET DIE TAGUNG STATT?&#8221;]Die Tagung findet in der <strong>PROGRESS GROUP<\/strong>, Julius-Durst-Stra\u00dfe 100, I-39042 Brixen (BZ) statt. F\u00fcr die Teilnehmer stehen Parkpl\u00e4tze zur Verf\u00fcgung. F\u00fcr die genaue Anfahrtsbeschreibung <a href=\"https:\/\/goo.gl\/maps\/i3vHS5fFKQuCyyfn8\" target=\"_blank\" rel=\"noopener\">KLICKEN SIE HIER<\/a>.<\/p>\n<p>Parkpl\u00e4tze sind begrenzt direkt auf dem Progress Group Firmengel\u00e4nde verf\u00fcgbar, deshalb wird die Anreise mit \u00f6ffentlichen Verkehrsmitteln sowie das Bilden von Fahrgemeinschaften empfohlen. Nutzen Sie dazu den neuen Dienst zur Bildung von Fahrgemeinschaften auf archacademy, welchen Sie unter Ihren Buchungen, bei der Veranstaltung finden.[\/vc_icon][\/vc_column_inner][vc_column_inner column_width_percent=&#8221;100&#8243; gutter_size=&#8221;3&#8243; overlay_alpha=&#8221;100&#8243; shift_x=&#8221;0&#8243; shift_y=&#8221;0&#8243; shift_y_down=&#8221;0&#8243; z_index=&#8221;0&#8243; medium_width=&#8221;3&#8243; mobile_width=&#8221;0&#8243; zoom_width=&#8221;0&#8243; zoom_height=&#8221;0&#8243; width=&#8221;1\/2&#8243;][vc_icon icon=&#8221;fa fa-users2&#8243; icon_color=&#8221;color-802315&#8243; size=&#8221;fa-3x&#8221; text_size=&#8221;h4&#8243; align=&#8221;left&#8221; title=&#8221;AN WEN IST DIE TAGUNG GERICHTET?&#8221;]Die Tagung steht den Eingeschriebenen der Berufskammern der Architekten RLD offen, ist aber auch an alle anderen in technischen Berufen gerichtet.[\/vc_icon][\/vc_column_inner][\/vc_row_inner][vc_row_inner row_inner_height_percent=&#8221;0&#8243; overlay_alpha=&#8221;100&#8243; gutter_size=&#8221;4&#8243; shift_y=&#8221;0&#8243; z_index=&#8221;0&#8243;][vc_column_inner column_width_percent=&#8221;100&#8243; gutter_size=&#8221;3&#8243; overlay_alpha=&#8221;100&#8243; shift_x=&#8221;0&#8243; shift_y=&#8221;0&#8243; shift_y_down=&#8221;0&#8243; z_index=&#8221;0&#8243; medium_width=&#8221;3&#8243; mobile_width=&#8221;0&#8243; zoom_width=&#8221;0&#8243; zoom_height=&#8221;0&#8243; width=&#8221;1\/2&#8243;][vc_icon icon=&#8221;fa fa-thumbs-o-up&#8221; icon_color=&#8221;color-802315&#8243; size=&#8221;fa-3x&#8221; text_size=&#8221;h4&#8243; align=&#8221;left&#8221; title=&#8221;IHRE VORTEILE MIT DER EINSCHREIBUNG&#8221;]Neuigkeiten hinsichtlich Massivbau<br \/>\nM\u00f6glichkeit der Fahrgemeinschaften<br \/>\nReduzierter Preis f\u00fcr Neueingeschriebene der Kammer der Architekten RLD Bozen (letzten 3 Jahre)<br \/>\n8 Berufliche Fortbildungscredits<br \/>\n2 Kaffeepausen<br \/>\nMittagessen[\/vc_icon][\/vc_column_inner][vc_column_inner column_width_percent=&#8221;100&#8243; gutter_size=&#8221;3&#8243; overlay_alpha=&#8221;100&#8243; shift_x=&#8221;0&#8243; shift_y=&#8221;0&#8243; shift_y_down=&#8221;0&#8243; z_index=&#8221;0&#8243; medium_width=&#8221;3&#8243; mobile_width=&#8221;0&#8243; zoom_width=&#8221;0&#8243; zoom_height=&#8221;0&#8243; width=&#8221;1\/2&#8243;][vc_icon icon=&#8221;fa fa-license&#8221; icon_color=&#8221;color-802315&#8243; size=&#8221;fa-3x&#8221; text_size=&#8221;h4&#8243; align=&#8221;left&#8221; title=&#8221;FORTBILDUNG AKKREDITIERT VON&#8221;]Kammer der Architekten RLD Bozen, 8 BFC<br \/>\nKammer der Ingenieure Bozen, 8 BFC<br \/>\nKollegium der Geometer Bozen, 6 BFC<br \/>\nKammer der Periti Industriali Bozen, 8 BFC<br \/>\nKollegium Dipl. Agrartechniker 8 BFC (Anfrage l\u00e4uft)<br \/>\nKammer der Agronomen und Forstwirt 1 BFC[\/vc_icon][\/vc_column_inner][\/vc_row_inner][\/vc_column][\/vc_row][vc_row unlock_row_content=&#8221;yes&#8221; row_height_percent=&#8221;0&#8243; overlay_alpha=&#8221;50&#8243; gutter_size=&#8221;3&#8243; column_width_percent=&#8221;100&#8243; shift_y=&#8221;0&#8243; z_index=&#8221;0&#8243; medium_visibility=&#8221;yes&#8221; mobile_visibility=&#8221;yes&#8221; inverted_device_order=&#8221;yes&#8221; auto_height_device=&#8221;yes&#8221;][vc_column column_width_percent=&#8221;100&#8243; align_horizontal=&#8221;align_center&#8221; gutter_size=&#8221;3&#8243; overlay_alpha=&#8221;50&#8243; shift_x=&#8221;0&#8243; shift_y=&#8221;0&#8243; shift_y_down=&#8221;0&#8243; z_index=&#8221;0&#8243; medium_width=&#8221;0&#8243; mobile_width=&#8221;0&#8243; width=&#8221;1\/1&#8243;][vc_custom_heading heading_semantic=&#8221;h3&#8243; text_size=&#8221;h4&#8243;]IN ZUSAMMENARBEIT[\/vc_custom_heading][vc_single_image media=&#8221;69056&#8243; media_width_percent=&#8221;75&#8243; alignment=&#8221;center&#8221;][vc_empty_space empty_h=&#8221;2&#8243;][\/vc_column][\/vc_row][vc_row unlock_row_content=&#8221;yes&#8221; row_height_percent=&#8221;0&#8243; overlay_alpha=&#8221;50&#8243; gutter_size=&#8221;3&#8243; column_width_percent=&#8221;100&#8243; shift_y=&#8221;0&#8243; z_index=&#8221;0&#8243; desktop_visibility=&#8221;yes&#8221;][vc_column column_width_percent=&#8221;100&#8243; align_horizontal=&#8221;align_center&#8221; gutter_size=&#8221;3&#8243; overlay_alpha=&#8221;50&#8243; shift_x=&#8221;0&#8243; shift_y=&#8221;0&#8243; shift_y_down=&#8221;0&#8243; z_index=&#8221;0&#8243; medium_width=&#8221;0&#8243; mobile_width=&#8221;0&#8243; width=&#8221;1\/1&#8243;][vc_custom_heading text_size=&#8221;h4&#8243;]IN ZUSAMMENARBEIT[\/vc_custom_heading][vc_single_image media=&#8221;69056&#8243; media_width_percent=&#8221;100&#8243; alignment=&#8221;center&#8221;][vc_empty_space empty_h=&#8221;2&#8243;][\/vc_column][\/vc_row][vc_row unlock_row_content=&#8221;yes&#8221; row_height_percent=&#8221;0&#8243; override_padding=&#8221;yes&#8221; h_padding=&#8221;0&#8243; top_padding=&#8221;0&#8243; bottom_padding=&#8221;0&#8243; back_color=&#8221;color-gyho&#8221; overlay_alpha=&#8221;50&#8243; gutter_size=&#8221;3&#8243; column_width_percent=&#8221;100&#8243; shift_y=&#8221;0&#8243; z_index=&#8221;0&#8243; el_class=&#8221;shadow&#8221;][vc_column width=&#8221;1\/2&#8243;][vc_gallery el_id=&#8221;gallery-205608&#8243; type=&#8221;carousel&#8221; random=&#8221;yes&#8221; medias=&#8221;68018,68020,68022,68024,68026&#8243; carousel_lg=&#8221;1&#8243; carousel_md=&#8221;1&#8243; carousel_sm=&#8221;1&#8243; gutter_size=&#8221;3&#8243; media_items=&#8221;media|nolink|original&#8221; carousel_interval=&#8221;3000&#8243; carousel_navspeed=&#8221;400&#8243; carousel_loop=&#8221;yes&#8221; carousel_nav=&#8221;yes&#8221; carousel_nav_mobile=&#8221;yes&#8221; stage_padding=&#8221;0&#8243; single_overlay_opacity=&#8221;50&#8243; single_padding=&#8221;2&#8243;][\/vc_column][vc_column column_width_percent=&#8221;100&#8243; position_vertical=&#8221;middle&#8221; align_horizontal=&#8221;align_center&#8221; gutter_size=&#8221;2&#8243; override_padding=&#8221;yes&#8221; column_padding=&#8221;2&#8243; overlay_alpha=&#8221;50&#8243; shift_x=&#8221;0&#8243; shift_y=&#8221;0&#8243; shift_y_down=&#8221;0&#8243; z_index=&#8221;0&#8243; medium_width=&#8221;0&#8243; mobile_width=&#8221;0&#8243; width=&#8221;1\/2&#8243;][vc_custom_heading heading_semantic=&#8221;h1&#8243; text_size=&#8221;h1&#8243;]<strong>MASSIVBAU | NEUE WEGE<\/strong>[\/vc_custom_heading][vc_empty_space empty_h=&#8221;3&#8243;][vc_row_inner][vc_column_inner column_width_percent=&#8221;100&#8243; align_horizontal=&#8221;align_center&#8221; gutter_size=&#8221;3&#8243; overlay_alpha=&#8221;50&#8243; shift_x=&#8221;0&#8243; shift_y=&#8221;0&#8243; shift_y_down=&#8221;0&#8243; z_index=&#8221;0&#8243; medium_width=&#8221;0&#8243; mobile_width=&#8221;0&#8243; width=&#8221;1\/2&#8243;][vc_icon icon=&#8221;fa fa-calendar&#8221; icon_color=&#8221;color-802315&#8243; size=&#8221;fa-3x&#8221; heading_semantic=&#8221;h5&#8243; text_size=&#8221;h4&#8243; title=&#8221;30\/09\/2022&#8243;][\/vc_icon][\/vc_column_inner][vc_column_inner column_width_percent=&#8221;100&#8243; align_horizontal=&#8221;align_center&#8221; gutter_size=&#8221;3&#8243; overlay_alpha=&#8221;50&#8243; shift_x=&#8221;0&#8243; shift_y=&#8221;0&#8243; shift_y_down=&#8221;0&#8243; z_index=&#8221;0&#8243; medium_width=&#8221;0&#8243; mobile_width=&#8221;0&#8243; width=&#8221;1\/2&#8243;][vc_icon icon=&#8221;fa fa-clock-o&#8221; icon_color=&#8221;color-802315&#8243; size=&#8221;fa-3x&#8221; heading_semantic=&#8221;h5&#8243; text_size=&#8221;h4&#8243; title=&#8221;08:00 \u2013 18:00&#8243;][\/vc_icon][\/vc_column_inner][\/vc_row_inner][vc_empty_space empty_h=&#8221;1&#8243;][vc_row_inner][vc_column_inner column_width_percent=&#8221;100&#8243; align_horizontal=&#8221;align_center&#8221; gutter_size=&#8221;3&#8243; overlay_alpha=&#8221;50&#8243; shift_x=&#8221;0&#8243; shift_y=&#8221;0&#8243; shift_y_down=&#8221;0&#8243; z_index=&#8221;0&#8243; medium_width=&#8221;0&#8243; mobile_width=&#8221;0&#8243; width=&#8221;1\/2&#8243;][vc_icon icon=&#8221;fa fa-map-marker&#8221; icon_color=&#8221;color-802315&#8243; size=&#8221;fa-3x&#8221; heading_semantic=&#8221;h5&#8243; text_size=&#8221;h4&#8243; title=&#8221;PROGRESS GROUP &#8211; BRIXEN&#8221; link=&#8221;url:https%3A%2F%2Fgoo.gl%2Fmaps%2FEMWsPGFDxF2Qe6Jy5|target:_blank&#8221;][\/vc_icon][\/vc_column_inner][vc_column_inner column_width_percent=&#8221;100&#8243; align_horizontal=&#8221;align_center&#8221; gutter_size=&#8221;3&#8243; overlay_alpha=&#8221;50&#8243; shift_x=&#8221;0&#8243; shift_y=&#8221;0&#8243; shift_y_down=&#8221;0&#8243; z_index=&#8221;0&#8243; medium_width=&#8221;0&#8243; mobile_width=&#8221;0&#8243; width=&#8221;1\/2&#8243;][vc_icon icon=&#8221;fa fa-ticket&#8221; icon_color=&#8221;color-802315&#8243; size=&#8221;fa-3x&#8221; heading_semantic=&#8221;h5&#8243; text_size=&#8221;h4&#8243; text_weight=&#8221;700&#8243; title=&#8221;85,40 \u20ac (MwSt. inkl.)&#8221;][\/vc_icon][\/vc_column_inner][\/vc_row_inner][vc_empty_space empty_h=&#8221;2&#8243;][vc_button size=&#8221;btn-lg&#8221; outline=&#8221;yes&#8221; border_width=&#8221;0&#8243; link=&#8221;url:https%3A%2F%2Farchacademy.it%2Fwp-content%2Fuploads%2F2022%2F09%2FFlyer_Massivbautagung.pdf|target:_blank&#8221; el_id=&#8221;pulcongr2022&#8243;]PROGRAMM[\/vc_button][vc_custom_heading text_size=&#8221;h4&#8243;]ANMELDUNGEN GESCHLOSSEN[\/vc_custom_heading][\/vc_column][\/vc_row][vc_row unlock_row_content=&#8221;yes&#8221; row_height_percent=&#8221;0&#8243; overlay_alpha=&#8221;50&#8243; gutter_size=&#8221;3&#8243; column_width_percent=&#8221;100&#8243; shift_y=&#8221;0&#8243; z_index=&#8221;0&#8243; medium_visibility=&#8221;yes&#8221; mobile_visibility=&#8221;yes&#8221; inverted_device_order=&#8221;yes&#8221; auto_height_device=&#8221;yes&#8221;][vc_column column_width_percent=&#8221;100&#8243; align_horizontal=&#8221;align_center&#8221; gutter_size=&#8221;3&#8243; overlay_alpha=&#8221;50&#8243; shift_x=&#8221;0&#8243; shift_y=&#8221;0&#8243; shift_y_down=&#8221;0&#8243; z_index=&#8221;0&#8243; medium_width=&#8221;0&#8243; mobile_width=&#8221;0&#8243; width=&#8221;1\/1&#8243;][vc_empty_space empty_h=&#8221;2&#8243;][vc_custom_heading heading_semantic=&#8221;h3&#8243; text_size=&#8221;h4&#8243;]F\u00dcR DIE UNTERST\u00dcTZUNG BEDANKEN WIR UNS BEI[\/vc_custom_heading][vc_single_image media=&#8221;69058&#8243; media_width_percent=&#8221;75&#8243; alignment=&#8221;center&#8221;][\/vc_column][\/vc_row][vc_row unlock_row_content=&#8221;yes&#8221; row_height_percent=&#8221;0&#8243; overlay_alpha=&#8221;50&#8243; gutter_size=&#8221;3&#8243; column_width_percent=&#8221;100&#8243; shift_y=&#8221;0&#8243; z_index=&#8221;0&#8243; desktop_visibility=&#8221;yes&#8221;][vc_column column_width_percent=&#8221;100&#8243; align_horizontal=&#8221;align_center&#8221; gutter_size=&#8221;3&#8243; overlay_alpha=&#8221;50&#8243; shift_x=&#8221;0&#8243; shift_y=&#8221;0&#8243; shift_y_down=&#8221;0&#8243; z_index=&#8221;0&#8243; medium_width=&#8221;0&#8243; mobile_width=&#8221;0&#8243; width=&#8221;1\/1&#8243;][vc_empty_space empty_h=&#8221;2&#8243;][vc_custom_heading heading_semantic=&#8221;h3&#8243; text_size=&#8221;h4&#8243;]F\u00dcR DIE UNTERST\u00dcTZUNG BEDANKEN WIR UNS BEI[\/vc_custom_heading][vc_single_image media=&#8221;69058&#8243; media_width_percent=&#8221;100&#8243; alignment=&#8221;center&#8221;][\/vc_column][\/vc_row]<\/p>\n","protected":false},"excerpt":{"rendered":"<p>[vc_row unlock_row_content=&#8221;yes&#8221; row_height_percent=&#8221;0&#8243; override_padding=&#8221;yes&#8221; h_padding=&#8221;2&#8243; top_padding=&#8221;0&#8243; bottom_padding=&#8221;0&#8243; overlay_alpha=&#8221;50&#8243; gutter_size=&#8221;3&#8243; column_width_percent=&#8221;100&#8243; shift_y=&#8221;0&#8243; z_index=&#8221;0&#8243; medium_visibility=&#8221;yes&#8221; mobile_visibility=&#8221;yes&#8221;][vc_column column_width_percent=&#8221;100&#8243; position_vertical=&#8221;middle&#8221; align_horizontal=&#8221;align_center&#8221; gutter_size=&#8221;3&#8243; overlay_alpha=&#8221;50&#8243; shift_x=&#8221;0&#8243; [&hellip;]<\/p>\n","protected":false},"author":91142,"featured_media":0,"parent":0,"menu_order":0,"comment_status":"closed","ping_status":"closed","template":"","meta":{"footnotes":"","_expiration-date-status":"","_expiration-date":0,"_expiration-date-type":"","_expiration-date-categories":[],"_expiration-date-options":[]},"class_list":["post-67902","page","type-page","status-publish","hentry"],"_links":{"self":[{"href":"https:\/\/archacademy.it\/de\/wp-json\/wp\/v2\/pages\/67902"}],"collection":[{"href":"https:\/\/archacademy.it\/de\/wp-json\/wp\/v2\/pages"}],"about":[{"href":"https:\/\/archacademy.it\/de\/wp-json\/wp\/v2\/types\/page"}],"author":[{"embeddable":true,"href":"https:\/\/archacademy.it\/de\/wp-json\/wp\/v2\/users\/91142"}],"replies":[{"embeddable":true,"href":"https:\/\/archacademy.it\/de\/wp-json\/wp\/v2\/comments?post=67902"}],"version-history":[{"count":81,"href":"https:\/\/archacademy.it\/de\/wp-json\/wp\/v2\/pages\/67902\/revisions"}],"predecessor-version":[{"id":69501,"href":"https:\/\/archacademy.it\/de\/wp-json\/wp\/v2\/pages\/67902\/revisions\/69501"}],"wp:attachment":[{"href":"https:\/\/archacademy.it\/de\/wp-json\/wp\/v2\/media?parent=67902"}],"curies":[{"name":"wp","href":"https:\/\/api.w.org\/{rel}","templated":true}]}}