{"id":61901,"date":"2021-09-07T17:10:05","date_gmt":"2021-09-07T15:10:05","guid":{"rendered":"https:\/\/archacademy.it\/?page_id=61901"},"modified":"2026-05-06T12:14:10","modified_gmt":"2026-05-06T10:14:10","slug":"home-2-2-2","status":"publish","type":"page","link":"https:\/\/archacademy.it\/de\/","title":{"rendered":"Home"},"content":{"rendered":"<p>[vc_row unlock_row_content=&#8221;yes&#8221; row_height_percent=&#8221;0&#8243; override_padding=&#8221;yes&#8221; h_padding=&#8221;0&#8243; top_padding=&#8221;0&#8243; bottom_padding=&#8221;0&#8243; overlay_alpha=&#8221;50&#8243; gutter_size=&#8221;3&#8243; column_width_percent=&#8221;100&#8243; shift_y=&#8221;0&#8243; z_index=&#8221;0&#8243;][vc_column width=&#8221;1\/1&#8243;][\/vc_column][\/vc_row][vc_row row_height_percent=&#8221;0&#8243; back_color=&#8221;color-802315&#8243; overlay_color=&#8221;color-xsdn&#8221; overlay_alpha=&#8221;90&#8243; gutter_size=&#8221;3&#8243; column_width_percent=&#8221;100&#8243; shift_y=&#8221;0&#8243; z_index=&#8221;0&#8243;][vc_column column_width_percent=&#8221;100&#8243; position_vertical=&#8221;middle&#8221; align_horizontal=&#8221;align_center&#8221; gutter_size=&#8221;3&#8243; overlay_alpha=&#8221;50&#8243; shift_x=&#8221;0&#8243; shift_y=&#8221;0&#8243; shift_y_down=&#8221;0&#8243; z_index=&#8221;0&#8243; medium_width=&#8221;0&#8243; mobile_width=&#8221;0&#8243; css_animation=&#8221;bottom-t-top&#8221; animation_speed=&#8221;800&#8243; animation_delay=&#8221;500&#8243; width=&#8221;1\/1&#8243;][vc_custom_heading heading_semantic=&#8221;p&#8221; text_size=&#8221;h1&#8243; text_weight=&#8221;600&#8243; text_transform=&#8221;uppercase&#8221; text_color=&#8221;color-111900&#8243; sub_lead=&#8221;yes&#8221; sub_reduced=&#8221;yes&#8221;]WIR SIND UMGEZOGEN<\/p>\n<p>DIE VERANSTALTUNGEN VON ARCHACADEMY FINDEN SIE NUN <a href=\"https:\/\/arch.bz.it\/de\/events\/\" target=\"_blank\" rel=\"noopener\">HIER<\/a>[\/vc_custom_heading][vc_column_text text_lead=&#8221;yes&#8221;]Auf dieser Seite (archacademy.it) k\u00f6nnen die Teilnahmezertifikate noch f\u00fcr die n\u00e4chsten zwei Wochen heruntergeladen werden. F\u00fcr den Login k\u00f6nnen weiterhin die bestehenden Zugangsdaten verwendet werden (eine \u00c4nderung des Passworts ist nicht erforderlich).<\/p>\n<p>Wir danken allen f\u00fcr die Teilnahme an unseren Fortbildungsveranstaltungen und hoffen, Sie auch auf der neuen Plattform sowie bei zuk\u00fcnftigen Veranstaltungen wiederzusehen.[\/vc_column_text][\/vc_column][\/vc_row][vc_row unlock_row_content=&#8221;yes&#8221; row_height_percent=&#8221;0&#8243; override_padding=&#8221;yes&#8221; h_padding=&#8221;4&#8243; top_padding=&#8221;3&#8243; bottom_padding=&#8221;2&#8243; overlay_color=&#8221;color-xsdn&#8221; overlay_alpha=&#8221;90&#8243; gutter_size=&#8221;3&#8243; column_width_percent=&#8221;100&#8243; shift_y=&#8221;0&#8243; z_index=&#8221;0&#8243; css=&#8221;.vc_custom_1662407585835{padding-right: 10px !important;padding-left: 10px !important;}&#8221;][vc_column column_width_percent=&#8221;100&#8243; position_vertical=&#8221;middle&#8221; align_horizontal=&#8221;align_center&#8221; gutter_size=&#8221;3&#8243; overlay_alpha=&#8221;50&#8243; shift_x=&#8221;0&#8243; shift_y=&#8221;0&#8243; shift_y_down=&#8221;0&#8243; z_index=&#8221;0&#8243; medium_width=&#8221;0&#8243; mobile_width=&#8221;0&#8243; width=&#8221;1\/1&#8243;][vc_custom_heading heading_semantic=&#8221;p&#8221; text_size=&#8221;h1&#8243; text_weight=&#8221;600&#8243; text_transform=&#8221;uppercase&#8221; text_color=&#8221;color-111900&#8243; sub_lead=&#8221;yes&#8221; sub_reduced=&#8221;yes&#8221; css_animation=&#8221;zoom-in&#8221; animation_speed=&#8221;500&#8243; animation_delay=&#8221;200&#8243;]Unsere Partner in der Fortbildung[\/vc_custom_heading][vc_empty_space empty_h=&#8221;2&#8243;][vc_row_inner row_inner_height_percent=&#8221;0&#8243; force_width_grid=&#8221;yes&#8221; overlay_alpha=&#8221;50&#8243; gutter_size=&#8221;3&#8243; shift_y=&#8221;0&#8243; z_index=&#8221;0&#8243;][vc_column_inner width=&#8221;1\/4&#8243;][vc_single_image media=&#8221;62137&#8243; media_width_percent=&#8221;70&#8243; alignment=&#8221;center&#8221; css_animation=&#8221;zoom-in&#8221; animation_delay=&#8221;200&#8243; media_link=&#8221;url:https%3A%2F%2Farchacademy.it%2Fde%2Ftophaus%2F|target:_blank&#8221;][\/vc_column_inner][vc_column_inner column_width_percent=&#8221;100&#8243; position_vertical=&#8221;middle&#8221; align_horizontal=&#8221;align_center&#8221; gutter_size=&#8221;3&#8243; overlay_alpha=&#8221;50&#8243; shift_x=&#8221;0&#8243; shift_y=&#8221;0&#8243; shift_y_down=&#8221;0&#8243; z_index=&#8221;0&#8243; medium_width=&#8221;0&#8243; mobile_width=&#8221;0&#8243; width=&#8221;1\/4&#8243;][vc_single_image media=&#8221;66757&#8243; media_width_percent=&#8221;70&#8243; alignment=&#8221;center&#8221; css_animation=&#8221;zoom-in&#8221; animation_delay=&#8221;200&#8243; media_link=&#8221;url:https%3A%2F%2Farchacademy.it%2Fde%2Fmetall-ritten%2F|title:Metall%20Ritten|target:_blank&#8221;][\/vc_column_inner][vc_column_inner width=&#8221;1\/4&#8243;][vc_single_image media=&#8221;62060&#8243; media_width_percent=&#8221;60&#8243; alignment=&#8221;center&#8221; css_animation=&#8221;zoom-in&#8221; animation_delay=&#8221;200&#8243; media_link=&#8221;url:https%3A%2F%2Fwww.karlpichler.it%2F|title:Karl%20Pichler|target:_blank&#8221;][\/vc_column_inner][vc_column_inner width=&#8221;1\/4&#8243;][vc_single_image media=&#8221;68330&#8243; media_width_percent=&#8221;60&#8243; alignment=&#8221;center&#8221; css_animation=&#8221;zoom-in&#8221; animation_delay=&#8221;200&#8243; media_link=&#8221;url:https%3A%2F%2Farchacademy.it%2Fde%2Frothoblass%2F|title:Karl%20Pichler|target:_blank&#8221;][\/vc_column_inner][\/vc_row_inner][\/vc_column][\/vc_row][vc_row unlock_row_content=&#8221;yes&#8221; row_height_percent=&#8221;0&#8243; override_padding=&#8221;yes&#8221; h_padding=&#8221;6&#8243; top_padding=&#8221;3&#8243; bottom_padding=&#8221;3&#8243; back_color=&#8221;color-802315&#8243; overlay_color=&#8221;color-xsdn&#8221; overlay_alpha=&#8221;90&#8243; equal_height=&#8221;yes&#8221; gutter_size=&#8221;3&#8243; column_width_percent=&#8221;100&#8243; shift_y=&#8221;0&#8243; z_index=&#8221;0&#8243;][vc_column column_width_percent=&#8221;100&#8243; align_horizontal=&#8221;align_center&#8221; gutter_size=&#8221;3&#8243; overlay_alpha=&#8221;50&#8243; shift_x=&#8221;0&#8243; shift_y=&#8221;0&#8243; shift_y_down=&#8221;0&#8243; z_index=&#8221;0&#8243; medium_width=&#8221;0&#8243; mobile_width=&#8221;0&#8243; width=&#8221;1\/1&#8243;][vc_custom_heading heading_semantic=&#8221;p&#8221; text_size=&#8221;h1&#8243; text_weight=&#8221;600&#8243; text_transform=&#8221;uppercase&#8221; text_color=&#8221;color-111900&#8243; sub_lead=&#8221;yes&#8221; sub_reduced=&#8221;yes&#8221; css_animation=&#8221;zoom-in&#8221; animation_speed=&#8221;500&#8243; animation_delay=&#8221;200&#8243;]archacademy bietet folgende Formen der Fortbildung an[\/vc_custom_heading][vc_empty_space empty_h=&#8221;2&#8243;][vc_row_inner row_inner_height_percent=&#8221;70&#8243; overlay_alpha=&#8221;50&#8243; equal_height=&#8221;yes&#8221; gutter_size=&#8221;4&#8243; shift_y=&#8221;-2&#8243; z_index=&#8221;0&#8243; css=&#8221;.vc_custom_1630655471825{margin-bottom: 1px !important;}&#8221; limit_content=&#8221;&#8221;][vc_column_inner column_width_percent=&#8221;100&#8243; align_horizontal=&#8221;align_center&#8221; gutter_size=&#8221;3&#8243; override_padding=&#8221;yes&#8221; column_padding=&#8221;0&#8243; expand_height=&#8221;yes&#8221; back_color=&#8221;color-xsdn&#8221; overlay_alpha=&#8221;50&#8243; shift_x=&#8221;0&#8243; shift_y=&#8221;0&#8243; shift_y_down=&#8221;0&#8243; z_index=&#8221;0&#8243; medium_width=&#8221;0&#8243; mobile_width=&#8221;0&#8243; css_animation=&#8221;zoom-in&#8221; animation_delay=&#8221;300&#8243; radius=&#8221;xl&#8221; width=&#8221;1\/3&#8243; el_class=&#8221;pulsantibottom&#8221;][vc_empty_space empty_h=&#8221;2&#8243;][vc_icon icon=&#8221;fa fa-map-marker&#8221; size=&#8221;fa-3x&#8221;][\/vc_icon][vc_column_text css_animation=&#8221;left-t-right&#8221; animation_delay=&#8221;300&#8243; css=&#8221;.vc_custom_1660373430780{padding-right: 30px !important;padding-bottom: 120px !important;padding-left: 30px !important;}&#8221;]<\/p>\n<h4>ON SITE<\/h4>\n<p>Trefft euch pers\u00f6nlich, tauscht Erfahrungen und Ideen mit anderen Technikern aus und vertieft gemeinsam die Vortragsthemen. An fest definierten Uhrzeiten, Tagen und ad\u00e4quaten Orten finden diese Fortbildungen in kleinem Rahmen oder in Form von Kongressen oder Tagungen statt.[\/vc_column_text][vc_button button_color=&#8221;color-111900&#8243; size=&#8221;btn-lg&#8221; radius=&#8221;btn-circle&#8221; outline=&#8221;yes&#8221; border_width=&#8221;0&#8243; css_animation=&#8221;zoom-in&#8221; animation_delay=&#8221;400&#8243; link=&#8221;url:https%3A%2F%2Farchacademy.it%2Fde%2Fprogram-on-site%2F|title:ON%20SITE&#8221;]WEITER[\/vc_button][\/vc_column_inner][vc_column_inner column_width_percent=&#8221;100&#8243; align_horizontal=&#8221;align_center&#8221; gutter_size=&#8221;3&#8243; override_padding=&#8221;yes&#8221; column_padding=&#8221;0&#8243; back_color=&#8221;color-xsdn&#8221; overlay_alpha=&#8221;50&#8243; shift_x=&#8221;0&#8243; shift_y=&#8221;0&#8243; shift_y_down=&#8221;0&#8243; z_index=&#8221;0&#8243; medium_width=&#8221;0&#8243; mobile_width=&#8221;0&#8243; css_animation=&#8221;zoom-in&#8221; animation_delay=&#8221;300&#8243; radius=&#8221;xl&#8221; width=&#8221;1\/3&#8243; el_class=&#8221;pulsantibottom&#8221;][vc_empty_space empty_h=&#8221;2&#8243;][vc_icon icon=&#8221;fa fa-microphone&#8221; size=&#8221;fa-3x&#8221;][\/vc_icon][vc_column_text css_animation=&#8221;zoom-in&#8221; animation_delay=&#8221;300&#8243; css=&#8221;.vc_custom_1660373451307{padding-right: 30px !important;padding-bottom: 120px !important;padding-left: 30px !important;}&#8221;]<\/p>\n<h4>WEBINAR<\/h4>\n<p>Ihr k\u00f6nnt diese Online Fortbildungen bequem von zuhause oder vom Arbeitsplatz aus verfolgen. Die Webinare finden an genau definierten Uhrzeiten und Tagen statt, geben euch jedoch die Freiheit, ortsunabh\u00e4ngig teilzunehmen.[\/vc_column_text][vc_button button_color=&#8221;color-111900&#8243; size=&#8221;btn-lg&#8221; radius=&#8221;btn-circle&#8221; outline=&#8221;yes&#8221; border_width=&#8221;0&#8243; css_animation=&#8221;zoom-in&#8221; animation_delay=&#8221;400&#8243; link=&#8221;url:https%3A%2F%2Farchacademy.it%2Fde%2Fprogram-webinar%2F|title:WEBINAR&#8221;]WEITER[\/vc_button][\/vc_column_inner][vc_column_inner column_width_percent=&#8221;100&#8243; align_horizontal=&#8221;align_center&#8221; gutter_size=&#8221;3&#8243; override_padding=&#8221;yes&#8221; column_padding=&#8221;0&#8243; back_color=&#8221;color-xsdn&#8221; overlay_alpha=&#8221;50&#8243; shift_x=&#8221;0&#8243; shift_y=&#8221;0&#8243; shift_y_down=&#8221;0&#8243; z_index=&#8221;0&#8243; medium_width=&#8221;0&#8243; mobile_width=&#8221;0&#8243; css_animation=&#8221;zoom-in&#8221; animation_delay=&#8221;300&#8243; radius=&#8221;xl&#8221; width=&#8221;1\/3&#8243; el_class=&#8221;pulsantibottom&#8221;][vc_empty_space empty_h=&#8221;2&#8243;][vc_icon icon=&#8221;fa fa-play-circle-o&#8221; size=&#8221;fa-3x&#8221;][\/vc_icon][vc_column_text css_animation=&#8221;right-t-left&#8221; animation_delay=&#8221;300&#8243; css=&#8221;.vc_custom_1660373463029{padding-right: 30px !important;padding-bottom: 120px !important;padding-left: 30px !important;}&#8221;]<\/p>\n<h4>E-LEARNING<\/h4>\n<p>Unsere E-Learning Fortbildung versteht sich als Erweiterung unserer Webinar Angebote. Hier k\u00f6nnt ihr nicht nur ortsunabh\u00e4ngig teilnehmen, sondern zudem selbst entscheiden, wann und in welchen Zeitabst\u00e4nden ihr die Fortbildung absolviert.[\/vc_column_text][vc_button button_color=&#8221;color-111900&#8243; size=&#8221;btn-lg&#8221; radius=&#8221;btn-circle&#8221; outline=&#8221;yes&#8221; border_width=&#8221;0&#8243; css_animation=&#8221;zoom-in&#8221; animation_delay=&#8221;400&#8243; link=&#8221;url:https%3A%2F%2Farchacademy.it%2Fde%2Fprogram-e-learning%2F|title:E%3ALEARNING&#8221;]WEITER[\/vc_button][\/vc_column_inner][\/vc_row_inner][\/vc_column][\/vc_row][vc_row unlock_row_content=&#8221;yes&#8221; row_height_percent=&#8221;0&#8243; override_padding=&#8221;yes&#8221; h_padding=&#8221;0&#8243; top_padding=&#8221;0&#8243; bottom_padding=&#8221;0&#8243; overlay_alpha=&#8221;50&#8243; equal_height=&#8221;yes&#8221; gutter_size=&#8221;0&#8243; column_width_percent=&#8221;100&#8243; shift_y=&#8221;0&#8243; z_index=&#8221;0&#8243;][vc_column column_width_percent=&#8221;100&#8243; gutter_size=&#8221;3&#8243; overlay_alpha=&#8221;50&#8243; shift_x=&#8221;0&#8243; shift_y=&#8221;0&#8243; shift_y_down=&#8221;0&#8243; z_index=&#8221;0&#8243; medium_width=&#8221;0&#8243; mobile_width=&#8221;0&#8243; width=&#8221;1\/2&#8243;][vc_gallery el_id=&#8221;gallery-706317&#8243; type=&#8221;carousel&#8221; medias=&#8221;54426,54428,54430,54432,54434,54436,54438,54440,54442&#8243; carousel_lg=&#8221;1&#8243; carousel_md=&#8221;1&#8243; carousel_sm=&#8221;1&#8243; thumb_size=&#8221;sixteen-nine&#8221; gutter_size=&#8221;1&#8243; media_items=&#8221;media|nolink|original&#8221; carousel_interval=&#8221;3000&#8243; carousel_navspeed=&#8221;400&#8243; carousel_loop=&#8221;yes&#8221; carousel_nav=&#8221;yes&#8221; carousel_nav_mobile=&#8221;yes&#8221; carousel_nav_skin=&#8221;dark&#8221; stage_padding=&#8221;0&#8243; single_overlay_opacity=&#8221;50&#8243; single_overlay_anim=&#8221;no&#8221; single_text_anim=&#8221;no&#8221; single_image_anim=&#8221;no&#8221; single_h_align=&#8221;center&#8221; single_padding=&#8221;0&#8243; single_text_reduced=&#8221;yes&#8221;][\/vc_column][vc_column column_width_percent=&#8221;100&#8243; position_vertical=&#8221;middle&#8221; align_horizontal=&#8221;align_center&#8221; gutter_size=&#8221;3&#8243; override_padding=&#8221;yes&#8221; column_padding=&#8221;3&#8243; overlay_alpha=&#8221;50&#8243; shift_x=&#8221;0&#8243; shift_y=&#8221;0&#8243; shift_y_down=&#8221;0&#8243; z_index=&#8221;0&#8243; medium_width=&#8221;0&#8243; mobile_width=&#8221;0&#8243; width=&#8221;1\/2&#8243;][vc_column_text]<\/p>\n<h3 style=\"text-align: center;\"><span style=\"color: #333333;\">Unsere Tagungen und Kongresse<\/span><\/h3>\n<p style=\"text-align: center;\">Archacademy organisiert die Fortbildung der Kammern der Architekten, Raumplaner, Landschaftsplaner und Denkmalpfleger der Provinz Bozen. Diese Fortbildungen beinhalten technische Themen und erfolgen \u00fcber kleine Veranstaltung oder in Form von Kongressen und Tagungen.<\/p>\n<p>[\/vc_column_text][\/vc_column][\/vc_row][vc_row unlock_row_content=&#8221;yes&#8221; row_height_percent=&#8221;0&#8243; override_padding=&#8221;yes&#8221; h_padding=&#8221;0&#8243; top_padding=&#8221;0&#8243; bottom_padding=&#8221;0&#8243; overlay_alpha=&#8221;50&#8243; equal_height=&#8221;yes&#8221; gutter_size=&#8221;0&#8243; column_width_percent=&#8221;100&#8243; shift_y=&#8221;0&#8243; z_index=&#8221;0&#8243;][vc_column column_width_percent=&#8221;100&#8243; position_vertical=&#8221;middle&#8221; align_horizontal=&#8221;align_center&#8221; gutter_size=&#8221;3&#8243; override_padding=&#8221;yes&#8221; column_padding=&#8221;3&#8243; overlay_alpha=&#8221;50&#8243; shift_x=&#8221;0&#8243; shift_y=&#8221;0&#8243; shift_y_down=&#8221;0&#8243; z_index=&#8221;0&#8243; medium_width=&#8221;0&#8243; mobile_width=&#8221;0&#8243; width=&#8221;1\/2&#8243;][vc_column_text]<\/p>\n<h3 style=\"text-align: center;\"><span style=\"color: #333333;\">Unsere Partner<\/span><\/h3>\n<p style=\"text-align: center;\">Als Partner treten Sie auf Kongressen und Tagungen der archacademy \u2013 Fortbildung der Kammern der Architekten, Raumplaner, Landschaftsplaner und Denkmalpfleger der Provinz Bozen in direkten Kontakt mit Ihrer Zielgruppe. Nutzen Sie die Aufmerksamkeit eines interessierten Fachpublikums.<\/p>\n<p style=\"text-align: center;\">Der Veranstaltungsort schafft das hochwertige Umfeld und die Veranstaltung die idealen Bedingungen f\u00fcr die Pr\u00e4sentation Ihres Unternehmens, die Intensivierung der Kundenbeziehungen und die Gewinnung neuer Kunden. An unseren Webinaren k\u00f6nnen Sie zudem \u00fcber die neuen Medien Ihr Zielpublikum und Interessierte erreichen.<br \/>\nWir bieten auch die M\u00f6glichkeit mit uns eine Jahrespartnerschaft abzuschlie\u00dfen, mit interessanten Vorteilen f\u00fcr Sie.<\/p>\n<p style=\"text-align: center;\">Kontaktieren Sie uns unter <a href=\"mailto:info@archacademy.it\">info@archacademy.it<\/a><\/p>\n<p>[\/vc_column_text][\/vc_column][vc_column column_width_percent=&#8221;100&#8243; align_horizontal=&#8221;align_center&#8221; gutter_size=&#8221;3&#8243; overlay_alpha=&#8221;50&#8243; shift_x=&#8221;0&#8243; shift_y=&#8221;0&#8243; shift_y_down=&#8221;0&#8243; z_index=&#8221;0&#8243; medium_width=&#8221;0&#8243; mobile_width=&#8221;0&#8243; width=&#8221;1\/2&#8243;][vc_gallery el_id=&#8221;gallery-706319&#8243; type=&#8221;carousel&#8221; random=&#8221;yes&#8221; medias=&#8221;54472,54468,54466,54464,54462,54456,54452,54448,54474,54470&#8243; carousel_lg=&#8221;1&#8243; carousel_md=&#8221;1&#8243; carousel_sm=&#8221;1&#8243; thumb_size=&#8221;sixteen-nine&#8221; gutter_size=&#8221;1&#8243; media_items=&#8221;media|nolink|original&#8221; carousel_v_align=&#8221;middle&#8221; carousel_interval=&#8221;3000&#8243; carousel_navspeed=&#8221;400&#8243; carousel_loop=&#8221;yes&#8221; carousel_nav=&#8221;yes&#8221; carousel_nav_mobile=&#8221;yes&#8221; carousel_nav_skin=&#8221;dark&#8221; stage_padding=&#8221;0&#8243; single_overlay_opacity=&#8221;50&#8243; single_overlay_anim=&#8221;no&#8221; single_text_anim=&#8221;no&#8221; single_image_anim=&#8221;no&#8221; single_h_align=&#8221;center&#8221; single_padding=&#8221;0&#8243; single_text_reduced=&#8221;yes&#8221;][\/vc_column][\/vc_row][vc_row unlock_row_content=&#8221;yes&#8221; row_height_percent=&#8221;0&#8243; override_padding=&#8221;yes&#8221; h_padding=&#8221;0&#8243; top_padding=&#8221;1&#8243; bottom_padding=&#8221;2&#8243; overlay_alpha=&#8221;50&#8243; gutter_size=&#8221;3&#8243; column_width_percent=&#8221;100&#8243; shift_y=&#8221;0&#8243; z_index=&#8221;0&#8243; desktop_visibility=&#8221;yes&#8221;][vc_column width=&#8221;1\/1&#8243;][vc_single_image media=&#8221;50587&#8243; media_width_percent=&#8221;100&#8243;][vc_row_inner limit_content=&#8221;&#8221;][vc_column_inner width=&#8221;1\/1&#8243;][vc_column_text]<\/p>\n<h3 style=\"text-align: center;\"><span style=\"color: #333333;\">Individuelle Fortbildung<\/span><\/h3>\n<p style=\"text-align: center;\">Nach M\u00f6glichkeit wird ein ausgewogenes Verh\u00e4ltnis zwischen den Sprachen Italienisch und Deutsch unserer Veranstaltungen angestrebt. Mit diesem neuen, zus\u00e4tzlichen Instrument m\u00f6chten wir Euch besser in der Gestaltung der individuellen Fortbildung unterst\u00fctzen. Nach der Registrierung als neuer Benutzer, k\u00f6nnt Ihr Euch auch f\u00fcr mehrere Veranstaltungen gleichzeitig anmelden. Zus\u00e4tzlich steht Euch der Chat Bereich auf der Website, welcher f\u00fcr technische Informationen im Zusammenhang mit den Online Veranstaltungen zur Verf\u00fcgung.<\/p>\n<p>[\/vc_column_text][\/vc_column_inner][\/vc_row_inner][\/vc_column][\/vc_row]<\/p>\n","protected":false},"excerpt":{"rendered":"<p>[vc_row unlock_row_content=&#8221;yes&#8221; row_height_percent=&#8221;0&#8243; override_padding=&#8221;yes&#8221; h_padding=&#8221;0&#8243; top_padding=&#8221;0&#8243; bottom_padding=&#8221;0&#8243; overlay_alpha=&#8221;50&#8243; gutter_size=&#8221;3&#8243; column_width_percent=&#8221;100&#8243; shift_y=&#8221;0&#8243; z_index=&#8221;0&#8243;][vc_column width=&#8221;1\/1&#8243;][\/vc_column][\/vc_row][vc_row row_height_percent=&#8221;0&#8243; back_color=&#8221;color-802315&#8243; overlay_color=&#8221;color-xsdn&#8221; overlay_alpha=&#8221;90&#8243; gutter_size=&#8221;3&#8243; column_width_percent=&#8221;100&#8243; shift_y=&#8221;0&#8243; [&hellip;]<\/p>\n","protected":false},"author":91142,"featured_media":0,"parent":0,"menu_order":19,"comment_status":"closed","ping_status":"closed","template":"","meta":{"footnotes":"","_expiration-date-status":"","_expiration-date":0,"_expiration-date-type":"","_expiration-date-categories":[],"_expiration-date-options":[]},"class_list":["post-61901","page","type-page","status-publish","hentry"],"_links":{"self":[{"href":"https:\/\/archacademy.it\/de\/wp-json\/wp\/v2\/pages\/61901"}],"collection":[{"href":"https:\/\/archacademy.it\/de\/wp-json\/wp\/v2\/pages"}],"about":[{"href":"https:\/\/archacademy.it\/de\/wp-json\/wp\/v2\/types\/page"}],"author":[{"embeddable":true,"href":"https:\/\/archacademy.it\/de\/wp-json\/wp\/v2\/users\/91142"}],"replies":[{"embeddable":true,"href":"https:\/\/archacademy.it\/de\/wp-json\/wp\/v2\/comments?post=61901"}],"version-history":[{"count":14,"href":"https:\/\/archacademy.it\/de\/wp-json\/wp\/v2\/pages\/61901\/revisions"}],"predecessor-version":[{"id":92819,"href":"https:\/\/archacademy.it\/de\/wp-json\/wp\/v2\/pages\/61901\/revisions\/92819"}],"wp:attachment":[{"href":"https:\/\/archacademy.it\/de\/wp-json\/wp\/v2\/media?parent=61901"}],"curies":[{"name":"wp","href":"https:\/\/api.w.org\/{rel}","templated":true}]}}