{"id":54532,"date":"2021-01-27T10:54:24","date_gmt":"2021-01-27T09:54:24","guid":{"rendered":"https:\/\/archacademy.it\/?page_id=54532"},"modified":"2021-01-29T16:56:54","modified_gmt":"2021-01-29T15:56:54","slug":"infos-referenten","status":"publish","type":"page","link":"https:\/\/archacademy.it\/de\/infos-referenten\/","title":{"rendered":"Infos Referenten"},"content":{"rendered":"<p>[vc_row][vc_column width=&#8221;1\/1&#8243;][vc_custom_heading subheading=&#8221;Sehr geehrte Frau Referentin, sehr geehrter Herr Referent,<\/p>\n<p>es freut uns, dass wir sie f\u00fcr eine unserer Veranstaltungen als Referentin bzw. Referenten zur Ver\u00fcgung stehen.&#8221;]Informationen f\u00fcr Referenten[\/vc_custom_heading][vc_column_text]Auf dieser Seite stellen wir ihnen einige\u00a0<strong>Vorlagen f\u00fcr ihre Referentent\u00e4tigkeit<\/strong>\u00a0zur Verf\u00fcgung:<\/p>\n<p>Falls sie ihren Vortrag neu erstellen m\u00fcssen, stellen wir ihnen gerne eine Vorlage f\u00fcr eine\u00a0<strong>Powerpoint Pr\u00e4sentation<\/strong>\u00a0zur Verf\u00fcgung.<br \/>\nWir bitten sie, uns ihren Vortrag entweder als Powerpoint Pr\u00e4sentation oder als PDF mindestens vier Tage vor der Veranstaltung zukommen zu lassen. F\u00fcr den Download bitte auf das Symbol klicken.[\/vc_column_text][vc_button button_color=&#8221;color-802315&#8243; radius=&#8221;btn-circle&#8221; border_animation=&#8221;btn-ripple-out&#8221; border_width=&#8221;0&#8243; icon_position=&#8221;right&#8221; link=&#8221;url:https%3A%2F%2Farchacademy.it%2Fwp-content%2Fuploads%2F2018%2F01%2F20140000_titel_referent.ppt|target:%20_blank|&#8221; icon=&#8221;fa fa-download&#8221;]Vorlage Pr\u00e4sentation (PPT)[\/vc_button][vc_column_text]Damit wir sie im Rahmen der Veranstaltung entsprechend vorstellen k\u00f6nnen, ersuchen wir sie, uns einige <strong>Informationen zu ihrer Person<\/strong> zukommen zu lassen. Aus diesem Grund bitten wir sie das folgende Formular auszuf\u00fcllen und uns einige Tage vor der Veranstaltung zukommen zu lassen. F\u00fcr den Download bitte auf das Symbol klicken.[\/vc_column_text][vc_button button_color=&#8221;color-802315&#8243; radius=&#8221;btn-circle&#8221; border_width=&#8221;0&#8243; icon_position=&#8221;right&#8221; link=&#8221;url:https%3A%2F%2Farchacademy.it%2Fwp-content%2Fuploads%2F2018%2F01%2F20140000_profil_nomereferente.doc|target:%20_blank|&#8221; icon=&#8221;fa fa-download&#8221;]Vorlage Lebenslauf[\/vc_button][vc_column_text]Vielen Dank f\u00fcr ihre Mitarbeit,<br \/>\nwir freuen uns auf ihren Vortrag.[\/vc_column_text][\/vc_column][\/vc_row]<\/p>\n","protected":false},"excerpt":{"rendered":"<p>[vc_row][vc_column width=&#8221;1\/1&#8243;][vc_custom_heading subheading=&#8221;Sehr geehrte Frau Referentin, sehr geehrter Herr Referent, es freut uns, dass wir sie f\u00fcr eine unserer Veranstaltungen [&hellip;]<\/p>\n","protected":false},"author":94,"featured_media":0,"parent":0,"menu_order":0,"comment_status":"closed","ping_status":"closed","template":"","meta":{"footnotes":"","_expiration-date-status":"","_expiration-date":0,"_expiration-date-type":"","_expiration-date-categories":[],"_expiration-date-options":[]},"class_list":["post-54532","page","type-page","status-publish","hentry"],"_links":{"self":[{"href":"https:\/\/archacademy.it\/de\/wp-json\/wp\/v2\/pages\/54532"}],"collection":[{"href":"https:\/\/archacademy.it\/de\/wp-json\/wp\/v2\/pages"}],"about":[{"href":"https:\/\/archacademy.it\/de\/wp-json\/wp\/v2\/types\/page"}],"author":[{"embeddable":true,"href":"https:\/\/archacademy.it\/de\/wp-json\/wp\/v2\/users\/94"}],"replies":[{"embeddable":true,"href":"https:\/\/archacademy.it\/de\/wp-json\/wp\/v2\/comments?post=54532"}],"version-history":[{"count":0,"href":"https:\/\/archacademy.it\/de\/wp-json\/wp\/v2\/pages\/54532\/revisions"}],"wp:attachment":[{"href":"https:\/\/archacademy.it\/de\/wp-json\/wp\/v2\/media?parent=54532"}],"curies":[{"name":"wp","href":"https:\/\/api.w.org\/{rel}","templated":true}]}}