{"id":54336,"date":"2021-01-25T11:37:27","date_gmt":"2021-01-25T10:37:27","guid":{"rendered":"https:\/\/archacademy.it\/cookie-policy\/"},"modified":"2022-08-12T16:02:55","modified_gmt":"2022-08-12T14:02:55","slug":"cookie-policy","status":"publish","type":"page","link":"https:\/\/archacademy.it\/de\/cookie-policy\/","title":{"rendered":"Cookie Policy"},"content":{"rendered":"<p>[vc_row row_height_percent=&#8221;0&#8243; override_padding=&#8221;yes&#8221; h_padding=&#8221;5&#8243; top_padding=&#8221;0&#8243; bottom_padding=&#8221;0&#8243; overlay_alpha=&#8221;50&#8243; equal_height=&#8221;yes&#8221; gutter_size=&#8221;0&#8243; column_width_percent=&#8221;100&#8243; shift_y=&#8221;0&#8243; z_index=&#8221;0&#8243;][vc_column column_width_percent=&#8221;100&#8243; gutter_size=&#8221;3&#8243; override_padding=&#8221;yes&#8221; column_padding=&#8221;3&#8243; back_color=&#8221;color-879258&#8243; overlay_alpha=&#8221;50&#8243; shift_x=&#8221;0&#8243; shift_y=&#8221;0&#8243; shift_y_down=&#8221;0&#8243; z_index=&#8221;0&#8243; medium_width=&#8221;0&#8243; mobile_width=&#8221;0&#8243; width=&#8221;1\/1&#8243;][vc_custom_heading heading_semantic=&#8221;h3&#8243; text_size=&#8221;&#8221; text_color=&#8221;color-111900&#8243; separator=&#8221;yes&#8221; separator_color=&#8221;yes&#8221;]Cookie Policy[\/vc_custom_heading][vc_column_text]Dieser Abschnitt enth\u00e4lt Informationen dar\u00fcber, wie die Website Cookies verwaltet. <strong>archacademy.it<\/strong> in Bezug auf die Verarbeitung der Daten ihrer Benutzer.<\/p>\n<p>Der Eigent\u00fcmer der Daten ist der Eigent\u00fcmer der Website, d. h. \u00a0<strong>archacademy<\/strong>, Sparkassenstra\u00dfe 15 I &#8211; 39100 Bozen \u2013 S\u00fcdtirol |\u00a0 P. IVA e Cod.Fisc.: 02826050219 | Tel: +39 334 675 0091 | Email: <a href=\"mailto:info@archacademy.it\">info@archacademy.it<\/a> | PEC: <a href=\"mailto:arch.academy@pec.it\">arch.academy@pec.it<\/a>[\/vc_column_text][vc_separator sep_color=&#8221;accent&#8221; icon=&#8221;fa fa-divide&#8221;][vc_column_text]<strong>1) Was sind Cookies?<\/strong><\/p>\n<p style=\"text-align: justify;\">Cookies sind Informationen, die vom Browser gespeichert werden, wenn eine Website mit einem geeigneten Ger\u00e4t (z. B. einem PC, Tablet oder Smartphone) besucht wird. Jedes Cookie enth\u00e4lt unterschiedliche Daten (z. B. den Namen des Servers, von dem es stammt, eine numerische Kennung usw.). Es kann f\u00fcr die Dauer einer Sitzung (bis zum Schlie\u00dfen des Browsers) oder f\u00fcr l\u00e4ngere Zeit im System verbleiben und einen eindeutiger Identifikationscode enthalten.<\/p>\n<p style=\"text-align: justify;\"><strong>2) Wof\u00fcr werden Cookies verwendet<\/strong><\/p>\n<p style=\"text-align: justify;\">Cookies werden je nach Art f\u00fcr unterschiedliche Zwecke verwendet. Einige sind f\u00fcr die korrekte Funktionalit\u00e4t einer Website unbedingt erforderlich (technische Cookies), w\u00e4hrend andere die Leistung optimieren, um eine bessere Benutzererfahrung zu bieten oder Statistiken \u00fcber die Website zu sammeln (z. B. analytische Cookies) oder zum Anzeigen von personalisierter Werbung (z. B. Profiling-Cookies).<\/p>\n<p style=\"text-align: justify;\"><strong>3) Welche Arten von Cookies verwenden wir?<\/strong><\/p>\n<p style=\"text-align: justify;\">Erstanbieter-Cookies: Nur technische Cookies werden f\u00fcr das ordnungsgem\u00e4\u00dfe Funktionieren und Anzeigen der Website sowie zum Speichern der Zustimmung des Benutzers zur Verwendung von Cookies verwendet (Dauer: 1 Monat).<\/p>\n<p style=\"text-align: justify;\">Jede eventuelle Zustimmung des Benutzers wird vom Eigent\u00fcmer durch ein technisches Cookie mit einer Dauer von 6 (sechs) Monaten gespeichert.<\/p>\n<p style=\"text-align: justify;\"><strong>4) Wie verarbeiten wir Cookie-Daten?<\/strong><\/p>\n<p style=\"text-align: justify;\">Der Benutzer wird sowohl durch die Kurzinformationen (Banner wird angezeigt, bis die Zustimmung erteilt oder verweigert wird, Abschnitt &#8220;<strong>Wie kann ich Cookies deaktivieren?<\/strong>&#8220;), als auch durch diese erweiterten Informationen informiert. Dar\u00fcber hinaus werden Links zu Datenschutzrichtlinien Dritter angezeigt, auch um diese zu deaktivieren (sofern diese direkt \u00fcber sie verf\u00fcgbar sind).<\/p>\n<p style=\"text-align: justify;\">Weitere Informationen dar\u00fcber, wie der Datenverantwortliche personenbezogene Daten verarbeitet, einschlie\u00dflich erworbener Cookies, finden Sie in den entsprechenden <a href=\"https:\/\/archacademy.it\/de\/datenschutzbestimmungen-allgemeine-geschaeftsbedingungen\/\" target=\"_blank\" rel=\"noopener\">Datenschutzbestimmungen<\/a>.<\/p>\n<p style=\"text-align: justify;\"><strong>5) Wie kann ich Cookies deaktivieren?<\/strong><\/p>\n<p style=\"text-align: justify;\">Steuerung \u00fcber den Browser: h\u00e4ufig verwendete Browser (z. B. Internet Explorer, Firefox, Chrome, Safari) akzeptieren standardm\u00e4\u00dfig Cookies. Diese Einstellung kann jedoch vom Benutzer jederzeit ge\u00e4ndert werden. Dies gilt sowohl f\u00fcr PCs als auch f\u00fcr mobile Ger\u00e4te wie Tablets und Smartphones. Diese Funktion wird allgemein und umfassend unterst\u00fctzt.<\/p>\n<p style=\"text-align: justify;\">Daher k\u00f6nnen Cookies leicht aktiviert oder deaktiviert werden, indem auf die Optionen oder Einstellungen des verwendeten Browsers zugegriffen wird. Im Allgemeinen k\u00f6nnen nur Cookies von Drittanbietern blockiert werden. Im Allgemeinen wirken sich diese Optionen nur auf diesen Browser und auf diesem Ger\u00e4t aus, es sei denn, Optionen sind aktiv, um die Einstellungen auf verschiedenen Ger\u00e4ten zu vereinheitlichen. Spezifische Anweisungen finden Sie auf der Options- oder Hilfeseite des Browsers. Das Deaktivieren von technischen Cookies kann jedoch die vollst\u00e4ndige und \/ oder korrekte Funktion verschiedener Websites, einschlie\u00dflich dieser Website, beeintr\u00e4chtigen.<\/p>\n<p style=\"text-align: justify;\">In der Regel die heute verwendeten Browser:<\/p>\n<ul style=\"text-align: justify;\">\n<li>bieten Sie die Option &#8220;Nicht verfolgen&#8221; an, die von einigen Webseiten (aber nicht allen) unterst\u00fctzt wird. Auf diese Weise erfassen einige Webseiten m\u00f6glicherweise bestimmte Navigationsdaten nicht mehr.<\/li>\n<li>bieten die M\u00f6glichkeit des anonymen oder inkognito Browsings. Auf diese Weise werden keine Daten im Browser gesammelt und der Browserverlauf wird nicht gespeichert, aber die Browserdaten werden weiterhin vom Betreiber der besuchten Website erfasst.<\/li>\n<li>erlauben das ganze oder teilweise l\u00f6schen von Cookies. Wenn Sie jedoch eine Website erneut besuchen, werden sie normalerweise dort installiert, wo diese M\u00f6glichkeit nicht blockiert ist.<\/li>\n<\/ul>\n<p style=\"text-align: justify;\">Unten f\u00fchren wir die Links zu den Support-Seiten der beliebtesten Browser auf. Dort finden Sie die Anweisungen zum Verwalten von Cookies:<\/p>\n<ul style=\"text-align: justify;\">\n<li><a href=\"https:\/\/support.mozilla.org\/de\/kb\/Cookies-blockieren#:~:text=w%C3%A4hlen%20Sie%20Einstellungen.-,Klicken%20Sie%20auf%20den%20Abschnitt%20Datenschutz%20%26%20Sicherheit%20und%20gehen%20Sie,funktionieren%20dann%20eventuell%20nicht%20mehr).\" target=\"_blank\" rel=\"noopener\">Firefox Mozilla<\/a><\/li>\n<li><a href=\"https:\/\/support.microsoft.com\/de-de\/topic\/l%C3%B6schen-und-verwalten-von-cookies-168dab11-0753-043d-7c16-ede5947fc64d#ie=ie-11\" target=\"_blank\" rel=\"noopener\">Internet Explorer<\/a><\/li>\n<li><a href=\"https:\/\/support.apple.com\/de-de\/HT201265\" target=\"_blank\" rel=\"noopener\">Safari und iOS<\/a><\/li>\n<li><a href=\"https:\/\/support.google.com\/chrome\/answer\/95647?hl=de\" target=\"_blank\" rel=\"noopener\">Google Chrome Desktop<\/a><\/li>\n<li><a href=\"https:\/\/support.google.com\/chrome\/answer\/114662?hl=de&amp;visit_id=637497620208625237-2441384392&amp;rd=1\" target=\"_blank\" rel=\"noopener\">Chrome Android und iOS<\/a><\/li>\n<\/ul>\n<p style=\"text-align: justify;\"><strong>Online-Tools:<\/strong> Wir weisen auf einen v\u00f6llig kostenlosen Service auf der Website <a href=\"http:\/\/www.youronlinechoices.com\">http:\/\/www.youronlinechoices.com<\/a>\/ hin, mit dem Sie nicht nur weitere Informationen zu Cookies erhalten, sondern auch die Installation zahlreicher Cookies in Ihrem Browser \u00fcberpr\u00fcfen k\u00f6nnen.<\/p>\n<p>[\/vc_column_text][\/vc_column][\/vc_row][vc_row unlock_row_content=&#8221;yes&#8221; row_height_percent=&#8221;0&#8243; override_padding=&#8221;yes&#8221; h_padding=&#8221;0&#8243; top_padding=&#8221;0&#8243; bottom_padding=&#8221;0&#8243; overlay_alpha=&#8221;100&#8243; gutter_size=&#8221;0&#8243; style=&#8221;inherited&#8221;][\/vc_row][vc_row unlock_row_content=&#8221;yes&#8221; row_height_percent=&#8221;0&#8243; override_padding=&#8221;yes&#8221; h_padding=&#8221;0&#8243; top_padding=&#8221;0&#8243; bottom_padding=&#8221;0&#8243; overlay_alpha=&#8221;50&#8243; equal_height=&#8221;yes&#8221; gutter_size=&#8221;0&#8243; shift_y=&#8221;0&#8243;][\/vc_row]<\/p>\n","protected":false},"excerpt":{"rendered":"<p>[vc_row row_height_percent=&#8221;0&#8243; override_padding=&#8221;yes&#8221; h_padding=&#8221;5&#8243; top_padding=&#8221;0&#8243; bottom_padding=&#8221;0&#8243; overlay_alpha=&#8221;50&#8243; equal_height=&#8221;yes&#8221; gutter_size=&#8221;0&#8243; column_width_percent=&#8221;100&#8243; shift_y=&#8221;0&#8243; z_index=&#8221;0&#8243;][vc_column column_width_percent=&#8221;100&#8243; gutter_size=&#8221;3&#8243; override_padding=&#8221;yes&#8221; column_padding=&#8221;3&#8243; back_color=&#8221;color-879258&#8243; overlay_alpha=&#8221;50&#8243; shift_x=&#8221;0&#8243; shift_y=&#8221;0&#8243; [&hellip;]<\/p>\n","protected":false},"author":91142,"featured_media":0,"parent":0,"menu_order":0,"comment_status":"closed","ping_status":"closed","template":"","meta":{"footnotes":"","_expiration-date-status":"","_expiration-date":0,"_expiration-date-type":"","_expiration-date-categories":[],"_expiration-date-options":[]},"class_list":["post-54336","page","type-page","status-publish","hentry"],"_links":{"self":[{"href":"https:\/\/archacademy.it\/de\/wp-json\/wp\/v2\/pages\/54336"}],"collection":[{"href":"https:\/\/archacademy.it\/de\/wp-json\/wp\/v2\/pages"}],"about":[{"href":"https:\/\/archacademy.it\/de\/wp-json\/wp\/v2\/types\/page"}],"author":[{"embeddable":true,"href":"https:\/\/archacademy.it\/de\/wp-json\/wp\/v2\/users\/91142"}],"replies":[{"embeddable":true,"href":"https:\/\/archacademy.it\/de\/wp-json\/wp\/v2\/comments?post=54336"}],"version-history":[{"count":1,"href":"https:\/\/archacademy.it\/de\/wp-json\/wp\/v2\/pages\/54336\/revisions"}],"predecessor-version":[{"id":67204,"href":"https:\/\/archacademy.it\/de\/wp-json\/wp\/v2\/pages\/54336\/revisions\/67204"}],"wp:attachment":[{"href":"https:\/\/archacademy.it\/de\/wp-json\/wp\/v2\/media?parent=54336"}],"curies":[{"name":"wp","href":"https:\/\/api.w.org\/{rel}","templated":true}]}}